{"id":9980,"date":"2021-11-12T16:14:53","date_gmt":"2021-11-12T13:14:53","guid":{"rendered":"http:\/\/paycore.com\/?page_id=9980"},"modified":"2023-01-05T15:20:47","modified_gmt":"2023-01-05T12:20:47","slug":"akreditasyon-sertifikalar","status":"publish","type":"page","link":"https:\/\/paycore.com\/tr\/akreditasyon-sertifikalar\/","title":{"rendered":"Akreditasyon &#038; Sertifikalar"},"content":{"rendered":"<p>[vc_row equal_height=&#8221;yes&#8221; content_placement=&#8221;middle&#8221; kd_background_image_position=&#8221;vc_row-bg-position-top&#8221; css=&#8221;.vc_custom_1660134745449{margin-top: 30px !important;}&#8221;][vc_column width=&#8221;1\/2&#8243; el_class=&#8221;kutu&#8221; offset=&#8221;vc_hidden-sm vc_col-xs-12 vc_hidden-xs&#8221;][vc_row_inner equal_height=&#8221;yes&#8221; content_placement=&#8221;middle&#8221; kd_background_image_position=&#8221;vc_row-bg-position-top&#8221;][vc_column_inner width=&#8221;1\/4&#8243; offset=&#8221;vc_col-xs-12&#8243;][vc_single_image image=&#8221;14292&#8243; img_size=&#8221;full&#8221; alignment=&#8221;center&#8221;][\/vc_column_inner][vc_column_inner width=&#8221;3\/4&#8243; offset=&#8221;vc_hidden-sm vc_col-xs-12&#8243; css=&#8221;.vc_custom_1660134623900{margin-top: -10px !important;}&#8221; css_mobile=&#8221;.vc_custom_1660134623902{margin-top: -30px !important;}&#8221;][vc_column_text css=&#8221;.vc_custom_1672920135659{margin-top: 10px !important;padding-top: 10px !important;}&#8221;]<\/p>\n<h4>6493 Say\u0131l\u0131 Kanun Kapsam\u0131nda PayCore Takas Sisteminin \u0130\u015fletimi ve \u0130zin Verilen Di\u011fer Faaliyetler<\/h4>\n<p>[\/vc_column_text][\/vc_column_inner][\/vc_row_inner][\/vc_column][vc_column width=&#8221;1\/2&#8243; el_class=&#8221;kutu&#8221; offset=&#8221;vc_hidden-sm vc_hidden-xs&#8221;][vc_row_inner kd_background_image_position=&#8221;vc_row-bg-position-top&#8221;][vc_column_inner width=&#8221;1\/4&#8243;][vc_single_image image=&#8221;10002&#8243; img_size=&#8221;full&#8221; alignment=&#8221;center&#8221;][\/vc_column_inner][vc_column_inner width=&#8221;3\/4&#8243;][vc_column_text css=&#8221;.vc_custom_1672921244825{margin-top: 30px !important;padding-top: 8px !important;}&#8221;]<\/p>\n<h4>Bankalararas\u0131 Kart Merkezi<\/h4>\n<p>[\/vc_column_text][\/vc_column_inner][\/vc_row_inner][\/vc_column][\/vc_row][vc_row equal_height=&#8221;yes&#8221; kd_background_image_position=&#8221;vc_row-bg-position-top&#8221; css=&#8221;.vc_custom_1660133914199{margin-top: 30px !important;}&#8221;][vc_column width=&#8221;1\/2&#8243; el_class=&#8221;kutu&#8221; offset=&#8221;vc_hidden-sm vc_hidden-xs&#8221;][vc_row_inner kd_background_image_position=&#8221;vc_row-bg-position-top&#8221;][vc_column_inner width=&#8221;1\/4&#8243;][vc_single_image image=&#8221;10030&#8243; img_size=&#8221;full&#8221; alignment=&#8221;center&#8221;][\/vc_column_inner][vc_column_inner width=&#8221;3\/4&#8243;][vc_column_text css=&#8221;.vc_custom_1649751689979{margin-top: 30px !important;padding-top: 10px !important;}&#8221;]<\/p>\n<h4>\u00d6KC G\u0130B<\/h4>\n<p>[\/vc_column_text][\/vc_column_inner][\/vc_row_inner][\/vc_column][vc_column width=&#8221;1\/2&#8243; el_class=&#8221;kutu&#8221; offset=&#8221;vc_hidden-sm vc_hidden-xs&#8221;][vc_row_inner kd_background_image_position=&#8221;vc_row-bg-position-top&#8221;][vc_column_inner width=&#8221;1\/4&#8243;][vc_single_image image=&#8221;10028&#8243; img_size=&#8221;full&#8221;][\/vc_column_inner][vc_column_inner width=&#8221;3\/4&#8243;][vc_column_text css=&#8221;.vc_custom_1644583216625{margin-top: 30px !important;padding-top: 10px !important;}&#8221;]<\/p>\n<h4>\u00d6KC TSM<\/h4>\n<p>[\/vc_column_text][\/vc_column_inner][\/vc_row_inner][\/vc_column][\/vc_row][vc_row equal_height=&#8221;yes&#8221; kd_background_image_position=&#8221;vc_row-bg-position-top&#8221; css=&#8221;.vc_custom_1660133920690{margin-top: 30px !important;}&#8221;][vc_column width=&#8221;1\/2&#8243; el_class=&#8221;kutu&#8221; offset=&#8221;vc_hidden-sm vc_hidden-xs&#8221;][vc_row_inner kd_background_image_position=&#8221;vc_row-bg-position-top&#8221;][vc_column_inner width=&#8221;1\/4&#8243;][vc_single_image image=&#8221;10042&#8243; img_size=&#8221;full&#8221;][\/vc_column_inner][vc_column_inner width=&#8221;3\/4&#8243;][vc_column_text css=&#8221;.vc_custom_1644583187774{margin-top: 10px !important;padding-top: 10px !important;}&#8221;]<\/p>\n<h4>Member Service Provider Global Vendor<br \/>\nCertification Program (GVCP)<\/h4>\n<p>[\/vc_column_text][\/vc_column_inner][\/vc_row_inner][\/vc_column][vc_column width=&#8221;1\/2&#8243; el_class=&#8221;kutu&#8221; offset=&#8221;vc_hidden-sm vc_hidden-xs&#8221;][vc_row_inner kd_background_image_position=&#8221;vc_row-bg-position-top&#8221;][vc_column_inner width=&#8221;1\/4&#8243;][vc_single_image image=&#8221;10046&#8243; img_size=&#8221;full&#8221; alignment=&#8221;center&#8221;][\/vc_column_inner][vc_column_inner width=&#8221;3\/4&#8243;][vc_column_text css=&#8221;.vc_custom_1644583049942{margin-top: 10px !important;margin-bottom: 10px !important;padding-top: -5px !important;}&#8221;]<\/p>\n<h4>Member Agent PCI Card Production &amp; Provisioning, &amp; VISA Cloud Based Payment System<\/h4>\n<p>[\/vc_column_text][\/vc_column_inner][\/vc_row_inner][\/vc_column][\/vc_row][vc_row equal_height=&#8221;yes&#8221; kd_background_image_position=&#8221;vc_row-bg-position-top&#8221; css=&#8221;.vc_custom_1660133928063{margin-top: 30px !important;}&#8221;][vc_column width=&#8221;1\/2&#8243; el_class=&#8221;kutu&#8221; offset=&#8221;vc_hidden-sm vc_hidden-xs&#8221;][vc_row_inner kd_background_image_position=&#8221;vc_row-bg-position-top&#8221;][vc_column_inner width=&#8221;1\/4&#8243;][vc_single_image image=&#8221;10021&#8243; img_size=&#8221;full&#8221;][\/vc_column_inner][vc_column_inner width=&#8221;3\/4&#8243;][vc_column_text css=&#8221;.vc_custom_1644583242106{margin-top: 30px !important;padding-top: 10px !important;}&#8221;]<\/p>\n<h4>PCI DSS &#8211; PIN G\u00fcvenlik<\/h4>\n<p>[\/vc_column_text][\/vc_column_inner][\/vc_row_inner][\/vc_column][vc_column width=&#8221;1\/2&#8243; el_class=&#8221;kutu&#8221; offset=&#8221;vc_hidden-sm vc_hidden-xs&#8221;][vc_row_inner kd_background_image_position=&#8221;vc_row-bg-position-top&#8221;][vc_column_inner width=&#8221;1\/4&#8243;][vc_single_image image=&#8221;10026&#8243; img_size=&#8221;full&#8221; alignment=&#8221;center&#8221;][\/vc_column_inner][vc_column_inner width=&#8221;3\/4&#8243;][vc_column_text css=&#8221;.vc_custom_1646743171980{margin-top: 30px !important;padding-top: 5px !important;}&#8221;]<\/p>\n<h4>ISAE 3402<\/h4>\n<p>[\/vc_column_text][\/vc_column_inner][\/vc_row_inner][\/vc_column][\/vc_row][vc_row equal_height=&#8221;yes&#8221; kd_background_image_position=&#8221;vc_row-bg-position-top&#8221; css=&#8221;.vc_custom_1660133934751{margin-top: 30px !important;}&#8221;][vc_column width=&#8221;1\/2&#8243; el_class=&#8221;kutu&#8221; offset=&#8221;vc_hidden-sm vc_hidden-xs&#8221;][vc_row_inner kd_background_image_position=&#8221;vc_row-bg-position-top&#8221;][vc_column_inner width=&#8221;1\/4&#8243;][vc_single_image image=&#8221;10024&#8243; img_size=&#8221;full&#8221;][\/vc_column_inner][vc_column_inner width=&#8221;3\/4&#8243;][vc_column_text css=&#8221;.vc_custom_1644583229964{margin-top: 30px !important;padding-top: 10px !important;}&#8221;]<\/p>\n<h4>KVKK<\/h4>\n<p>[\/vc_column_text][\/vc_column_inner][\/vc_row_inner][\/vc_column][vc_column width=&#8221;1\/2&#8243; el_class=&#8221;kutu&#8221; offset=&#8221;vc_hidden-sm vc_hidden-xs&#8221;][vc_row_inner kd_background_image_position=&#8221;vc_row-bg-position-top&#8221;][vc_column_inner width=&#8221;1\/4&#8243;][vc_single_image image=&#8221;10033&#8243; img_size=&#8221;full&#8221;][\/vc_column_inner][vc_column_inner width=&#8221;3\/4&#8243;][vc_column_text css=&#8221;.vc_custom_1647863190164{margin-top: 10px !important;padding-top: 10px !important;}&#8221;]<\/p>\n<h4>ISO9001, ISO14001, ISO22301, ISO27001, ISO20000, ISO27701<\/h4>\n<p>[\/vc_column_text][\/vc_column_inner][\/vc_row_inner][\/vc_column][\/vc_row][vc_row equal_height=&#8221;yes&#8221; kd_background_image_position=&#8221;vc_row-bg-position-top&#8221; css=&#8221;.vc_custom_1660133940288{margin-top: 30px !important;}&#8221;][vc_column width=&#8221;1\/2&#8243; el_class=&#8221;kutu&#8221; offset=&#8221;vc_hidden-sm vc_hidden-xs&#8221;][vc_row_inner kd_background_image_position=&#8221;vc_row-bg-position-top&#8221;][vc_column_inner width=&#8221;1\/4&#8243;][vc_single_image image=&#8221;13381&#8243; img_size=&#8221;full&#8221; css=&#8221;.vc_custom_1650030854379{margin-top: 5px !important;}&#8221;][\/vc_column_inner][vc_column_inner width=&#8221;3\/4&#8243;][vc_column_text css=&#8221;.vc_custom_1650030865902{margin-top: 30px !important;padding-top: 10px !important;}&#8221;]<\/p>\n<h4>GDPR<\/h4>\n<p>[\/vc_column_text][\/vc_column_inner][\/vc_row_inner][\/vc_column][vc_column width=&#8221;1\/2&#8243; el_class=&#8221;kutu&#8221; offset=&#8221;vc_hidden-sm vc_hidden-xs&#8221;][\/vc_column][\/vc_row][vc_row kd_background_image_position=&#8221;vc_row-bg-position-top&#8221; css=&#8221;.vc_custom_1648129618877{margin-top: 30px !important;}&#8221;][vc_column offset=&#8221;vc_hidden-lg vc_hidden-md&#8221;][vc_single_image image=&#8221;10039&#8243; img_size=&#8221;400&#215;200&#8243; alignment=&#8221;center&#8221;][vc_column_text css=&#8221;.vc_custom_1660135346494{margin-top: 10px !important;padding-top: 10px !important;}&#8221;]<\/p>\n<h4 style=\"text-align: center;\">6493 Say\u0131l\u0131 Kanun Kapsam\u0131nda PayCore Takas Sisteminin \u0130\u015fletimi ve \u0130zin Verilen Di\u011fer Faaliyetler<\/h4>\n<p>[\/vc_column_text]<div class=\"kd-divider solid_line divider_full_width thin_solid\">\n                <div class=\"divider-line\" style=\"border-color:#0a0a0a\"><\/div>\n            <\/div>[vc_single_image image=&#8221;10002&#8243; img_size=&#8221;200&#215;150&#8243; alignment=&#8221;center&#8221;][vc_column_text css=&#8221;.vc_custom_1648129115299{margin-top: 30px !important;padding-top: 8px !important;}&#8221;]<\/p>\n<h4 style=\"text-align: center;\">D\u0131\u015f Hizmet Sa\u011flay\u0131c\u0131 Kurulu\u015f<\/h4>\n<p>[\/vc_column_text]<div class=\"kd-divider solid_line divider_full_width thin_solid\">\n                <div class=\"divider-line\" style=\"border-color:#0a0a0a\"><\/div>\n            <\/div>[vc_separator][vc_single_image image=&#8221;10030&#8243; img_size=&#8221;300&#215;150&#8243; alignment=&#8221;center&#8221;][vc_column_text css=&#8221;.vc_custom_1649751829147{margin-top: 30px !important;padding-top: 10px !important;}&#8221;]<\/p>\n<h4 style=\"text-align: center;\">\u00d6KC G\u0130B<\/h4>\n<p>[\/vc_column_text]<div class=\"kd-divider solid_line divider_full_width thin_solid\">\n                <div class=\"divider-line\" style=\"border-color:#0a0a0a\"><\/div>\n            <\/div>[vc_separator][vc_single_image image=&#8221;10028&#8243; img_size=&#8221;300&#215;200&#8243; alignment=&#8221;center&#8221;][vc_column_text css=&#8221;.vc_custom_1648129414887{margin-top: 30px !important;padding-top: 10px !important;}&#8221;]<\/p>\n<h4 style=\"text-align: center;\">\u00d6KC TSM<\/h4>\n<p>[\/vc_column_text]<div class=\"kd-divider solid_line divider_full_width thin_solid\">\n                <div class=\"divider-line\" style=\"border-color:#0a0a0a\"><\/div>\n            <\/div>[vc_separator][vc_single_image image=&#8221;10042&#8243; img_size=&#8221;200&#215;150&#8243; alignment=&#8221;center&#8221;][vc_column_text css=&#8221;.vc_custom_1648129494643{margin-top: 10px !important;padding-top: 10px !important;}&#8221;]<\/p>\n<h4 style=\"text-align: center;\">Member Service Provider Global Vendor<br \/>\nCertification Program (GVCP)<\/h4>\n<p>[\/vc_column_text]<div class=\"kd-divider solid_line divider_full_width thin_solid\">\n                <div class=\"divider-line\" style=\"border-color:#0a0a0a\"><\/div>\n            <\/div>[vc_separator][vc_single_image image=&#8221;10046&#8243; img_size=&#8221;200&#215;150&#8243; alignment=&#8221;center&#8221;][vc_column_text css=&#8221;.vc_custom_1648129500839{margin-top: 10px !important;margin-bottom: 10px !important;padding-top: -5px !important;}&#8221;]<\/p>\n<h4 style=\"text-align: center;\">Member Agent PCI Card Production &amp; Provisioning, &amp; VISA Cloud Based Payment System<\/h4>\n<p>[\/vc_column_text]<div class=\"kd-divider solid_line divider_full_width thin_solid\">\n                <div class=\"divider-line\" style=\"border-color:#0a0a0a\"><\/div>\n            <\/div>[vc_separator][vc_single_image image=&#8221;10021&#8243; img_size=&#8221;200&#215;150&#8243; alignment=&#8221;center&#8221;][vc_column_text css=&#8221;.vc_custom_1648129101681{margin-top: 30px !important;padding-top: 10px !important;}&#8221;]<\/p>\n<h4 style=\"text-align: center;\">PCI DSS &#8211; PIN G\u00fcvenlik<\/h4>\n<p>[\/vc_column_text]<div class=\"kd-divider solid_line divider_full_width thin_solid\">\n                <div class=\"divider-line\" style=\"border-color:#0a0a0a\"><\/div>\n            <\/div>[vc_separator][vc_single_image image=&#8221;10024&#8243; img_size=&#8221;250&#215;125&#8243; alignment=&#8221;center&#8221;][vc_column_text css=&#8221;.vc_custom_1648129363771{margin-top: 30px !important;padding-top: 10px !important;}&#8221;]<\/p>\n<h4 style=\"text-align: center;\">KVKK<\/h4>\n<p>[\/vc_column_text]<div class=\"kd-divider solid_line divider_full_width thin_solid\">\n                <div class=\"divider-line\" style=\"border-color:#0a0a0a\"><\/div>\n            <\/div>[vc_separator][vc_single_image image=&#8221;10026&#8243; img_size=&#8221;250&#215;125&#8243; alignment=&#8221;center&#8221;][vc_column_text css=&#8221;.vc_custom_1648129375905{margin-top: 30px !important;padding-top: 5px !important;}&#8221;]<\/p>\n<h4 style=\"text-align: center;\">ISAE 3402<\/h4>\n<p>[\/vc_column_text]<div class=\"kd-divider solid_line divider_full_width thin_solid\">\n                <div class=\"divider-line\" style=\"border-color:#0a0a0a\"><\/div>\n            <\/div>[vc_separator][vc_single_image image=&#8221;10033&#8243; img_size=&#8221;200&#215;150&#8243; alignment=&#8221;center&#8221;][vc_column_text css=&#8221;.vc_custom_1648129458404{margin-top: 10px !important;padding-top: 10px !important;}&#8221;]<\/p>\n<h4 style=\"text-align: center;\">ISO9001, ISO14001, ISO22301, ISO27001, ISO20000, ISO27701<\/h4>\n<p>[\/vc_column_text]<div class=\"kd-divider solid_line divider_full_width thin_solid\">\n                <div class=\"divider-line\" style=\"border-color:#0a0a0a\"><\/div>\n            <\/div>[\/vc_column][\/vc_row][vc_row kd_background_image_position=&#8221;vc_row-bg-position-top&#8221;][vc_column][\/vc_column][\/vc_row]<\/p>\n","protected":false},"excerpt":{"rendered":"<p>[vc_row equal_height=&#8221;yes&#8221; content_placement=&#8221;middle&#8221; kd_background_image_position=&#8221;vc_row-bg-position-top&#8221; css=&#8221;.vc_custom_1660134745449{margin-top: 30px !important;}&#8221;][vc_column width=&#8221;1\/2&#8243; el_class=&#8221;kutu&#8221; offset=&#8221;vc_hidden-sm vc_col-xs-12 vc_hidden-xs&#8221;][vc_row_inner equal_height=&#8221;yes&#8221; content_placement=&#8221;middle&#8221; kd_background_image_position=&#8221;vc_row-bg-position-top&#8221;][vc_column_inner width=&#8221;1\/4&#8243; offset=&#8221;vc_col-xs-12&#8243;][vc_single_image image=&#8221;14292&#8243; img_size=&#8221;full&#8221; alignment=&#8221;center&#8221;][\/vc_column_inner][vc_column_inner [&hellip;]<\/p>\n","protected":false},"author":1,"featured_media":0,"parent":0,"menu_order":0,"comment_status":"closed","ping_status":"closed","template":"","meta":[],"yoast_head":"<!-- This site is optimized with the Yoast SEO plugin v19.8 - https:\/\/yoast.com\/wordpress\/plugins\/seo\/ -->\n<title>Akreditasyon &amp; Sertifikalar - PayCore<\/title>\n<meta name=\"description\" content=\"Potansiyel i\u015fbirlikleri i\u00e7in bize \u015fimdi ula\u015f\u0131n, PayCore akreditasyon ve sertifikalar\u0131 hakk\u0131nda detayl\u0131 bilgiyi buradan alabilirsiniz.\" \/>\n<meta name=\"robots\" content=\"index, follow, max-snippet:-1, max-image-preview:large, max-video-preview:-1\" \/>\n<link rel=\"canonical\" href=\"https:\/\/paycore.com\/tr\/akreditasyon-sertifikalar\/\" \/>\n<meta property=\"og:locale\" content=\"tr_TR\" \/>\n<meta property=\"og:type\" content=\"article\" \/>\n<meta property=\"og:title\" content=\"Akreditasyon &amp; Sertifikalar - PayCore\" \/>\n<meta property=\"og:description\" content=\"Potansiyel i\u015fbirlikleri i\u00e7in bize \u015fimdi ula\u015f\u0131n, PayCore akreditasyon ve sertifikalar\u0131 hakk\u0131nda detayl\u0131 bilgiyi buradan alabilirsiniz.\" \/>\n<meta property=\"og:url\" content=\"https:\/\/paycore.com\/tr\/akreditasyon-sertifikalar\/\" \/>\n<meta property=\"og:site_name\" content=\"PayCore\" \/>\n<meta property=\"article:modified_time\" content=\"2023-01-05T12:20:47+00:00\" \/>\n<meta name=\"twitter:card\" content=\"summary_large_image\" \/>\n<meta name=\"twitter:label1\" content=\"Tahmini okuma s\u00fcresi\" \/>\n\t<meta name=\"twitter:data1\" content=\"3 dakika\" \/>\n<script type=\"application\/ld+json\" class=\"yoast-schema-graph\">{\"@context\":\"https:\/\/schema.org\",\"@graph\":[{\"@type\":\"WebPage\",\"@id\":\"https:\/\/paycore.com\/tr\/akreditasyon-sertifikalar\/\",\"url\":\"https:\/\/paycore.com\/tr\/akreditasyon-sertifikalar\/\",\"name\":\"Akreditasyon & Sertifikalar - PayCore\",\"isPartOf\":{\"@id\":\"https:\/\/paycore.com\/tr\/#website\"},\"datePublished\":\"2021-11-12T13:14:53+00:00\",\"dateModified\":\"2023-01-05T12:20:47+00:00\",\"description\":\"Potansiyel i\u015fbirlikleri i\u00e7in bize \u015fimdi ula\u015f\u0131n, PayCore akreditasyon ve sertifikalar\u0131 hakk\u0131nda detayl\u0131 bilgiyi buradan alabilirsiniz.\",\"breadcrumb\":{\"@id\":\"https:\/\/paycore.com\/tr\/akreditasyon-sertifikalar\/#breadcrumb\"},\"inLanguage\":\"tr\",\"potentialAction\":[{\"@type\":\"ReadAction\",\"target\":[\"https:\/\/paycore.com\/tr\/akreditasyon-sertifikalar\/\"]}]},{\"@type\":\"BreadcrumbList\",\"@id\":\"https:\/\/paycore.com\/tr\/akreditasyon-sertifikalar\/#breadcrumb\",\"itemListElement\":[{\"@type\":\"ListItem\",\"position\":1,\"name\":\"Home\",\"item\":\"https:\/\/paycore.com\/tr\/\"},{\"@type\":\"ListItem\",\"position\":2,\"name\":\"Akreditasyon &#038; Sertifikalar\"}]},{\"@type\":\"WebSite\",\"@id\":\"https:\/\/paycore.com\/tr\/#website\",\"url\":\"https:\/\/paycore.com\/tr\/\",\"name\":\"PayCore\",\"description\":\"\",\"potentialAction\":[{\"@type\":\"SearchAction\",\"target\":{\"@type\":\"EntryPoint\",\"urlTemplate\":\"https:\/\/paycore.com\/tr\/?s={search_term_string}\"},\"query-input\":\"required name=search_term_string\"}],\"inLanguage\":\"tr\"}]}<\/script>\n<!-- \/ Yoast SEO plugin. -->","yoast_head_json":{"title":"Akreditasyon & Sertifikalar - PayCore","description":"Potansiyel i\u015fbirlikleri i\u00e7in bize \u015fimdi ula\u015f\u0131n, PayCore akreditasyon ve sertifikalar\u0131 hakk\u0131nda detayl\u0131 bilgiyi buradan alabilirsiniz.","robots":{"index":"index","follow":"follow","max-snippet":"max-snippet:-1","max-image-preview":"max-image-preview:large","max-video-preview":"max-video-preview:-1"},"canonical":"https:\/\/paycore.com\/tr\/akreditasyon-sertifikalar\/","og_locale":"tr_TR","og_type":"article","og_title":"Akreditasyon & Sertifikalar - PayCore","og_description":"Potansiyel i\u015fbirlikleri i\u00e7in bize \u015fimdi ula\u015f\u0131n, PayCore akreditasyon ve sertifikalar\u0131 hakk\u0131nda detayl\u0131 bilgiyi buradan alabilirsiniz.","og_url":"https:\/\/paycore.com\/tr\/akreditasyon-sertifikalar\/","og_site_name":"PayCore","article_modified_time":"2023-01-05T12:20:47+00:00","twitter_card":"summary_large_image","twitter_misc":{"Tahmini okuma s\u00fcresi":"3 dakika"},"schema":{"@context":"https:\/\/schema.org","@graph":[{"@type":"WebPage","@id":"https:\/\/paycore.com\/tr\/akreditasyon-sertifikalar\/","url":"https:\/\/paycore.com\/tr\/akreditasyon-sertifikalar\/","name":"Akreditasyon & Sertifikalar - PayCore","isPartOf":{"@id":"https:\/\/paycore.com\/tr\/#website"},"datePublished":"2021-11-12T13:14:53+00:00","dateModified":"2023-01-05T12:20:47+00:00","description":"Potansiyel i\u015fbirlikleri i\u00e7in bize \u015fimdi ula\u015f\u0131n, PayCore akreditasyon ve sertifikalar\u0131 hakk\u0131nda detayl\u0131 bilgiyi buradan alabilirsiniz.","breadcrumb":{"@id":"https:\/\/paycore.com\/tr\/akreditasyon-sertifikalar\/#breadcrumb"},"inLanguage":"tr","potentialAction":[{"@type":"ReadAction","target":["https:\/\/paycore.com\/tr\/akreditasyon-sertifikalar\/"]}]},{"@type":"BreadcrumbList","@id":"https:\/\/paycore.com\/tr\/akreditasyon-sertifikalar\/#breadcrumb","itemListElement":[{"@type":"ListItem","position":1,"name":"Home","item":"https:\/\/paycore.com\/tr\/"},{"@type":"ListItem","position":2,"name":"Akreditasyon &#038; Sertifikalar"}]},{"@type":"WebSite","@id":"https:\/\/paycore.com\/tr\/#website","url":"https:\/\/paycore.com\/tr\/","name":"PayCore","description":"","potentialAction":[{"@type":"SearchAction","target":{"@type":"EntryPoint","urlTemplate":"https:\/\/paycore.com\/tr\/?s={search_term_string}"},"query-input":"required name=search_term_string"}],"inLanguage":"tr"}]}},"_links":{"self":[{"href":"https:\/\/paycore.com\/tr\/wp-json\/wp\/v2\/pages\/9980"}],"collection":[{"href":"https:\/\/paycore.com\/tr\/wp-json\/wp\/v2\/pages"}],"about":[{"href":"https:\/\/paycore.com\/tr\/wp-json\/wp\/v2\/types\/page"}],"author":[{"embeddable":true,"href":"https:\/\/paycore.com\/tr\/wp-json\/wp\/v2\/users\/1"}],"replies":[{"embeddable":true,"href":"https:\/\/paycore.com\/tr\/wp-json\/wp\/v2\/comments?post=9980"}],"version-history":[{"count":32,"href":"https:\/\/paycore.com\/tr\/wp-json\/wp\/v2\/pages\/9980\/revisions"}],"predecessor-version":[{"id":15352,"href":"https:\/\/paycore.com\/tr\/wp-json\/wp\/v2\/pages\/9980\/revisions\/15352"}],"wp:attachment":[{"href":"https:\/\/paycore.com\/tr\/wp-json\/wp\/v2\/media?parent=9980"}],"curies":[{"name":"wp","href":"https:\/\/api.w.org\/{rel}","templated":true}]}}