{"id":15032,"date":"2022-11-30T01:20:40","date_gmt":"2022-11-29T22:20:40","guid":{"rendered":"https:\/\/paycore.com\/?page_id=15032"},"modified":"2024-05-22T13:41:56","modified_gmt":"2024-05-22T10:41:56","slug":"bize-ulasin","status":"publish","type":"page","link":"https:\/\/paycore.com\/tr\/bize-ulasin\/","title":{"rendered":"Bize Ula\u015f\u0131n"},"content":{"rendered":"<p>[vc_row full_width=&#8221;stretch_row&#8221; kd_background_image_position=&#8221;vc_row-bg-position-top&#8221; css=&#8221;.vc_custom_1669327127120{padding-top: 50px !important;padding-bottom: 50px !important;background-color: #f9f9f9 !important;}&#8221; css_tablet_portrait=&#8221;.vc_custom_1669327127121{padding-bottom: 0px !important;}&#8221; css_mobile=&#8221;.vc_custom_1669327127121{padding-bottom: 0px !important;}&#8221; css_tablet_landscape=&#8221;.vc_custom_1669327127120{padding-bottom: 0px !important;}&#8221;][vc_column][vc_row_inner content_placement=&#8221;middle&#8221; kd_background_image_position=&#8221;vc_row-bg-position-top&#8221;][vc_column_inner width=&#8221;1\/2&#8243; css=&#8221;.vc_custom_1669327245174{padding-right: 37px !important;padding-left: 0px !important;}&#8221; css_tablet_landscape=&#8221;.vc_custom_1669327245175{padding-top: 0px !important;background-color: #ffffff !important;}&#8221; offset=&#8221;vc_col-lg-6 vc_col-md-12&#8243; css_tablet_portrait=&#8221;.vc_custom_1669327245175{padding-top: 0px !important;padding-right: 0px !important;}&#8221; css_mobile=&#8221;.vc_custom_1669327245176{padding-top: 0px !important;padding-right: 0px !important;}&#8221;]<header class=\"kd-section-title col-lg-12 text-center  subtitle-below-title kd-animated fadeIn   vc_custom_1669760520811\" data-animation-delay=200><h4 class=\"separator_off\" >Ofislerimiz<\/h4><\/header>[vc_toggle title=&#8221;R&amp;D Center&#8221;]<\/p>\n<p>Adres : Center: Re\u015fitpa\u015fa Mah. Katar Cad. Teknokent ARI 3 Sit. No: 4 \/ 102 34467 Sar\u0131yer Istanbul TURKEY<br \/>\nTelefon : +90 (850) 277 67 67 \/ +90 (212) 328 33 31<br \/>\nFax : +90 (850) 277 67 66[\/vc_toggle][vc_toggle title=&#8221;Processing Center&#8221;]<\/p>\n<p>Adres : Ayaza\u011fa Mah. Mezarl\u0131k Sok.<br \/>\nNo: 3 Sar\u0131yer Istanbul<br \/>\nTelefon : +90 (850) 277 67 67[\/vc_toggle][\/vc_column_inner][vc_column_inner el_class=&#8221;with-shadow&#8221; width=&#8221;1\/2&#8243; css=&#8221;.vc_custom_1600784305508{padding-top: 55px !important;padding-right: 85px !important;padding-bottom: 29px !important;padding-left: 85px !important;background-color: #ffffff !important;border-radius: 10px !important;}&#8221; css_tablet_landscape=&#8221;.vc_custom_1600784305508{margin-top: 50px !important;margin-bottom: 50px !important;padding-right: 40px !important;padding-left: 40px !important;}&#8221; offset=&#8221;vc_col-lg-6 vc_col-md-12&#8243; css_tablet_portrait=&#8221;.vc_custom_1600784305509{margin-bottom: 50px !important;padding-right: 15px !important;padding-left: 15px !important;}&#8221; css_mobile=&#8221;.vc_custom_1600784305509{margin-bottom: 50px !important;padding-right: 15px !important;padding-left: 15px !important;}&#8221;]<header class=\"kd-section-title col-lg-12 text-center  subtitle-below-title kd-animated fadeIn   vc_custom_1669760548571\" data-animation-delay=200><h4 class=\"separator_off\" >Size destek olmak i\u00e7in buraday\u0131z.<\/h4><\/header><div class=\"kd-contact-form full-width-cf  cf-with-border   kd-animated fadeIn\" data-animation-delay=400><div role=\"form\" class=\"wpcf7\" id=\"wpcf7-f13265-o1\" lang=\"tr-TR\" dir=\"ltr\">\n<div class=\"screen-reader-response\"><p role=\"status\" aria-live=\"polite\" aria-atomic=\"true\"><\/p> <ul><\/ul><\/div>\n<form action=\"\/tr\/wp-json\/wp\/v2\/pages\/15032#wpcf7-f13265-o1\" method=\"post\" class=\"wpcf7-form init\" novalidate=\"novalidate\" data-status=\"init\">\n<div style=\"display: none;\">\n<input type=\"hidden\" name=\"_wpcf7\" value=\"13265\" \/>\n<input type=\"hidden\" name=\"_wpcf7_version\" value=\"5.6.3\" \/>\n<input type=\"hidden\" name=\"_wpcf7_locale\" value=\"tr_TR\" \/>\n<input type=\"hidden\" name=\"_wpcf7_unit_tag\" value=\"wpcf7-f13265-o1\" \/>\n<input type=\"hidden\" name=\"_wpcf7_container_post\" value=\"0\" \/>\n<input type=\"hidden\" name=\"_wpcf7_posted_data_hash\" value=\"\" \/>\n<input type=\"hidden\" name=\"_wpcf7_recaptcha_response\" value=\"\" \/>\n<\/div>\n<p><span class=\"wpcf7-form-control-wrap\" data-name=\"your-name\"><input type=\"text\" name=\"your-name\" value=\"\" size=\"40\" class=\"wpcf7-form-control wpcf7-text wpcf7-validates-as-required\" aria-required=\"true\" aria-invalid=\"false\" placeholder=\"Ad\u0131n\u0131z\u0131 giriniz\" \/><\/span><br \/>\n<span class=\"wpcf7-form-control-wrap\" data-name=\"your-name\"><input type=\"text\" name=\"your-name\" value=\"\" size=\"40\" class=\"wpcf7-form-control wpcf7-text wpcf7-validates-as-required\" aria-required=\"true\" aria-invalid=\"false\" placeholder=\"\u015eirket Ad\u0131\" \/><\/span><br \/>\n<span class=\"wpcf7-form-control-wrap\" data-name=\"your-email\"><input type=\"email\" name=\"your-email\" value=\"\" size=\"40\" class=\"wpcf7-form-control wpcf7-text wpcf7-email wpcf7-validates-as-required wpcf7-validates-as-email\" aria-required=\"true\" aria-invalid=\"false\" placeholder=\"E-Posta\" \/><\/span><br \/>\n<span class=\"wpcf7-form-control-wrap\" data-name=\"your-phone\"><input type=\"tel\" name=\"your-phone\" value=\"\" size=\"40\" class=\"wpcf7-form-control wpcf7-text wpcf7-tel wpcf7-validates-as-required wpcf7-validates-as-tel\" aria-required=\"true\" aria-invalid=\"false\" placeholder=\"Telefon\" \/><\/span><br \/>\n<span class=\"wpcf7-form-control-wrap\" data-name=\"text-342\"><input type=\"text\" name=\"text-342\" value=\"\" size=\"40\" class=\"wpcf7-form-control wpcf7-text wpcf7-validates-as-required\" aria-required=\"true\" aria-invalid=\"false\" placeholder=\"\u00dclke\" \/><\/span><br \/>\n<span class=\"wpcf7-form-control-wrap\" data-name=\"your-message\"><textarea name=\"your-message\" cols=\"40\" rows=\"10\" class=\"wpcf7-form-control wpcf7-textarea\" aria-invalid=\"false\" placeholder=\"Mesaj\u0131n\u0131z\"><\/textarea><\/span><\/p>\n<span class=\"wpcf7-form-control-wrap recaptcha\" data-name=\"recaptcha\"><span data-sitekey=\"6Lf1Fk4fAAAAAG0Eo7i-0g9WS-K_b0_pwRMXHlkD\" class=\"wpcf7-form-control g-recaptcha wpcf7-recaptcha\"><\/span>\r\n<noscript>\r\n\t<div class=\"grecaptcha-noscript\">\r\n\t\t<iframe src=\"https:\/\/www.google.com\/recaptcha\/api\/fallback?k=6Lf1Fk4fAAAAAG0Eo7i-0g9WS-K_b0_pwRMXHlkD\" frameborder=\"0\" scrolling=\"no\" width=\"310\" height=\"430\">\r\n\t\t<\/iframe>\r\n\t\t<textarea name=\"g-recaptcha-response\" rows=\"3\" cols=\"40\" placeholder=\"reCaptcha Response Here\">\r\n\t\t<\/textarea>\r\n\t<\/div>\r\n<\/noscript>\r\n<\/span>\n<p style=\"margin-bottom:15px;font-size:11px;\">*Ki\u015fisel Verilerin Korunmas\u0131 ve \u0130\u015flenmesi Hakk\u0131nda Ayd\u0131nlatma Metnini okumak i\u00e7in <a href=\"http:\/\/paycore.com\/kisisel-verileri-koruma-aydinlatma-metni\/\"> t\u0131klay\u0131n\u0131z.<\/a> <\/p>\n<p style=\"margin-bottom:15px;font-size:11px;\"><a href=\"https:\/\/paycore.com\/tr\/6698-sayili-kanun-uyarinca-kisisel-verilerimin-islenmesi\/\">Ki\u015fisel verilerimin i\u015flenmesi <\/a> ve <a href=\"http:\/\/paycore.com\/6698-sayili-kanun-uyarinca-kisisel-verilerimin-islenmesine-ve-aktarilmasi\/\"> aktar\u0131lmas\u0131 <\/a><\/p>\n<p><span class=\"wpcf7-form-control-wrap\" data-name=\"checkbox-681\"><span class=\"wpcf7-form-control wpcf7-checkbox wpcf7-validates-as-required\"><span class=\"wpcf7-list-item first last\"><label><input type=\"checkbox\" name=\"checkbox-681[]\" value=\"6563 say\u0131l\u0131 Kanun uyar\u0131nca Ticari Elektronik \u0130leti G\u00f6nderilmesine ili\u015fkin Onay ve bu onaya istinaden 6698 say\u0131l\u0131 Kanun uyar\u0131nca 6563 say\u0131l\u0131 Kanun uyar\u0131nca Ticari Elektronik \u0130leti G\u00f6nderilmesine ili\u015fkin Onay ve bu onaya istinaden 6698 say\u0131l\u0131 Kanun uyar\u0131nca ki\u015fisel verilerimin i\u015flenmesine ve aktar\u0131lmas\u0131na A\u00e7\u0131k R\u0131za veriyorum.\" \/><span class=\"wpcf7-list-item-label\">6563 say\u0131l\u0131 Kanun uyar\u0131nca Ticari Elektronik \u0130leti G\u00f6nderilmesine ili\u015fkin Onay ve bu onaya istinaden 6698 say\u0131l\u0131 Kanun uyar\u0131nca 6563 say\u0131l\u0131 Kanun uyar\u0131nca Ticari Elektronik \u0130leti G\u00f6nderilmesine ili\u015fkin Onay ve bu onaya istinaden 6698 say\u0131l\u0131 Kanun uyar\u0131nca ki\u015fisel verilerimin i\u015flenmesine ve aktar\u0131lmas\u0131na A\u00e7\u0131k R\u0131za veriyorum.<\/span><\/label><\/span><\/span><\/span><\/p>\n<p><span class=\"wpcf7-form-control-wrap\" data-name=\"checkbox-681\"><span class=\"wpcf7-form-control wpcf7-checkbox wpcf7-validates-as-required\"><span class=\"wpcf7-list-item first last\"><label><input type=\"checkbox\" name=\"checkbox-681[]\" value=\"Paycore e-posta hesab\u0131 \u00fczerinden ger\u00e7ekle\u015ftirdi\u011fim e-posta g\u00f6nderimlerimin, Paycore\u2019un e-posta a\u011f\u0131na dahil Microsoft Office 365 program\u0131 \u00fczerinden \u00e7al\u0131\u015fmakta olmas\u0131 ve Microsoft\u2019un sunucular\u0131n\u0131n T\u00fcrkiye d\u0131\u015f\u0131nda bulunmas\u0131 sebebiyle Microsoft\u2019un yurtd\u0131\u015f\u0131ndaki sunucular\u0131nda saklanmas\u0131na A\u00e7\u0131k R\u0131za veriyorum.\" \/><span class=\"wpcf7-list-item-label\">Paycore e-posta hesab\u0131 \u00fczerinden ger\u00e7ekle\u015ftirdi\u011fim e-posta g\u00f6nderimlerimin, Paycore\u2019un e-posta a\u011f\u0131na dahil Microsoft Office 365 program\u0131 \u00fczerinden \u00e7al\u0131\u015fmakta olmas\u0131 ve Microsoft\u2019un sunucular\u0131n\u0131n T\u00fcrkiye d\u0131\u015f\u0131nda bulunmas\u0131 sebebiyle Microsoft\u2019un yurtd\u0131\u015f\u0131ndaki sunucular\u0131nda saklanmas\u0131na A\u00e7\u0131k R\u0131za veriyorum.<\/span><\/label><\/span><\/span><\/span><\/p>\n<p><input type=\"submit\" value=\"G\u00f6nder\" class=\"wpcf7-form-control has-spinner wpcf7-submit\" \/><\/p>\n<div class=\"wpcf7-response-output\" aria-hidden=\"true\"><\/div><\/form><\/div><\/div>[\/vc_column_inner][\/vc_row_inner][\/vc_column][\/vc_row]<\/p>\n","protected":false},"excerpt":{"rendered":"<p>[vc_row full_width=&#8221;stretch_row&#8221; kd_background_image_position=&#8221;vc_row-bg-position-top&#8221; css=&#8221;.vc_custom_1669327127120{padding-top: 50px !important;padding-bottom: 50px !important;background-color: #f9f9f9 !important;}&#8221; css_tablet_portrait=&#8221;.vc_custom_1669327127121{padding-bottom: 0px !important;}&#8221; css_mobile=&#8221;.vc_custom_1669327127121{padding-bottom: 0px !important;}&#8221; css_tablet_landscape=&#8221;.vc_custom_1669327127120{padding-bottom: 0px !important;}&#8221;][vc_column][vc_row_inner content_placement=&#8221;middle&#8221; [&hellip;]<\/p>\n","protected":false},"author":5,"featured_media":0,"parent":0,"menu_order":0,"comment_status":"closed","ping_status":"closed","template":"","meta":[],"yoast_head":"<!-- This site is optimized with the Yoast SEO plugin v19.8 - https:\/\/yoast.com\/wordpress\/plugins\/seo\/ -->\n<title>Bize Ula\u015f\u0131n - PayCore<\/title>\n<meta name=\"robots\" content=\"index, follow, max-snippet:-1, max-image-preview:large, max-video-preview:-1\" \/>\n<link rel=\"canonical\" href=\"https:\/\/paycore.com\/tr\/bize-ulasin\/\" \/>\n<meta property=\"og:locale\" content=\"tr_TR\" \/>\n<meta property=\"og:type\" content=\"article\" \/>\n<meta property=\"og:title\" content=\"Bize Ula\u015f\u0131n - PayCore\" \/>\n<meta property=\"og:description\" content=\"[vc_row full_width=&#8221;stretch_row&#8221; kd_background_image_position=&#8221;vc_row-bg-position-top&#8221; css=&#8221;.vc_custom_1669327127120{padding-top: 50px !important;padding-bottom: 50px !important;background-color: #f9f9f9 !important;}&#8221; css_tablet_portrait=&#8221;.vc_custom_1669327127121{padding-bottom: 0px !important;}&#8221; css_mobile=&#8221;.vc_custom_1669327127121{padding-bottom: 0px !important;}&#8221; css_tablet_landscape=&#8221;.vc_custom_1669327127120{padding-bottom: 0px !important;}&#8221;][vc_column][vc_row_inner content_placement=&#8221;middle&#8221; [&hellip;]\" \/>\n<meta property=\"og:url\" content=\"https:\/\/paycore.com\/tr\/bize-ulasin\/\" \/>\n<meta property=\"og:site_name\" content=\"PayCore\" \/>\n<meta property=\"article:modified_time\" content=\"2024-05-22T10:41:56+00:00\" \/>\n<meta name=\"twitter:card\" content=\"summary_large_image\" \/>\n<meta name=\"twitter:label1\" content=\"Tahmini okuma s\u00fcresi\" \/>\n\t<meta name=\"twitter:data1\" content=\"1 dakika\" \/>\n<script type=\"application\/ld+json\" class=\"yoast-schema-graph\">{\"@context\":\"https:\/\/schema.org\",\"@graph\":[{\"@type\":\"WebPage\",\"@id\":\"https:\/\/paycore.com\/tr\/bize-ulasin\/\",\"url\":\"https:\/\/paycore.com\/tr\/bize-ulasin\/\",\"name\":\"Bize Ula\u015f\u0131n - PayCore\",\"isPartOf\":{\"@id\":\"https:\/\/paycore.com\/tr\/#website\"},\"datePublished\":\"2022-11-29T22:20:40+00:00\",\"dateModified\":\"2024-05-22T10:41:56+00:00\",\"breadcrumb\":{\"@id\":\"https:\/\/paycore.com\/tr\/bize-ulasin\/#breadcrumb\"},\"inLanguage\":\"tr\",\"potentialAction\":[{\"@type\":\"ReadAction\",\"target\":[\"https:\/\/paycore.com\/tr\/bize-ulasin\/\"]}]},{\"@type\":\"BreadcrumbList\",\"@id\":\"https:\/\/paycore.com\/tr\/bize-ulasin\/#breadcrumb\",\"itemListElement\":[{\"@type\":\"ListItem\",\"position\":1,\"name\":\"Home\",\"item\":\"https:\/\/paycore.com\/tr\/\"},{\"@type\":\"ListItem\",\"position\":2,\"name\":\"Bize Ula\u015f\u0131n\"}]},{\"@type\":\"WebSite\",\"@id\":\"https:\/\/paycore.com\/tr\/#website\",\"url\":\"https:\/\/paycore.com\/tr\/\",\"name\":\"PayCore\",\"description\":\"\",\"potentialAction\":[{\"@type\":\"SearchAction\",\"target\":{\"@type\":\"EntryPoint\",\"urlTemplate\":\"https:\/\/paycore.com\/tr\/?s={search_term_string}\"},\"query-input\":\"required name=search_term_string\"}],\"inLanguage\":\"tr\"}]}<\/script>\n<!-- \/ Yoast SEO plugin. -->","yoast_head_json":{"title":"Bize Ula\u015f\u0131n - PayCore","robots":{"index":"index","follow":"follow","max-snippet":"max-snippet:-1","max-image-preview":"max-image-preview:large","max-video-preview":"max-video-preview:-1"},"canonical":"https:\/\/paycore.com\/tr\/bize-ulasin\/","og_locale":"tr_TR","og_type":"article","og_title":"Bize Ula\u015f\u0131n - PayCore","og_description":"[vc_row full_width=&#8221;stretch_row&#8221; kd_background_image_position=&#8221;vc_row-bg-position-top&#8221; css=&#8221;.vc_custom_1669327127120{padding-top: 50px !important;padding-bottom: 50px !important;background-color: #f9f9f9 !important;}&#8221; css_tablet_portrait=&#8221;.vc_custom_1669327127121{padding-bottom: 0px !important;}&#8221; css_mobile=&#8221;.vc_custom_1669327127121{padding-bottom: 0px !important;}&#8221; css_tablet_landscape=&#8221;.vc_custom_1669327127120{padding-bottom: 0px !important;}&#8221;][vc_column][vc_row_inner content_placement=&#8221;middle&#8221; [&hellip;]","og_url":"https:\/\/paycore.com\/tr\/bize-ulasin\/","og_site_name":"PayCore","article_modified_time":"2024-05-22T10:41:56+00:00","twitter_card":"summary_large_image","twitter_misc":{"Tahmini okuma s\u00fcresi":"1 dakika"},"schema":{"@context":"https:\/\/schema.org","@graph":[{"@type":"WebPage","@id":"https:\/\/paycore.com\/tr\/bize-ulasin\/","url":"https:\/\/paycore.com\/tr\/bize-ulasin\/","name":"Bize Ula\u015f\u0131n - PayCore","isPartOf":{"@id":"https:\/\/paycore.com\/tr\/#website"},"datePublished":"2022-11-29T22:20:40+00:00","dateModified":"2024-05-22T10:41:56+00:00","breadcrumb":{"@id":"https:\/\/paycore.com\/tr\/bize-ulasin\/#breadcrumb"},"inLanguage":"tr","potentialAction":[{"@type":"ReadAction","target":["https:\/\/paycore.com\/tr\/bize-ulasin\/"]}]},{"@type":"BreadcrumbList","@id":"https:\/\/paycore.com\/tr\/bize-ulasin\/#breadcrumb","itemListElement":[{"@type":"ListItem","position":1,"name":"Home","item":"https:\/\/paycore.com\/tr\/"},{"@type":"ListItem","position":2,"name":"Bize Ula\u015f\u0131n"}]},{"@type":"WebSite","@id":"https:\/\/paycore.com\/tr\/#website","url":"https:\/\/paycore.com\/tr\/","name":"PayCore","description":"","potentialAction":[{"@type":"SearchAction","target":{"@type":"EntryPoint","urlTemplate":"https:\/\/paycore.com\/tr\/?s={search_term_string}"},"query-input":"required name=search_term_string"}],"inLanguage":"tr"}]}},"_links":{"self":[{"href":"https:\/\/paycore.com\/tr\/wp-json\/wp\/v2\/pages\/15032"}],"collection":[{"href":"https:\/\/paycore.com\/tr\/wp-json\/wp\/v2\/pages"}],"about":[{"href":"https:\/\/paycore.com\/tr\/wp-json\/wp\/v2\/types\/page"}],"author":[{"embeddable":true,"href":"https:\/\/paycore.com\/tr\/wp-json\/wp\/v2\/users\/5"}],"replies":[{"embeddable":true,"href":"https:\/\/paycore.com\/tr\/wp-json\/wp\/v2\/comments?post=15032"}],"version-history":[{"count":10,"href":"https:\/\/paycore.com\/tr\/wp-json\/wp\/v2\/pages\/15032\/revisions"}],"predecessor-version":[{"id":16173,"href":"https:\/\/paycore.com\/tr\/wp-json\/wp\/v2\/pages\/15032\/revisions\/16173"}],"wp:attachment":[{"href":"https:\/\/paycore.com\/tr\/wp-json\/wp\/v2\/media?parent=15032"}],"curies":[{"name":"wp","href":"https:\/\/api.w.org\/{rel}","templated":true}]}}