{"id":14796,"date":"2022-10-26T09:57:08","date_gmt":"2022-10-26T06:57:08","guid":{"rendered":"https:\/\/paycore.com\/?page_id=14796"},"modified":"2022-11-08T11:18:32","modified_gmt":"2022-11-08T08:18:32","slug":"entegre-yonetim-politikasi","status":"publish","type":"page","link":"https:\/\/paycore.com\/tr\/entegre-yonetim-politikasi\/","title":{"rendered":"Entegre Y\u00f6netim Politikas\u0131"},"content":{"rendered":"\r\n<p>&nbsp;<\/p>\r\n\r\n\r\n\r\n<p><strong>ENTEGRE Y\u00d6NET\u0130M POL\u0130T\u0130KASI<\/strong><\/p>\r\n\r\n\r\n\r\n<p>Kurumumuz, yapm\u0131\u015f oldu\u011fu faaliyetlerde daima m\u00fc\u015fteri memnuniyetini esas almakta ve bilgiyi en de\u011ferli varl\u0131klar\u0131ndan biri olarak kabul etmektedir. Kurulu\u015fumuz bilgi g\u00fcvenli\u011fini g\u00fcvence alt\u0131na almak i\u00e7in gerekli idari ve teknik t\u00fcm tedbirleri almaktad\u0131r. Bu do\u011frultuda kurulu\u015fumuz b\u00fcnyesinde bulunan Entegre y\u00f6netim sistemimizin s\u00fcrekli geli\u015fimini sa\u011flamak i\u00e7in: Bilgi varl\u0131klar\u0131n\u0131 tan\u0131mlamay\u0131 ve bu varl\u0131klar\u0131n, i\u015fe etkisini: varl\u0131\u011f\u0131 yerine koyma maliyeti, bilginin gizlili\u011fi, imaja olan etkisi, yasal ve hukuki y\u00fck\u00fcml\u00fcl\u00fckler bak\u0131m\u0131ndan yarataca\u011f\u0131 zarar\u0131 gibi konular\u0131 ele alarak, tehdit olas\u0131l\u0131\u011f\u0131n\u0131: zay\u0131fl\u0131klar\u0131n \u00e7oklu\u011fu ve var olan kontrollerin bu zay\u0131fl\u0131klar\u0131 ne kadar kapatabildi\u011fi, sald\u0131rgan motivasyonu, bilginin rakipler i\u00e7in cazibesi, eri\u015fim kontrollerindeki a\u00e7\u0131klar ve bilginin b\u00fct\u00fcnl\u00fc\u011f\u00fcne ili\u015fkin tehlikeleri ele alarak, bilginin gizlili\u011fi, b\u00fct\u00fcnl\u00fc\u011f\u00fc ve eri\u015fimine ili\u015fkin riskleri belirlemeyi, de\u011ferlendirmeyi, kabul edilebilir risk seviyesinin \u00fczerinde bulunan t\u00fcm varl\u0131klar i\u00e7in gerekli kontrolleri uygulamay\u0131, entegre ihlal olay\u0131 ya\u015fama ihtimalini d\u00fc\u015f\u00fcrmeyi, ya\u015fanmas\u0131 durumunda ise koordineli bi\u00e7imde yan\u0131t verebilmeyi, i\u015f s\u00fcreklili\u011fini kesintiye u\u011fratabilecek her t\u00fcrl\u00fc kesintinin \u00f6n\u00fcne ge\u00e7ebilmeyi, ge\u00e7ilemedi\u011fi durumlarda ise hedeflenen kurtarma s\u00fcresi i\u00e7erisinde tekrar \u00e7al\u0131\u015fabilir hale gelmeyi, Entegre Y\u00f6netim s\u00fcre\u00e7lerinin performans\u0131n\u0131 \u00f6l\u00e7meyi, bu verilerden hedefler \u00fcretmeyi, zay\u0131fl\u0131klar\u0131m\u0131z\u0131 ve tehditleri alt yap\u0131, \u00e7al\u0131\u015fma ortam\u0131, donan\u0131m, yaz\u0131l\u0131m ve e\u011fitim yat\u0131r\u0131mlar\u0131yla en aza indirgemeyi, i\u015fimizin, m\u00fc\u015fterilerimizin ve yasal \u015fartlar\u0131n gerektirdi\u011fi g\u00fcvenlik \u015fartlar\u0131n\u0131 kar\u015f\u0131lamay\u0131, uygulanabilir \u015fartlar\u0131 yerine getirmeyi ve m\u00fc\u015fteri memnuniyetini en \u00fcst seviyede tutaca\u011f\u0131m\u0131z\u0131 taahh\u00fct ederiz.<\/p>\r\n\r\n\r\n\r\n<p><\/p>","protected":false},"excerpt":{"rendered":"<p>&nbsp; ENTEGRE Y\u00d6NET\u0130M POL\u0130T\u0130KASI Kurumumuz, yapm\u0131\u015f oldu\u011fu faaliyetlerde daima m\u00fc\u015fteri memnuniyetini esas almakta ve bilgiyi en de\u011ferli varl\u0131klar\u0131ndan biri olarak [&hellip;]<\/p>\n","protected":false},"author":1,"featured_media":0,"parent":0,"menu_order":0,"comment_status":"closed","ping_status":"closed","template":"","meta":[],"yoast_head":"<!-- This site is optimized with the Yoast SEO plugin v19.8 - https:\/\/yoast.com\/wordpress\/plugins\/seo\/ -->\n<title>Entegre Y\u00f6netim Politikas\u0131 - PayCore<\/title>\n<meta name=\"robots\" content=\"index, follow, max-snippet:-1, max-image-preview:large, max-video-preview:-1\" \/>\n<link rel=\"canonical\" href=\"https:\/\/paycore.com\/tr\/entegre-yonetim-politikasi\/\" \/>\n<meta property=\"og:locale\" content=\"tr_TR\" \/>\n<meta property=\"og:type\" content=\"article\" \/>\n<meta property=\"og:title\" content=\"Entegre Y\u00f6netim Politikas\u0131 - PayCore\" \/>\n<meta property=\"og:description\" content=\"&nbsp; ENTEGRE Y\u00d6NET\u0130M POL\u0130T\u0130KASI Kurumumuz, yapm\u0131\u015f oldu\u011fu faaliyetlerde daima m\u00fc\u015fteri memnuniyetini esas almakta ve bilgiyi en de\u011ferli varl\u0131klar\u0131ndan biri olarak [&hellip;]\" \/>\n<meta property=\"og:url\" content=\"https:\/\/paycore.com\/tr\/entegre-yonetim-politikasi\/\" \/>\n<meta property=\"og:site_name\" content=\"PayCore\" \/>\n<meta property=\"article:modified_time\" content=\"2022-11-08T08:18:32+00:00\" \/>\n<meta name=\"twitter:card\" content=\"summary_large_image\" \/>\n<meta name=\"twitter:label1\" content=\"Tahmini okuma s\u00fcresi\" \/>\n\t<meta name=\"twitter:data1\" content=\"1 dakika\" \/>\n<script type=\"application\/ld+json\" class=\"yoast-schema-graph\">{\"@context\":\"https:\/\/schema.org\",\"@graph\":[{\"@type\":\"WebPage\",\"@id\":\"https:\/\/paycore.com\/tr\/entegre-yonetim-politikasi\/\",\"url\":\"https:\/\/paycore.com\/tr\/entegre-yonetim-politikasi\/\",\"name\":\"Entegre Y\u00f6netim Politikas\u0131 - PayCore\",\"isPartOf\":{\"@id\":\"https:\/\/paycore.com\/tr\/#website\"},\"datePublished\":\"2022-10-26T06:57:08+00:00\",\"dateModified\":\"2022-11-08T08:18:32+00:00\",\"breadcrumb\":{\"@id\":\"https:\/\/paycore.com\/tr\/entegre-yonetim-politikasi\/#breadcrumb\"},\"inLanguage\":\"tr\",\"potentialAction\":[{\"@type\":\"ReadAction\",\"target\":[\"https:\/\/paycore.com\/tr\/entegre-yonetim-politikasi\/\"]}]},{\"@type\":\"BreadcrumbList\",\"@id\":\"https:\/\/paycore.com\/tr\/entegre-yonetim-politikasi\/#breadcrumb\",\"itemListElement\":[{\"@type\":\"ListItem\",\"position\":1,\"name\":\"Home\",\"item\":\"https:\/\/paycore.com\/tr\/\"},{\"@type\":\"ListItem\",\"position\":2,\"name\":\"Entegre Y\u00f6netim Politikas\u0131\"}]},{\"@type\":\"WebSite\",\"@id\":\"https:\/\/paycore.com\/tr\/#website\",\"url\":\"https:\/\/paycore.com\/tr\/\",\"name\":\"PayCore\",\"description\":\"\",\"potentialAction\":[{\"@type\":\"SearchAction\",\"target\":{\"@type\":\"EntryPoint\",\"urlTemplate\":\"https:\/\/paycore.com\/tr\/?s={search_term_string}\"},\"query-input\":\"required name=search_term_string\"}],\"inLanguage\":\"tr\"}]}<\/script>\n<!-- \/ Yoast SEO plugin. -->","yoast_head_json":{"title":"Entegre Y\u00f6netim Politikas\u0131 - PayCore","robots":{"index":"index","follow":"follow","max-snippet":"max-snippet:-1","max-image-preview":"max-image-preview:large","max-video-preview":"max-video-preview:-1"},"canonical":"https:\/\/paycore.com\/tr\/entegre-yonetim-politikasi\/","og_locale":"tr_TR","og_type":"article","og_title":"Entegre Y\u00f6netim Politikas\u0131 - PayCore","og_description":"&nbsp; ENTEGRE Y\u00d6NET\u0130M POL\u0130T\u0130KASI Kurumumuz, yapm\u0131\u015f oldu\u011fu faaliyetlerde daima m\u00fc\u015fteri memnuniyetini esas almakta ve bilgiyi en de\u011ferli varl\u0131klar\u0131ndan biri olarak [&hellip;]","og_url":"https:\/\/paycore.com\/tr\/entegre-yonetim-politikasi\/","og_site_name":"PayCore","article_modified_time":"2022-11-08T08:18:32+00:00","twitter_card":"summary_large_image","twitter_misc":{"Tahmini okuma s\u00fcresi":"1 dakika"},"schema":{"@context":"https:\/\/schema.org","@graph":[{"@type":"WebPage","@id":"https:\/\/paycore.com\/tr\/entegre-yonetim-politikasi\/","url":"https:\/\/paycore.com\/tr\/entegre-yonetim-politikasi\/","name":"Entegre Y\u00f6netim Politikas\u0131 - PayCore","isPartOf":{"@id":"https:\/\/paycore.com\/tr\/#website"},"datePublished":"2022-10-26T06:57:08+00:00","dateModified":"2022-11-08T08:18:32+00:00","breadcrumb":{"@id":"https:\/\/paycore.com\/tr\/entegre-yonetim-politikasi\/#breadcrumb"},"inLanguage":"tr","potentialAction":[{"@type":"ReadAction","target":["https:\/\/paycore.com\/tr\/entegre-yonetim-politikasi\/"]}]},{"@type":"BreadcrumbList","@id":"https:\/\/paycore.com\/tr\/entegre-yonetim-politikasi\/#breadcrumb","itemListElement":[{"@type":"ListItem","position":1,"name":"Home","item":"https:\/\/paycore.com\/tr\/"},{"@type":"ListItem","position":2,"name":"Entegre Y\u00f6netim Politikas\u0131"}]},{"@type":"WebSite","@id":"https:\/\/paycore.com\/tr\/#website","url":"https:\/\/paycore.com\/tr\/","name":"PayCore","description":"","potentialAction":[{"@type":"SearchAction","target":{"@type":"EntryPoint","urlTemplate":"https:\/\/paycore.com\/tr\/?s={search_term_string}"},"query-input":"required name=search_term_string"}],"inLanguage":"tr"}]}},"_links":{"self":[{"href":"https:\/\/paycore.com\/tr\/wp-json\/wp\/v2\/pages\/14796"}],"collection":[{"href":"https:\/\/paycore.com\/tr\/wp-json\/wp\/v2\/pages"}],"about":[{"href":"https:\/\/paycore.com\/tr\/wp-json\/wp\/v2\/types\/page"}],"author":[{"embeddable":true,"href":"https:\/\/paycore.com\/tr\/wp-json\/wp\/v2\/users\/1"}],"replies":[{"embeddable":true,"href":"https:\/\/paycore.com\/tr\/wp-json\/wp\/v2\/comments?post=14796"}],"version-history":[{"count":9,"href":"https:\/\/paycore.com\/tr\/wp-json\/wp\/v2\/pages\/14796\/revisions"}],"predecessor-version":[{"id":14975,"href":"https:\/\/paycore.com\/tr\/wp-json\/wp\/v2\/pages\/14796\/revisions\/14975"}],"wp:attachment":[{"href":"https:\/\/paycore.com\/tr\/wp-json\/wp\/v2\/media?parent=14796"}],"curies":[{"name":"wp","href":"https:\/\/api.w.org\/{rel}","templated":true}]}}