{"id":12745,"date":"2022-03-21T14:47:53","date_gmt":"2022-03-21T11:47:53","guid":{"rendered":"http:\/\/paycore.com\/?page_id=12745"},"modified":"2023-06-18T00:06:24","modified_gmt":"2023-06-17T21:06:24","slug":"6698-sayili-kanun-uyarinca-kisisel-verilerimin-islenmesi","status":"publish","type":"page","link":"https:\/\/paycore.com\/tr\/6698-sayili-kanun-uyarinca-kisisel-verilerimin-islenmesi\/","title":{"rendered":"6698 say\u0131l\u0131 Kanun uyar\u0131nca ki\u015fisel verilerimin i\u015flenmesi"},"content":{"rendered":"<p>[vc_row kd_background_image_position=&#8221;vc_row-bg-position-top&#8221; css=&#8221;.vc_custom_1647863250569{margin-top: 50px !important;}&#8221; top_section_title=&#8221;&#8221; bottom_section_title=&#8221;&#8221;][vc_column][vc_column_text]<\/p>\n<p class=\"p1\"><span class=\"s1\"><b>T\u0130CAR\u0130 ELEKTRON\u0130K \u0130LET\u0130 G\u00d6NDER\u0130LMES\u0130NE \u0130L\u0130\u015eK\u0130N ONAY VE BU ONAYA \u0130ST\u0130NADEN K\u0130\u015e\u0130SEL VER\u0130LER\u0130N \u0130\u015eLENMES\u0130NE \u0130L\u0130\u015eK\u0130N A\u00c7IK RIZA<\/b><\/span><\/p>\n<p class=\"p1\"><i>Merkezi \u201cAyaza\u011fa Mah., Eski Mezarl\u0131k Sk., Brovus Bilgi Mer, Blok No:3, \u0130\u00e7 Kap\u0131 No:4, Sar\u0131yer\/\u0130stanbul\u201d adresinde bulunan hizmet sa\u011flay\u0131c\u0131s\u0131 ve veri sorumlusu s\u0131fat\u0131yla <\/i><b><i>(i)<\/i><\/b><i>Kartek Holding A.\u015e. ve holding b\u00fcnyesinde yer alan; <\/i><b><i>(ii)<\/i><\/b><i> Kartek Kart ve Bili\u015fim Teknolojileri Tic. A.\u015e., <\/i><b><i>(iii)<\/i><\/b><i> Kartnet Bilgisayar San. ve Tic A.\u015e., <\/i><b><i>(iv)<\/i><\/b><i> Paycore \u00d6deme Hizmetleri Takas ve Mutabakat Sistemleri A.\u015e., ve <\/i><b><i>(v)<\/i><\/b><i> Karbil Yaz\u0131l\u0131m ve Bili\u015fim Teknolojileri Tic. A.\u015e.<span class=\"Apple-converted-space\">\u00a0 <\/span>(hepsi birlikte <\/i><b><i>\u201cPaycore\u201d<\/i><\/b><i> olarak an\u0131lacakt\u0131r.)\u2019nin ilgili mevzuat uyar\u0131nca taraf\u0131n\u0131za ticari elektronik ileti g\u00f6nderebilmesi i\u00e7in \u00f6nceden onay\u0131n\u0131z\u0131 almas\u0131 gerekmektedir. 6698 Say\u0131l\u0131 Ki\u015fisel Verilerin Korunmas\u0131 Hakk\u0131nda Kanun (\u201cKanun\u201d) ve ikincil mevzuat\u0131 uyar\u0131nca, ki\u015fisel veriler, Kanun\u2019un 5. Maddesinin 2. F\u0131kras\u0131nda say\u0131lan haller haricinde ilgili ki\u015finin a\u00e7\u0131k r\u0131zas\u0131 olmaks\u0131z\u0131n i\u015flenemez.<\/i><\/p>\n<p class=\"p1\">Bu kapsamda, her t\u00fcrl\u00fc bilgilendirme, tan\u0131t\u0131m, reklam, \u00fcr\u00fcn teklifleri, pazarlama, promosyonlar, kampanyalar, \u00f6zel avantajlar, indirimler, memnuniyet de\u011ferlendirme \u00e7al\u0131\u015fmalar\u0131, anket, destek ve duyurular\u0131n iletilmesi amac\u0131yla taraf\u0131ma elektronik posta (e-mail) adresime ticari elektronik ileti g\u00f6nderilmesine; taraf\u0131ma ticari elektronik ileti g\u00f6nderiminin sa\u011flanabilmesi amac\u0131yla ki\u015fisel verilerimden ad\u0131m-soyad\u0131m, elektronik posta adresimin ve telefon numaram\u0131n i\u015flenmesine,<\/p>\n<p class=\"p1\"><b>ONAY VE A\u00c7IK RIZA VER\u0130YORUM | <\/b><b>ONAY VE A\u00c7IK RIZA VERM\u0130YORUM<span class=\"Apple-converted-space\">\u00a0 <\/span><\/b><\/p>\n<p>[\/vc_column_text][\/vc_column][\/vc_row]<\/p>\n","protected":false},"excerpt":{"rendered":"<p>[vc_row kd_background_image_position=&#8221;vc_row-bg-position-top&#8221; css=&#8221;.vc_custom_1647863250569{margin-top: 50px !important;}&#8221; top_section_title=&#8221;&#8221; bottom_section_title=&#8221;&#8221;][vc_column][vc_column_text] T\u0130CAR\u0130 ELEKTRON\u0130K \u0130LET\u0130 G\u00d6NDER\u0130LMES\u0130NE \u0130L\u0130\u015eK\u0130N ONAY VE BU ONAYA \u0130ST\u0130NADEN K\u0130\u015e\u0130SEL VER\u0130LER\u0130N \u0130\u015eLENMES\u0130NE [&hellip;]<\/p>\n","protected":false},"author":1,"featured_media":0,"parent":0,"menu_order":0,"comment_status":"closed","ping_status":"closed","template":"","meta":[],"yoast_head":"<!-- This site is optimized with the Yoast SEO plugin v19.8 - https:\/\/yoast.com\/wordpress\/plugins\/seo\/ -->\n<title>6698 say\u0131l\u0131 Kanun uyar\u0131nca ki\u015fisel verilerimin i\u015flenmesi - PayCore<\/title>\n<meta name=\"robots\" content=\"index, follow, max-snippet:-1, max-image-preview:large, max-video-preview:-1\" \/>\n<link rel=\"canonical\" href=\"https:\/\/paycore.com\/tr\/6698-sayili-kanun-uyarinca-kisisel-verilerimin-islenmesi\/\" \/>\n<meta property=\"og:locale\" content=\"tr_TR\" \/>\n<meta property=\"og:type\" content=\"article\" \/>\n<meta property=\"og:title\" content=\"6698 say\u0131l\u0131 Kanun uyar\u0131nca ki\u015fisel verilerimin i\u015flenmesi - PayCore\" \/>\n<meta property=\"og:description\" content=\"[vc_row kd_background_image_position=&#8221;vc_row-bg-position-top&#8221; css=&#8221;.vc_custom_1647863250569{margin-top: 50px !important;}&#8221; top_section_title=&#8221;&#8221; bottom_section_title=&#8221;&#8221;][vc_column][vc_column_text] T\u0130CAR\u0130 ELEKTRON\u0130K \u0130LET\u0130 G\u00d6NDER\u0130LMES\u0130NE \u0130L\u0130\u015eK\u0130N ONAY VE BU ONAYA \u0130ST\u0130NADEN K\u0130\u015e\u0130SEL VER\u0130LER\u0130N \u0130\u015eLENMES\u0130NE [&hellip;]\" \/>\n<meta property=\"og:url\" content=\"https:\/\/paycore.com\/tr\/6698-sayili-kanun-uyarinca-kisisel-verilerimin-islenmesi\/\" \/>\n<meta property=\"og:site_name\" content=\"PayCore\" \/>\n<meta property=\"article:modified_time\" content=\"2023-06-17T21:06:24+00:00\" \/>\n<meta name=\"twitter:card\" content=\"summary_large_image\" \/>\n<meta name=\"twitter:label1\" content=\"Tahmini okuma s\u00fcresi\" \/>\n\t<meta name=\"twitter:data1\" content=\"1 dakika\" \/>\n<script type=\"application\/ld+json\" class=\"yoast-schema-graph\">{\"@context\":\"https:\/\/schema.org\",\"@graph\":[{\"@type\":\"WebPage\",\"@id\":\"https:\/\/paycore.com\/tr\/6698-sayili-kanun-uyarinca-kisisel-verilerimin-islenmesi\/\",\"url\":\"https:\/\/paycore.com\/tr\/6698-sayili-kanun-uyarinca-kisisel-verilerimin-islenmesi\/\",\"name\":\"6698 say\u0131l\u0131 Kanun uyar\u0131nca ki\u015fisel verilerimin i\u015flenmesi - PayCore\",\"isPartOf\":{\"@id\":\"https:\/\/paycore.com\/tr\/#website\"},\"datePublished\":\"2022-03-21T11:47:53+00:00\",\"dateModified\":\"2023-06-17T21:06:24+00:00\",\"breadcrumb\":{\"@id\":\"https:\/\/paycore.com\/tr\/6698-sayili-kanun-uyarinca-kisisel-verilerimin-islenmesi\/#breadcrumb\"},\"inLanguage\":\"tr\",\"potentialAction\":[{\"@type\":\"ReadAction\",\"target\":[\"https:\/\/paycore.com\/tr\/6698-sayili-kanun-uyarinca-kisisel-verilerimin-islenmesi\/\"]}]},{\"@type\":\"BreadcrumbList\",\"@id\":\"https:\/\/paycore.com\/tr\/6698-sayili-kanun-uyarinca-kisisel-verilerimin-islenmesi\/#breadcrumb\",\"itemListElement\":[{\"@type\":\"ListItem\",\"position\":1,\"name\":\"Home\",\"item\":\"https:\/\/paycore.com\/tr\/\"},{\"@type\":\"ListItem\",\"position\":2,\"name\":\"6698 say\u0131l\u0131 Kanun uyar\u0131nca ki\u015fisel verilerimin i\u015flenmesi\"}]},{\"@type\":\"WebSite\",\"@id\":\"https:\/\/paycore.com\/tr\/#website\",\"url\":\"https:\/\/paycore.com\/tr\/\",\"name\":\"PayCore\",\"description\":\"\",\"potentialAction\":[{\"@type\":\"SearchAction\",\"target\":{\"@type\":\"EntryPoint\",\"urlTemplate\":\"https:\/\/paycore.com\/tr\/?s={search_term_string}\"},\"query-input\":\"required name=search_term_string\"}],\"inLanguage\":\"tr\"}]}<\/script>\n<!-- \/ Yoast SEO plugin. -->","yoast_head_json":{"title":"6698 say\u0131l\u0131 Kanun uyar\u0131nca ki\u015fisel verilerimin i\u015flenmesi - PayCore","robots":{"index":"index","follow":"follow","max-snippet":"max-snippet:-1","max-image-preview":"max-image-preview:large","max-video-preview":"max-video-preview:-1"},"canonical":"https:\/\/paycore.com\/tr\/6698-sayili-kanun-uyarinca-kisisel-verilerimin-islenmesi\/","og_locale":"tr_TR","og_type":"article","og_title":"6698 say\u0131l\u0131 Kanun uyar\u0131nca ki\u015fisel verilerimin i\u015flenmesi - PayCore","og_description":"[vc_row kd_background_image_position=&#8221;vc_row-bg-position-top&#8221; css=&#8221;.vc_custom_1647863250569{margin-top: 50px !important;}&#8221; top_section_title=&#8221;&#8221; bottom_section_title=&#8221;&#8221;][vc_column][vc_column_text] T\u0130CAR\u0130 ELEKTRON\u0130K \u0130LET\u0130 G\u00d6NDER\u0130LMES\u0130NE \u0130L\u0130\u015eK\u0130N ONAY VE BU ONAYA \u0130ST\u0130NADEN K\u0130\u015e\u0130SEL VER\u0130LER\u0130N \u0130\u015eLENMES\u0130NE [&hellip;]","og_url":"https:\/\/paycore.com\/tr\/6698-sayili-kanun-uyarinca-kisisel-verilerimin-islenmesi\/","og_site_name":"PayCore","article_modified_time":"2023-06-17T21:06:24+00:00","twitter_card":"summary_large_image","twitter_misc":{"Tahmini okuma s\u00fcresi":"1 dakika"},"schema":{"@context":"https:\/\/schema.org","@graph":[{"@type":"WebPage","@id":"https:\/\/paycore.com\/tr\/6698-sayili-kanun-uyarinca-kisisel-verilerimin-islenmesi\/","url":"https:\/\/paycore.com\/tr\/6698-sayili-kanun-uyarinca-kisisel-verilerimin-islenmesi\/","name":"6698 say\u0131l\u0131 Kanun uyar\u0131nca ki\u015fisel verilerimin i\u015flenmesi - PayCore","isPartOf":{"@id":"https:\/\/paycore.com\/tr\/#website"},"datePublished":"2022-03-21T11:47:53+00:00","dateModified":"2023-06-17T21:06:24+00:00","breadcrumb":{"@id":"https:\/\/paycore.com\/tr\/6698-sayili-kanun-uyarinca-kisisel-verilerimin-islenmesi\/#breadcrumb"},"inLanguage":"tr","potentialAction":[{"@type":"ReadAction","target":["https:\/\/paycore.com\/tr\/6698-sayili-kanun-uyarinca-kisisel-verilerimin-islenmesi\/"]}]},{"@type":"BreadcrumbList","@id":"https:\/\/paycore.com\/tr\/6698-sayili-kanun-uyarinca-kisisel-verilerimin-islenmesi\/#breadcrumb","itemListElement":[{"@type":"ListItem","position":1,"name":"Home","item":"https:\/\/paycore.com\/tr\/"},{"@type":"ListItem","position":2,"name":"6698 say\u0131l\u0131 Kanun uyar\u0131nca ki\u015fisel verilerimin i\u015flenmesi"}]},{"@type":"WebSite","@id":"https:\/\/paycore.com\/tr\/#website","url":"https:\/\/paycore.com\/tr\/","name":"PayCore","description":"","potentialAction":[{"@type":"SearchAction","target":{"@type":"EntryPoint","urlTemplate":"https:\/\/paycore.com\/tr\/?s={search_term_string}"},"query-input":"required name=search_term_string"}],"inLanguage":"tr"}]}},"_links":{"self":[{"href":"https:\/\/paycore.com\/tr\/wp-json\/wp\/v2\/pages\/12745"}],"collection":[{"href":"https:\/\/paycore.com\/tr\/wp-json\/wp\/v2\/pages"}],"about":[{"href":"https:\/\/paycore.com\/tr\/wp-json\/wp\/v2\/types\/page"}],"author":[{"embeddable":true,"href":"https:\/\/paycore.com\/tr\/wp-json\/wp\/v2\/users\/1"}],"replies":[{"embeddable":true,"href":"https:\/\/paycore.com\/tr\/wp-json\/wp\/v2\/comments?post=12745"}],"version-history":[{"count":1,"href":"https:\/\/paycore.com\/tr\/wp-json\/wp\/v2\/pages\/12745\/revisions"}],"predecessor-version":[{"id":15955,"href":"https:\/\/paycore.com\/tr\/wp-json\/wp\/v2\/pages\/12745\/revisions\/15955"}],"wp:attachment":[{"href":"https:\/\/paycore.com\/tr\/wp-json\/wp\/v2\/media?parent=12745"}],"curies":[{"name":"wp","href":"https:\/\/api.w.org\/{rel}","templated":true}]}}