{"id":10909,"date":"2021-12-27T13:33:53","date_gmt":"2021-12-27T10:33:53","guid":{"rendered":"http:\/\/paycore.com\/?page_id=10909"},"modified":"2023-04-11T01:33:54","modified_gmt":"2023-04-10T22:33:54","slug":"bize-katilin","status":"publish","type":"page","link":"https:\/\/paycore.com\/tr\/bize-katilin\/","title":{"rendered":"Bize Kat\u0131l\u0131n"},"content":{"rendered":"<p>[vc_row full_width=&#8221;stretch_row&#8221; kd_background_image_position=&#8221;vc_row-bg-position-top&#8221; kd_bottom_separator_style=&#8221;waves&#8221; kd_bottom_separator_height=&#8221;separator-height-large&#8221; kd_bottom_separator=&#8221;true&#8221; css=&#8221;.vc_custom_1681165811340{padding-top: 220px !important;padding-bottom: 220px !important;background-image: url(http:\/\/paycore.com\/wp-content\/uploads\/2022\/02\/insankultur-05.jpg?id=12161) !important;background-position: center !important;background-repeat: no-repeat !important;background-size: cover !important;}&#8221; el_class=&#8221;intro-section&#8221; css_mobile=&#8221;.vc_custom_1681165811344{margin-bottom: 25px !important;padding-top: 100px !important;padding-bottom: 150px !important;}&#8221; css_tablet_portrait=&#8221;.vc_custom_1681165811343{padding-top: 200px !important;padding-bottom: 250px !important;}&#8221; top_section_title=&#8221;&#8221; bottom_section_title=&#8221;&#8221;][vc_column][vc_row_inner kd_background_image_position=&#8221;vc_row-bg-position-top&#8221;][vc_column_inner]<header class=\"kd-section-title col-lg-12 text-center  subtitle-below-title kd-animated fadeIn   vc_custom_1646892605648\" data-animation-delay=200><h1 class=\"separator_off\" style=\"color: #ffffff;font-size: 52px;line-height: 68px;margin-bottom:30px;\">Bize Kat\u0131l\u0131n<\/h1><h6 class=\"subtitle\" style=\"color: rgba(255,255,255,0.8);\">Tamamen dijital ortam \u00fczerinden y\u00fcr\u00fct\u00fclen bir i\u015fe al\u0131m s\u00fcrecimiz var.<\/h6><\/header>[\/vc_column_inner][\/vc_row_inner][\/vc_column][\/vc_row][vc_row full_width=&#8221;stretch_row_content_no_spaces&#8221; kd_background_image_position=&#8221;vc_row-bg-position-top&#8221; css=&#8221;.vc_custom_1640601085109{margin-top: 50px !important;}&#8221; css_tablet_portrait=&#8221;.vc_custom_1640601085111{margin-top: 0px !important;}&#8221; css_mobile=&#8221;.vc_custom_1640601085112{margin-top: 0px !important;}&#8221;][vc_column css=&#8221;.vc_custom_1597665991208{padding-right: 0px !important;padding-left: 0px !important;}&#8221;][vc_row_inner full_width=&#8221;inner_row_contained&#8221; kd_background_image_position=&#8221;vc_row-bg-position-top&#8221; css=&#8221;.vc_custom_1643026060306{padding-top: 250px !important;background-image: url(http:\/\/paycore.com\/wp-content\/uploads\/2022\/01\/bize-katilin3.jpg?id=11354) !important;background-position: center !important;background-repeat: no-repeat !important;background-size: cover !important;}&#8221; css_tablet_portrait=&#8221;.vc_custom_1643026060306{margin-right: 0px !important;margin-left: 0px !important;padding-top: 100px !important;padding-bottom: 100px !important;border-radius: 0px !important;}&#8221; css_mobile=&#8221;.vc_custom_1643026060307{margin-right: 0px !important;margin-left: 0px !important;padding-top: 100px !important;padding-bottom: 0px !important;background-image: url(https:\/\/www.swaytheme.com\/auto-service\/wp-content\/uploads\/sites\/37\/2020\/09\/auto-shapes.png?id=8717) !important;border-radius: 0px !important;}&#8221; css_tablet_landscape=&#8221;.vc_custom_1643026060306{margin-right: 0px !important;margin-left: 0px !important;padding-top: 150px !important;padding-bottom: 150px !important;border-radius: 0px !important;}&#8221;][vc_column_inner width=&#8221;1\/2&#8243; css_tablet_portrait=&#8221;.vc_custom_1643026269476{padding-left: 30px !important;}&#8221; css_mobile=&#8221;.vc_custom_1643026269477{padding-right: 15px !important;padding-left: 15px !important;}&#8221; css=&#8221;.vc_custom_1643026269476{margin-top: -250px !important;padding-right: 100px !important;}&#8221;][vc_empty_space height=&#8221;160px&#8221;]<header class=\"kd-section-title col-lg-12 text-left  subtitle-below-title kd-animated fadeIn   vc_custom_1669059051240\" data-animation-delay=200><h6 class=\"subtitle\" style=\"color: #777777;\">Gelece\u011fimizi \u015fekillendirerek d\u00fcnyay\u0131 de\u011fi\u015ftirecek yeni yetenekleri \u00f6zenle se\u00e7iyoruz.<\/p>\n<p>De\u011fi\u015fen trendlerle birlikte, g\u00fcn\u00fcm\u00fczde i\u015fe al\u0131m s\u00fcre\u00e7leri de h\u0131zla dijital platformlara ta\u015f\u0131n\u0131yor. Biz de bu s\u00fcrece uyum sa\u011flayarak i\u015fe al\u0131m s\u00fcrecimizdeki t\u00fcm a\u015famalarda dijitalle\u015fme y\u00f6n\u00fcnde \u00f6nemli ad\u0131mlar atmaya gayret g\u00f6steriyoruz.<\/p>\n<p>Amac\u0131m\u0131z, bizi gelece\u011fe ta\u015f\u0131yacak ve uygun yetkinliklere sahip \u00e7al\u0131\u015fanlar\u0131 i\u015fe almak ve bu ki\u015fileri en k\u0131sa s\u00fcrede geli\u015ftirerek i\u015f sonu\u00e7lar\u0131na katk\u0131lar\u0131n\u0131 art\u0131rmakt\u0131r. De\u011ferlerimize uyumlu ve gelece\u011fimize inan\u00e7l\u0131 \u00e7al\u0131\u015fma arkada\u015flar\u0131m\u0131z\u0131 aram\u0131zda g\u00f6rmek istiyoruz.<\/h6><\/header>[\/vc_column_inner][vc_column_inner width=&#8221;1\/2&#8243; css=&#8221;.vc_custom_1597672141666{padding-top: 100px !important;}&#8221;][\/vc_column_inner][vc_column_inner][\/vc_column_inner][\/vc_row_inner][\/vc_column][\/vc_row][vc_row disable_element=&#8221;yes&#8221; kd_background_image_position=&#8221;vc_row-bg-position-top&#8221;][vc_column]<header class=\"kd-section-title col-lg-12 text-center  subtitle-below-title kd-animated fadeIn   vc_custom_1642578157028\" data-animation-delay=200><h2 class=\"separator_off\" style=\"font-size: 52px;line-height: 78px;font-weight: 500;\">Bize Kat\u0131l\u0131n<\/h2><h6 class=\"subtitle\" style=\"color: #777777;\">\u0130\u015f ilanlar\u0131m\u0131z\u0131 g\u00f6rmek i\u00e7in alttaki ba\u011flant\u0131lara t\u0131klay\u0131n\u0131z.<\/h6><\/header>[vc_row_inner kd_background_image_position=&#8221;vc_row-bg-position-top&#8221; css=&#8221;.vc_custom_1642578148281{padding-bottom: 50px !important;}&#8221;][vc_column_inner width=&#8221;1\/4&#8243;][\/vc_column_inner][vc_column_inner width=&#8221;1\/4&#8243;][vc_single_image image=&#8221;10922&#8243; img_size=&#8221;200&#215;50&#8243; onclick=&#8221;custom_link&#8221; img_link_target=&#8221;_blank&#8221; link=&#8221;https:\/\/www.kariyer.net\/is-ilanlari\/?ckw=Paycore&amp;hc=T&amp;is=1&#8243;][\/vc_column_inner][vc_column_inner width=&#8221;1\/4&#8243;][vc_single_image image=&#8221;10920&#8243; img_size=&#8221;200&#215;50&#8243; onclick=&#8221;custom_link&#8221; img_link_target=&#8221;_blank&#8221; link=&#8221;https:\/\/www.linkedin.com\/jobs\/paycore-jobs-worldwide?f_C=12983447&amp;trk=top-card_top-card-primary-button-top-card-primary-cta&amp;position=1&amp;pageNum=0&#8243;][\/vc_column_inner][vc_column_inner width=&#8221;1\/4&#8243;][\/vc_column_inner][\/vc_row_inner][\/vc_column][\/vc_row][vc_row kd_background_image_position=&#8221;vc_row-bg-position-top&#8221;][vc_column][vc_empty_space][\/vc_column][vc_column][vc_row_inner kd_background_image_position=&#8221;vc_row-bg-position-top&#8221; css=&#8221;.vc_custom_1642578148281{padding-bottom: 50px !important;}&#8221;][vc_column_inner width=&#8221;1\/4&#8243; offset=&#8221;vc_hidden-xs&#8221;][\/vc_column_inner][vc_column_inner width=&#8221;1\/4&#8243; offset=&#8221;vc_col-xs-6&#8243;][vc_single_image image=&#8221;14269&#8243; img_size=&#8221;full&#8221; alignment=&#8221;center&#8221; onclick=&#8221;custom_link&#8221; img_link_target=&#8221;_blank&#8221; link=&#8221;https:\/\/www.kariyer.net\/is-ilanlari\/?ckw=Paycore&amp;hc=T&amp;is=1&#8243;][\/vc_column_inner][vc_column_inner width=&#8221;1\/4&#8243; offset=&#8221;vc_col-xs-6&#8243;][vc_single_image image=&#8221;14271&#8243; img_size=&#8221;full&#8221; alignment=&#8221;center&#8221; onclick=&#8221;custom_link&#8221; img_link_target=&#8221;_blank&#8221; link=&#8221;https:\/\/www.linkedin.com\/jobs\/paycore-jobs-worldwide?f_C=12983447&amp;trk=top-card_top-card-primary-button-top-card-primary-cta&amp;position=1&amp;pageNum=0&#8243;][\/vc_column_inner][vc_column_inner width=&#8221;1\/4&#8243; offset=&#8221;vc_hidden-xs&#8221;][\/vc_column_inner][\/vc_row_inner][\/vc_column][\/vc_row][vc_row full_width=&#8221;stretch_row&#8221; disable_element=&#8221;yes&#8221; kd_background_image_position=&#8221;vc_row-bg-position-top&#8221;][vc_column][vc_row_inner kd_background_image_position=&#8221;vc_row-bg-position-top&#8221; css=&#8221;.vc_custom_1598608475417{padding-top: 100px !important;padding-bottom: 100px !important;}&#8221;][vc_column_inner css=&#8221;.vc_custom_1598612761054{padding-right: 0px !important;padding-left: 0px !important;}&#8221;]\r\n                <div class=\"photobox-carousel pbc-parent pbc-contained-layout loop_on black-navigation kd-pbc-69f1faa7efd97 nav-arrows\">\r\n                    <div class=\"pbc-content\"><div class=\"kd-photobox  \" ><a href=\"https:\/\/www.kariyer.net\/is-ilanlari\/?ckw=Paycore&hc=T&is=1\" target=\"_blank\" title=\"\"><div class=\"photobox-img\"><img width=\"500\" height=\"300\" src=\"https:\/\/paycore.com\/wp-content\/uploads\/2021\/12\/kariyer.jpg\" class=\"attachment-full\" alt=\"\" loading=\"lazy\" srcset=\"https:\/\/paycore.com\/wp-content\/uploads\/2021\/12\/kariyer.jpg 500w, https:\/\/paycore.com\/wp-content\/uploads\/2021\/12\/kariyer-300x180.jpg 300w\" sizes=\"(max-width: 500px) 100vw, 500px\" \/><\/div><div class=\"phb-content text-center \"><h5 >Kariyer.net<\/h5><p >\u0130\u015f ilanlar\u0131 i\u00e7in t\u0131klay\u0131n\u0131z<\/p><\/div><\/a><\/div><div class=\"kd-photobox  \" ><a href=\"https:\/\/www.linkedin.com\/jobs\/paycore-jobs-worldwide?f_C=12983447&trk=top-card_top-card-primary-button-top-card-primary-cta&position=1&pageNum=0\" target=\"_blank\" title=\"\"><div class=\"photobox-img\"><img width=\"500\" height=\"300\" src=\"https:\/\/paycore.com\/wp-content\/uploads\/2021\/12\/linkedin.jpg\" class=\"attachment-full\" alt=\"\" loading=\"lazy\" srcset=\"https:\/\/paycore.com\/wp-content\/uploads\/2021\/12\/linkedin.jpg 500w, https:\/\/paycore.com\/wp-content\/uploads\/2021\/12\/linkedin-300x180.jpg 300w\" sizes=\"(max-width: 500px) 100vw, 500px\" \/><\/div><div class=\"phb-content text-center \"><h5 >Linkedin<\/h5><p >\u0130\u015f ilanlar\u0131 i\u00e7in t\u0131klay\u0131n\u0131z<\/p><\/div><\/a><\/div><\/div>\r\n                <\/div><script>\r\n          \t\t\t\tjQuery(document).ready(function($){\r\n                    if ($(\".photobox-carousel.kd-pbc-69f1faa7efd97 .pbc-content\").length) {\r\n                      $(\".photobox-carousel.kd-pbc-69f1faa7efd97 .pbc-content\").owlCarousel({\r\n                          stageClass: \"owl-wrapper\",\r\n                          stageOuterClass: \"owl-wrapper-outer\",\r\n                          loadedClass: \"owl-carousel\",\r\n                          responsive:{\r\n                              0:{\r\n                                  items:1,\r\n                                  dots: false,\r\n                                  nav: true,\r\n                                  navSpeed: 500,\r\n                              },\r\n                              768:{\r\n                                  items:2,\r\n                                  dots: false,\r\n                                  nav: true,\r\n                                  navSpeed: 500,\r\n                              },\r\n                              1199:{items:2,dots: false,\r\n                              nav: true,\r\n                              navSpeed: 500,\r\n                              },\r\n                              1366:{items:2,\nnav: true,\r\n                                      navSpeed: 500,\r\n                                      dots: false,}\r\n                          },\r\n                          checkVisible: false,\nloop: true,\nautoplay: false,\nautoplayHoverPause: false,addClassActive: true,\r\n                      });\r\n                    }\r\n          \t\t\t\t});\r\n          \t\t\t<\/script>[\/vc_column_inner][\/vc_row_inner][\/vc_column][\/vc_row]<\/p>\n","protected":false},"excerpt":{"rendered":"<p>[vc_row full_width=&#8221;stretch_row&#8221; kd_background_image_position=&#8221;vc_row-bg-position-top&#8221; kd_bottom_separator_style=&#8221;waves&#8221; kd_bottom_separator_height=&#8221;separator-height-large&#8221; kd_bottom_separator=&#8221;true&#8221; css=&#8221;.vc_custom_1681165811340{padding-top: 220px !important;padding-bottom: 220px !important;background-image: url(http:\/\/paycore.com\/wp-content\/uploads\/2022\/02\/insankultur-05.jpg?id=12161) !important;background-position: center !important;background-repeat: no-repeat !important;background-size: cover !important;}&#8221; el_class=&#8221;intro-section&#8221; [&hellip;]<\/p>\n","protected":false},"author":1,"featured_media":0,"parent":0,"menu_order":0,"comment_status":"closed","ping_status":"closed","template":"","meta":[],"yoast_head":"<!-- This site is optimized with the Yoast SEO plugin v19.8 - https:\/\/yoast.com\/wordpress\/plugins\/seo\/ -->\n<title>Bize Kat\u0131l\u0131n - PayCore<\/title>\n<meta name=\"robots\" content=\"index, follow, max-snippet:-1, max-image-preview:large, max-video-preview:-1\" \/>\n<link rel=\"canonical\" href=\"https:\/\/paycore.com\/tr\/bize-katilin\/\" \/>\n<meta property=\"og:locale\" content=\"tr_TR\" \/>\n<meta property=\"og:type\" content=\"article\" \/>\n<meta property=\"og:title\" content=\"Bize Kat\u0131l\u0131n - PayCore\" \/>\n<meta property=\"og:description\" content=\"[vc_row full_width=&#8221;stretch_row&#8221; kd_background_image_position=&#8221;vc_row-bg-position-top&#8221; kd_bottom_separator_style=&#8221;waves&#8221; kd_bottom_separator_height=&#8221;separator-height-large&#8221; kd_bottom_separator=&#8221;true&#8221; css=&#8221;.vc_custom_1681165811340{padding-top: 220px !important;padding-bottom: 220px !important;background-image: url(http:\/\/paycore.com\/wp-content\/uploads\/2022\/02\/insankultur-05.jpg?id=12161) !important;background-position: center !important;background-repeat: no-repeat !important;background-size: cover !important;}&#8221; el_class=&#8221;intro-section&#8221; [&hellip;]\" \/>\n<meta property=\"og:url\" content=\"https:\/\/paycore.com\/tr\/bize-katilin\/\" \/>\n<meta property=\"og:site_name\" content=\"PayCore\" \/>\n<meta property=\"article:modified_time\" content=\"2023-04-10T22:33:54+00:00\" \/>\n<meta name=\"twitter:card\" content=\"summary_large_image\" \/>\n<meta name=\"twitter:label1\" content=\"Tahmini okuma s\u00fcresi\" \/>\n\t<meta name=\"twitter:data1\" content=\"2 dakika\" \/>\n<script type=\"application\/ld+json\" class=\"yoast-schema-graph\">{\"@context\":\"https:\/\/schema.org\",\"@graph\":[{\"@type\":\"WebPage\",\"@id\":\"https:\/\/paycore.com\/tr\/bize-katilin\/\",\"url\":\"https:\/\/paycore.com\/tr\/bize-katilin\/\",\"name\":\"Bize Kat\u0131l\u0131n - PayCore\",\"isPartOf\":{\"@id\":\"https:\/\/paycore.com\/tr\/#website\"},\"datePublished\":\"2021-12-27T10:33:53+00:00\",\"dateModified\":\"2023-04-10T22:33:54+00:00\",\"breadcrumb\":{\"@id\":\"https:\/\/paycore.com\/tr\/bize-katilin\/#breadcrumb\"},\"inLanguage\":\"tr\",\"potentialAction\":[{\"@type\":\"ReadAction\",\"target\":[\"https:\/\/paycore.com\/tr\/bize-katilin\/\"]}]},{\"@type\":\"BreadcrumbList\",\"@id\":\"https:\/\/paycore.com\/tr\/bize-katilin\/#breadcrumb\",\"itemListElement\":[{\"@type\":\"ListItem\",\"position\":1,\"name\":\"Home\",\"item\":\"https:\/\/paycore.com\/tr\/\"},{\"@type\":\"ListItem\",\"position\":2,\"name\":\"Bize Kat\u0131l\u0131n\"}]},{\"@type\":\"WebSite\",\"@id\":\"https:\/\/paycore.com\/tr\/#website\",\"url\":\"https:\/\/paycore.com\/tr\/\",\"name\":\"PayCore\",\"description\":\"\",\"potentialAction\":[{\"@type\":\"SearchAction\",\"target\":{\"@type\":\"EntryPoint\",\"urlTemplate\":\"https:\/\/paycore.com\/tr\/?s={search_term_string}\"},\"query-input\":\"required name=search_term_string\"}],\"inLanguage\":\"tr\"}]}<\/script>\n<!-- \/ Yoast SEO plugin. -->","yoast_head_json":{"title":"Bize Kat\u0131l\u0131n - PayCore","robots":{"index":"index","follow":"follow","max-snippet":"max-snippet:-1","max-image-preview":"max-image-preview:large","max-video-preview":"max-video-preview:-1"},"canonical":"https:\/\/paycore.com\/tr\/bize-katilin\/","og_locale":"tr_TR","og_type":"article","og_title":"Bize Kat\u0131l\u0131n - PayCore","og_description":"[vc_row full_width=&#8221;stretch_row&#8221; kd_background_image_position=&#8221;vc_row-bg-position-top&#8221; kd_bottom_separator_style=&#8221;waves&#8221; kd_bottom_separator_height=&#8221;separator-height-large&#8221; kd_bottom_separator=&#8221;true&#8221; css=&#8221;.vc_custom_1681165811340{padding-top: 220px !important;padding-bottom: 220px !important;background-image: url(http:\/\/paycore.com\/wp-content\/uploads\/2022\/02\/insankultur-05.jpg?id=12161) !important;background-position: center !important;background-repeat: no-repeat !important;background-size: cover !important;}&#8221; el_class=&#8221;intro-section&#8221; [&hellip;]","og_url":"https:\/\/paycore.com\/tr\/bize-katilin\/","og_site_name":"PayCore","article_modified_time":"2023-04-10T22:33:54+00:00","twitter_card":"summary_large_image","twitter_misc":{"Tahmini okuma s\u00fcresi":"2 dakika"},"schema":{"@context":"https:\/\/schema.org","@graph":[{"@type":"WebPage","@id":"https:\/\/paycore.com\/tr\/bize-katilin\/","url":"https:\/\/paycore.com\/tr\/bize-katilin\/","name":"Bize Kat\u0131l\u0131n - PayCore","isPartOf":{"@id":"https:\/\/paycore.com\/tr\/#website"},"datePublished":"2021-12-27T10:33:53+00:00","dateModified":"2023-04-10T22:33:54+00:00","breadcrumb":{"@id":"https:\/\/paycore.com\/tr\/bize-katilin\/#breadcrumb"},"inLanguage":"tr","potentialAction":[{"@type":"ReadAction","target":["https:\/\/paycore.com\/tr\/bize-katilin\/"]}]},{"@type":"BreadcrumbList","@id":"https:\/\/paycore.com\/tr\/bize-katilin\/#breadcrumb","itemListElement":[{"@type":"ListItem","position":1,"name":"Home","item":"https:\/\/paycore.com\/tr\/"},{"@type":"ListItem","position":2,"name":"Bize Kat\u0131l\u0131n"}]},{"@type":"WebSite","@id":"https:\/\/paycore.com\/tr\/#website","url":"https:\/\/paycore.com\/tr\/","name":"PayCore","description":"","potentialAction":[{"@type":"SearchAction","target":{"@type":"EntryPoint","urlTemplate":"https:\/\/paycore.com\/tr\/?s={search_term_string}"},"query-input":"required name=search_term_string"}],"inLanguage":"tr"}]}},"_links":{"self":[{"href":"https:\/\/paycore.com\/tr\/wp-json\/wp\/v2\/pages\/10909"}],"collection":[{"href":"https:\/\/paycore.com\/tr\/wp-json\/wp\/v2\/pages"}],"about":[{"href":"https:\/\/paycore.com\/tr\/wp-json\/wp\/v2\/types\/page"}],"author":[{"embeddable":true,"href":"https:\/\/paycore.com\/tr\/wp-json\/wp\/v2\/users\/1"}],"replies":[{"embeddable":true,"href":"https:\/\/paycore.com\/tr\/wp-json\/wp\/v2\/comments?post=10909"}],"version-history":[{"count":18,"href":"https:\/\/paycore.com\/tr\/wp-json\/wp\/v2\/pages\/10909\/revisions"}],"predecessor-version":[{"id":15794,"href":"https:\/\/paycore.com\/tr\/wp-json\/wp\/v2\/pages\/10909\/revisions\/15794"}],"wp:attachment":[{"href":"https:\/\/paycore.com\/tr\/wp-json\/wp\/v2\/media?parent=10909"}],"curies":[{"name":"wp","href":"https:\/\/api.w.org\/{rel}","templated":true}]}}