{"id":10586,"date":"2021-12-12T15:29:37","date_gmt":"2021-12-12T12:29:37","guid":{"rendered":"http:\/\/paycore.com\/?page_id=10586"},"modified":"2022-04-01T14:19:00","modified_gmt":"2022-04-01T11:19:00","slug":"basin-yansimalari","status":"publish","type":"page","link":"https:\/\/paycore.com\/tr\/basin-yansimalari\/","title":{"rendered":"Bas\u0131n Yans\u0131malar\u0131"},"content":{"rendered":"<p>[vc_row full_width=&#8221;stretch_row&#8221; kd_background_image_position=&#8221;vc_row-bg-position-top&#8221; css=&#8221;.vc_custom_1541417547006{padding-top: 100px !important;}&#8221;][vc_column css=&#8221;.vc_custom_1515677064675{padding-right: 0px !important;padding-left: 0px !important;}&#8221;][vc_tta_tabs][vc_tta_section title=&#8221;Yerel&#8221; tab_id=&#8221;1639312196133-b7ab249a-50da&#8221;][vc_empty_space][vc_row_inner kd_background_image_position=&#8221;vc_row-bg-position-top&#8221; css=&#8221;.vc_custom_1619538371141{padding-bottom: 70px !important;}&#8221; css_tablet_portrait=&#8221;.vc_custom_1619538371142{padding-bottom: 0px !important;}&#8221; css_mobile=&#8221;.vc_custom_1619538371142{padding-bottom: 0px !important;}&#8221; css_tablet_landscape=&#8221;.vc_custom_1619538371142{padding-bottom: 0px !important;}&#8221;][vc_column_inner width=&#8221;1\/3&#8243; css_tablet_portrait=&#8221;.vc_custom_1617894474157{padding-right: 15px !important;}&#8221; css_mobile=&#8221;.vc_custom_1617894474157{padding-right: 15px !important;}&#8221;]<div class=\"key-icon-box icon-default icon-top cont-left ib-hover-1    with-border   kd-animated fadeInUp\" style=\"background-color: #f7f7f7;border: 1px solid #e7e7e7;margin-bottom:30px;\" data-animation-delay=200><div class=\"fullwidth-image\"><div class=\"tt-iconbox-customimg\"><img width=\"250\" height=\"112\" src=\"https:\/\/paycore.com\/wp-content\/uploads\/2021\/12\/3.jpg\" class=\"attachment-full\" alt=\"\" loading=\"lazy\" \/><\/div><\/div><div class=\"ib-wrapper\" style=\"padding-top:40px;padding-bottom:40px;padding-left:60px;padding-right:60px;\"><p style=\"font-size: 16px;\"><\/p>\n<p style=\"text-align: center;\">Ali Kan\u00e7al Fast Company R\u00f6portaj\u0131 Yay\u0131nda!<\/p>\n<p><\/p><div class=\"ib-button-wrapper\"><a class=\"tt_button tt_primary_button btn_primary_color hover_solid_secondary\" href=\"#\" target=\"_self\">Daha Fazla<\/a><\/div><\/div><\/div>[\/vc_column_inner][vc_column_inner width=&#8221;1\/3&#8243; css_tablet_portrait=&#8221;.vc_custom_1617894477724{padding-right: 15px !important;}&#8221; css_mobile=&#8221;.vc_custom_1617894477724{padding-right: 15px !important;}&#8221;]<div class=\"key-icon-box icon-default icon-top cont-left ib-hover-1    with-border   kd-animated fadeInUp\" style=\"background-color: #f7f7f7;border: 1px solid #e7e7e7;margin-bottom:30px;\" data-animation-delay=200><div class=\"fullwidth-image\"><div class=\"tt-iconbox-customimg\"><img width=\"250\" height=\"112\" src=\"https:\/\/paycore.com\/wp-content\/uploads\/2021\/12\/4.jpg\" class=\"attachment-full\" alt=\"\" loading=\"lazy\" \/><\/div><\/div><div class=\"ib-wrapper\" style=\"padding-top:40px;padding-bottom:40px;padding-left:60px;padding-right:60px;\"><p style=\"font-size: 16px;\"><\/p>\n<p style=\"text-align: center;\">Ali Kan\u00e7al Capital R\u00f6portaj\u0131 Yay\u0131nda!<\/p>\n<p>\u00a0<\/p><div class=\"ib-button-wrapper\"><a class=\"tt_button tt_primary_button btn_primary_color hover_solid_secondary\" href=\"#\" target=\"_self\">Daha Fazla<\/a><\/div><\/div><\/div>[\/vc_column_inner][vc_column_inner width=&#8221;1\/3&#8243; css_tablet_portrait=&#8221;.vc_custom_1617894482379{padding-right: 15px !important;}&#8221; css_mobile=&#8221;.vc_custom_1617894482380{padding-right: 15px !important;}&#8221;]<div class=\"key-icon-box icon-default icon-top cont-left ib-hover-1    with-border   kd-animated fadeInUp\" style=\"background-color: #f7f7f7;border: 1px solid #e7e7e7;margin-bottom:30px;\" data-animation-delay=200><div class=\"fullwidth-image\"><div class=\"tt-iconbox-customimg\"><img width=\"250\" height=\"112\" src=\"https:\/\/paycore.com\/wp-content\/uploads\/2021\/12\/5.jpg\" class=\"attachment-full\" alt=\"\" loading=\"lazy\" \/><\/div><\/div><div class=\"ib-wrapper\" style=\"padding-top:40px;padding-bottom:40px;padding-left:60px;padding-right:60px;\"><p style=\"font-size: 16px;\"><\/p>\n<p style=\"text-align: center;\">PayCore\u2019un \u00c7o\u011funluk Hissesini Mediterra Capital Sat\u0131n Ald\u0131<\/p>\n<p><\/p><div class=\"ib-button-wrapper\"><a class=\"tt_button tt_primary_button btn_primary_color hover_solid_secondary\" href=\"#\" target=\"_self\">Daha Fazla<\/a><\/div><\/div><\/div>[\/vc_column_inner][\/vc_row_inner][vc_empty_space][vc_row_inner kd_background_image_position=&#8221;vc_row-bg-position-top&#8221; css=&#8221;.vc_custom_1619538371141{padding-bottom: 70px !important;}&#8221; css_tablet_portrait=&#8221;.vc_custom_1619538371142{padding-bottom: 0px !important;}&#8221; css_mobile=&#8221;.vc_custom_1619538371142{padding-bottom: 0px !important;}&#8221; css_tablet_landscape=&#8221;.vc_custom_1619538371142{padding-bottom: 0px !important;}&#8221;][vc_column_inner width=&#8221;1\/3&#8243; css_tablet_portrait=&#8221;.vc_custom_1617894474157{padding-right: 15px !important;}&#8221; css_mobile=&#8221;.vc_custom_1617894474157{padding-right: 15px !important;}&#8221;]<div class=\"key-icon-box icon-default icon-top cont-left ib-hover-1    with-border   kd-animated fadeInUp\" style=\"background-color: #f7f7f7;border: 1px solid #e7e7e7;margin-bottom:30px;\" data-animation-delay=200><div class=\"fullwidth-image\"><div class=\"tt-iconbox-customimg\"><img width=\"250\" height=\"112\" src=\"https:\/\/paycore.com\/wp-content\/uploads\/2021\/12\/6.jpg\" class=\"attachment-full\" alt=\"\" loading=\"lazy\" \/><\/div><\/div><div class=\"ib-wrapper\" style=\"padding-top:40px;padding-bottom:40px;padding-left:60px;padding-right:60px;\"><p style=\"font-size: 16px;\"><\/p>\n<p style=\"text-align: center;\">PayCore\u2019un \u00c7o\u011funluk Hissesini Mediterra Capital Sat\u0131n Ald\u0131<\/p>\n<p><\/p><div class=\"ib-button-wrapper\"><a class=\"tt_button tt_primary_button btn_primary_color hover_solid_secondary\" href=\"#\" target=\"_self\">Daha Fazla<\/a><\/div><\/div><\/div>[\/vc_column_inner][vc_column_inner width=&#8221;1\/3&#8243; css_tablet_portrait=&#8221;.vc_custom_1617894477724{padding-right: 15px !important;}&#8221; css_mobile=&#8221;.vc_custom_1617894477724{padding-right: 15px !important;}&#8221;]<div class=\"key-icon-box icon-default icon-top cont-left ib-hover-1    with-border   kd-animated fadeInUp\" style=\"background-color: #f7f7f7;border: 1px solid #e7e7e7;margin-bottom:30px;\" data-animation-delay=200><div class=\"fullwidth-image\"><div class=\"tt-iconbox-customimg\"><img width=\"250\" height=\"112\" src=\"https:\/\/paycore.com\/wp-content\/uploads\/2021\/12\/7.jpg\" class=\"attachment-full\" alt=\"\" loading=\"lazy\" \/><\/div><\/div><div class=\"ib-wrapper\" style=\"padding-top:40px;padding-bottom:40px;padding-left:60px;padding-right:60px;\"><p style=\"font-size: 16px;\"><\/p>\n<p style=\"text-align: center;\">Turgut G\u00fcney PSM R\u00f6portaj\u0131!<\/p>\n<p>\u00a0<\/p><div class=\"ib-button-wrapper\"><a class=\"tt_button tt_primary_button btn_primary_color hover_solid_secondary\" href=\"#\" target=\"_self\">Daha Fazla<\/a><\/div><\/div><\/div>[\/vc_column_inner][vc_column_inner width=&#8221;1\/3&#8243; css_tablet_portrait=&#8221;.vc_custom_1617894482379{padding-right: 15px !important;}&#8221; css_mobile=&#8221;.vc_custom_1617894482380{padding-right: 15px !important;}&#8221;]<div class=\"key-icon-box icon-default icon-top cont-left ib-hover-1    with-border   kd-animated fadeInUp\" style=\"background-color: #f7f7f7;border: 1px solid #e7e7e7;margin-bottom:30px;\" data-animation-delay=200><div class=\"fullwidth-image\"><div class=\"tt-iconbox-customimg\"><img width=\"250\" height=\"112\" src=\"https:\/\/paycore.com\/wp-content\/uploads\/2021\/12\/8.jpg\" class=\"attachment-full\" alt=\"\" loading=\"lazy\" \/><\/div><\/div><div class=\"ib-wrapper\" style=\"padding-top:40px;padding-bottom:40px;padding-left:60px;padding-right:60px;\"><p style=\"font-size: 16px;\"><\/p>\n<p style=\"text-align: center;\">Turgut G\u00fcney Ekonomist R\u00f6portaj\u0131!<\/p>\n<p>\u00a0<\/p><div class=\"ib-button-wrapper\"><a class=\"tt_button tt_primary_button btn_primary_color hover_solid_secondary\" href=\"#\" target=\"_self\">Daha Fazla<\/a><\/div><\/div><\/div>[\/vc_column_inner][\/vc_row_inner][\/vc_tta_section][\/vc_tta_tabs][\/vc_column][\/vc_row][vc_row full_width=&#8221;stretch_row&#8221; kd_background_image_position=&#8221;vc_row-bg-position-top&#8221; css=&#8221;.vc_custom_1617896304283{padding-top: 100px !important;}&#8221;][vc_column css=&#8221;.vc_custom_1516008233239{padding-right: 0px !important;padding-left: 0px !important;}&#8221;][\/vc_column][\/vc_row]<\/p>\n","protected":false},"excerpt":{"rendered":"<p>[vc_row full_width=&#8221;stretch_row&#8221; kd_background_image_position=&#8221;vc_row-bg-position-top&#8221; css=&#8221;.vc_custom_1541417547006{padding-top: 100px !important;}&#8221;][vc_column css=&#8221;.vc_custom_1515677064675{padding-right: 0px !important;padding-left: 0px !important;}&#8221;][vc_tta_tabs][vc_tta_section title=&#8221;Yerel&#8221; tab_id=&#8221;1639312196133-b7ab249a-50da&#8221;][vc_empty_space][vc_row_inner kd_background_image_position=&#8221;vc_row-bg-position-top&#8221; css=&#8221;.vc_custom_1619538371141{padding-bottom: 70px !important;}&#8221; css_tablet_portrait=&#8221;.vc_custom_1619538371142{padding-bottom: 0px !important;}&#8221; [&hellip;]<\/p>\n","protected":false},"author":1,"featured_media":0,"parent":0,"menu_order":0,"comment_status":"closed","ping_status":"closed","template":"","meta":[],"yoast_head":"<!-- This site is optimized with the Yoast SEO plugin v19.8 - https:\/\/yoast.com\/wordpress\/plugins\/seo\/ -->\n<title>Bas\u0131n Yans\u0131malar\u0131 - PayCore<\/title>\n<meta name=\"robots\" content=\"index, follow, max-snippet:-1, max-image-preview:large, max-video-preview:-1\" \/>\n<link rel=\"canonical\" href=\"https:\/\/paycore.com\/tr\/basin-yansimalari\/\" \/>\n<meta property=\"og:locale\" content=\"tr_TR\" \/>\n<meta property=\"og:type\" content=\"article\" \/>\n<meta property=\"og:title\" content=\"Bas\u0131n Yans\u0131malar\u0131 - PayCore\" \/>\n<meta property=\"og:description\" content=\"[vc_row full_width=&#8221;stretch_row&#8221; kd_background_image_position=&#8221;vc_row-bg-position-top&#8221; css=&#8221;.vc_custom_1541417547006{padding-top: 100px !important;}&#8221;][vc_column css=&#8221;.vc_custom_1515677064675{padding-right: 0px !important;padding-left: 0px !important;}&#8221;][vc_tta_tabs][vc_tta_section title=&#8221;Yerel&#8221; tab_id=&#8221;1639312196133-b7ab249a-50da&#8221;][vc_empty_space][vc_row_inner kd_background_image_position=&#8221;vc_row-bg-position-top&#8221; css=&#8221;.vc_custom_1619538371141{padding-bottom: 70px !important;}&#8221; css_tablet_portrait=&#8221;.vc_custom_1619538371142{padding-bottom: 0px !important;}&#8221; [&hellip;]\" \/>\n<meta property=\"og:url\" content=\"https:\/\/paycore.com\/tr\/basin-yansimalari\/\" \/>\n<meta property=\"og:site_name\" content=\"PayCore\" \/>\n<meta property=\"article:modified_time\" content=\"2022-04-01T11:19:00+00:00\" \/>\n<meta name=\"twitter:card\" content=\"summary_large_image\" \/>\n<meta name=\"twitter:label1\" content=\"Tahmini okuma s\u00fcresi\" \/>\n\t<meta name=\"twitter:data1\" content=\"6 dakika\" \/>\n<script type=\"application\/ld+json\" class=\"yoast-schema-graph\">{\"@context\":\"https:\/\/schema.org\",\"@graph\":[{\"@type\":\"WebPage\",\"@id\":\"https:\/\/paycore.com\/tr\/basin-yansimalari\/\",\"url\":\"https:\/\/paycore.com\/tr\/basin-yansimalari\/\",\"name\":\"Bas\u0131n Yans\u0131malar\u0131 - PayCore\",\"isPartOf\":{\"@id\":\"https:\/\/paycore.com\/tr\/#website\"},\"datePublished\":\"2021-12-12T12:29:37+00:00\",\"dateModified\":\"2022-04-01T11:19:00+00:00\",\"breadcrumb\":{\"@id\":\"https:\/\/paycore.com\/tr\/basin-yansimalari\/#breadcrumb\"},\"inLanguage\":\"tr\",\"potentialAction\":[{\"@type\":\"ReadAction\",\"target\":[\"https:\/\/paycore.com\/tr\/basin-yansimalari\/\"]}]},{\"@type\":\"BreadcrumbList\",\"@id\":\"https:\/\/paycore.com\/tr\/basin-yansimalari\/#breadcrumb\",\"itemListElement\":[{\"@type\":\"ListItem\",\"position\":1,\"name\":\"Home\",\"item\":\"https:\/\/paycore.com\/tr\/\"},{\"@type\":\"ListItem\",\"position\":2,\"name\":\"Bas\u0131n Yans\u0131malar\u0131\"}]},{\"@type\":\"WebSite\",\"@id\":\"https:\/\/paycore.com\/tr\/#website\",\"url\":\"https:\/\/paycore.com\/tr\/\",\"name\":\"PayCore\",\"description\":\"\",\"potentialAction\":[{\"@type\":\"SearchAction\",\"target\":{\"@type\":\"EntryPoint\",\"urlTemplate\":\"https:\/\/paycore.com\/tr\/?s={search_term_string}\"},\"query-input\":\"required name=search_term_string\"}],\"inLanguage\":\"tr\"}]}<\/script>\n<!-- \/ Yoast SEO plugin. -->","yoast_head_json":{"title":"Bas\u0131n Yans\u0131malar\u0131 - PayCore","robots":{"index":"index","follow":"follow","max-snippet":"max-snippet:-1","max-image-preview":"max-image-preview:large","max-video-preview":"max-video-preview:-1"},"canonical":"https:\/\/paycore.com\/tr\/basin-yansimalari\/","og_locale":"tr_TR","og_type":"article","og_title":"Bas\u0131n Yans\u0131malar\u0131 - PayCore","og_description":"[vc_row full_width=&#8221;stretch_row&#8221; kd_background_image_position=&#8221;vc_row-bg-position-top&#8221; css=&#8221;.vc_custom_1541417547006{padding-top: 100px !important;}&#8221;][vc_column css=&#8221;.vc_custom_1515677064675{padding-right: 0px !important;padding-left: 0px !important;}&#8221;][vc_tta_tabs][vc_tta_section title=&#8221;Yerel&#8221; tab_id=&#8221;1639312196133-b7ab249a-50da&#8221;][vc_empty_space][vc_row_inner kd_background_image_position=&#8221;vc_row-bg-position-top&#8221; css=&#8221;.vc_custom_1619538371141{padding-bottom: 70px !important;}&#8221; css_tablet_portrait=&#8221;.vc_custom_1619538371142{padding-bottom: 0px !important;}&#8221; [&hellip;]","og_url":"https:\/\/paycore.com\/tr\/basin-yansimalari\/","og_site_name":"PayCore","article_modified_time":"2022-04-01T11:19:00+00:00","twitter_card":"summary_large_image","twitter_misc":{"Tahmini okuma s\u00fcresi":"6 dakika"},"schema":{"@context":"https:\/\/schema.org","@graph":[{"@type":"WebPage","@id":"https:\/\/paycore.com\/tr\/basin-yansimalari\/","url":"https:\/\/paycore.com\/tr\/basin-yansimalari\/","name":"Bas\u0131n Yans\u0131malar\u0131 - PayCore","isPartOf":{"@id":"https:\/\/paycore.com\/tr\/#website"},"datePublished":"2021-12-12T12:29:37+00:00","dateModified":"2022-04-01T11:19:00+00:00","breadcrumb":{"@id":"https:\/\/paycore.com\/tr\/basin-yansimalari\/#breadcrumb"},"inLanguage":"tr","potentialAction":[{"@type":"ReadAction","target":["https:\/\/paycore.com\/tr\/basin-yansimalari\/"]}]},{"@type":"BreadcrumbList","@id":"https:\/\/paycore.com\/tr\/basin-yansimalari\/#breadcrumb","itemListElement":[{"@type":"ListItem","position":1,"name":"Home","item":"https:\/\/paycore.com\/tr\/"},{"@type":"ListItem","position":2,"name":"Bas\u0131n Yans\u0131malar\u0131"}]},{"@type":"WebSite","@id":"https:\/\/paycore.com\/tr\/#website","url":"https:\/\/paycore.com\/tr\/","name":"PayCore","description":"","potentialAction":[{"@type":"SearchAction","target":{"@type":"EntryPoint","urlTemplate":"https:\/\/paycore.com\/tr\/?s={search_term_string}"},"query-input":"required name=search_term_string"}],"inLanguage":"tr"}]}},"_links":{"self":[{"href":"https:\/\/paycore.com\/tr\/wp-json\/wp\/v2\/pages\/10586"}],"collection":[{"href":"https:\/\/paycore.com\/tr\/wp-json\/wp\/v2\/pages"}],"about":[{"href":"https:\/\/paycore.com\/tr\/wp-json\/wp\/v2\/types\/page"}],"author":[{"embeddable":true,"href":"https:\/\/paycore.com\/tr\/wp-json\/wp\/v2\/users\/1"}],"replies":[{"embeddable":true,"href":"https:\/\/paycore.com\/tr\/wp-json\/wp\/v2\/comments?post=10586"}],"version-history":[{"count":0,"href":"https:\/\/paycore.com\/tr\/wp-json\/wp\/v2\/pages\/10586\/revisions"}],"wp:attachment":[{"href":"https:\/\/paycore.com\/tr\/wp-json\/wp\/v2\/media?parent=10586"}],"curies":[{"name":"wp","href":"https:\/\/api.w.org\/{rel}","templated":true}]}}