{"id":10374,"date":"2021-12-02T14:20:20","date_gmt":"2021-12-02T11:20:20","guid":{"rendered":"http:\/\/paycore.com\/?page_id=10374"},"modified":"2023-01-09T14:06:01","modified_gmt":"2023-01-09T11:06:01","slug":"inovasyon","status":"publish","type":"page","link":"https:\/\/paycore.com\/tr\/inovasyon\/","title":{"rendered":"\u0130novasyon"},"content":{"rendered":"<p>[vc_row full_width=&#8221;stretch_row&#8221; kd_background_image_position=&#8221;vc_row-bg-position-top&#8221; kd_bottom_separator_style=&#8221;waves&#8221; kd_bottom_separator_height=&#8221;separator-height-large&#8221; kd_bottom_separator=&#8221;true&#8221; css=&#8221;.vc_custom_1645179474449{padding-top: 220px !important;padding-bottom: 220px !important;background-image: url(http:\/\/paycore.com\/wp-content\/uploads\/2022\/02\/insankultur-02-1.jpg?id=12145) !important;background-position: center !important;background-repeat: no-repeat !important;background-size: cover !important;}&#8221; el_class=&#8221;intro-section&#8221; css_mobile=&#8221;.vc_custom_1645179474451{padding-top: 100px !important;padding-bottom: 150px !important;}&#8221; css_tablet_portrait=&#8221;.vc_custom_1645179474450{padding-top: 200px !important;padding-bottom: 250px !important;}&#8221;][vc_column][vc_row_inner kd_background_image_position=&#8221;vc_row-bg-position-top&#8221;][vc_column_inner]<header class=\"kd-section-title col-lg-12 text-center  subtitle-below-title kd-animated fadeIn   vc_custom_1642171608608\" data-animation-delay=200><h1 class=\"separator_off\" style=\"color: #ffffff;font-size: 52px;line-height: 68px;margin-bottom:30px;\">\u0130novasyon<\/h1><h6 class=\"subtitle\" style=\"color: rgba(255,255,255,0.8);\">Yeni fikirler ile de\u011fer yaratmak bizim i\u015fimiz. \u0130htiya\u00e7lara y\u00f6nelik uygulanabilir \u00e7\u00f6z\u00fcm \u00f6nerileri noktas\u0131nda \u00e7al\u0131\u015fanlar\u0131m\u0131z\u0131 te\u015fvik edecek \u00e7al\u0131\u015fmalar\u0131m\u0131z bulunmaktad\u0131r.<\/h6><\/header><div class=\"scroll-down-wrapper sd-align-center kd-animated fadeInUp  vc_custom_1606153287439\" data-animation-delay=200><a href=\"#first-section\" class=\"scroll-down-arrow btn-smooth-scroll\" style=\"background-color: #ffffff;\"><\/a><\/div>[\/vc_column_inner][\/vc_row_inner][\/vc_column][\/vc_row][vc_row full_width=&#8221;stretch_row&#8221; content_placement=&#8221;middle&#8221; kd_background_image_position=&#8221;vc_row-bg-position-top&#8221;][vc_column][vc_row_inner kd_background_image_position=&#8221;vc_row-bg-position-top&#8221; css=&#8221;.vc_custom_1599559161385{margin-bottom: 20px !important;padding-top: 80px !important;}&#8221;][vc_column_inner width=&#8221;7\/12&#8243; css=&#8221;.vc_custom_1600781737295{padding-right: 0px !important;padding-left: 0px !important;}&#8221; offset=&#8221;vc_col-lg-offset-0 vc_col-lg-7 vc_col-md-offset-0 vc_col-md-6 vc_col-sm-offset-0&#8243; css_mobile=&#8221;.vc_custom_1600781737296{margin-left: 30px !important;}&#8221; css_tablet_portrait=&#8221;.vc_custom_1600781737296{margin-left: 15px !important;padding-top: 80px !important;}&#8221;][vc_single_image image=&#8221;10888&#8243; img_size=&#8221;full&#8221; style=&#8221;vc_box_shadow_3d&#8221; css_animation=&#8221;fadeIn&#8221; css=&#8221;.vc_custom_1641998907354{margin-left: -55px !important;}&#8221;][\/vc_column_inner][vc_column_inner width=&#8221;5\/12&#8243; css=&#8221;.vc_custom_1640596938479{padding-top: 20px !important;padding-right: 0px !important;padding-left: 30px !important;}&#8221; offset=&#8221;vc_col-lg-5 vc_col-md-6&#8243; css_tablet_portrait=&#8221;.vc_custom_1640596938481{padding-top: 30px !important;padding-right: 15px !important;padding-left: 15px !important;}&#8221; css_mobile=&#8221;.vc_custom_1640596938482{padding-top: 30px !important;padding-right: 0px !important;padding-left: 0px !important;}&#8221;]<header class=\"kd-section-title col-lg-12 text-left  subtitle-below-title kd-animated fadeIn   vc_custom_1673262345932\" data-animation-delay=200><h2 class=\"separator_off\" style=\"margin-bottom:30px;\">PayCore \u0130novasyon<\/h2><h6 class=\"subtitle\" >Yeni fikirler ile de\u011fer yaratmak bizim i\u015fimiz. \u0130htiya\u00e7lara y\u00f6nelik uygulanabilir \u00e7\u00f6z\u00fcm \u00f6nerilerini te\u015fvik edecek \u00e7al\u0131\u015fmalar\u0131m\u0131z bulunmaktad\u0131r.<\/p>\n<p>Yeni fikir ve \u00f6neriler i\u00e7in ''PayCore Ak\u0131l Fikir'' altyap\u0131m\u0131z\u0131 ba\u015flatt\u0131k. Amac\u0131m\u0131z, uygulanabilir ve yarat\u0131c\u0131 \u00f6nerilerinizi desteklemek, bizi farkl\u0131la\u015ft\u0131ran yenilik\u00e7i fikirlerin geli\u015fmesini te\u015fvik etmek.<\/p>\n<p>\u00c7al\u0131\u015fanlar\u0131m\u0131z fikirlerini platform \u00fczerinden payla\u015fabilir, arkada\u015flar\u0131ndan ald\u0131\u011f\u0131 be\u011feniler ve yine \u00e7al\u0131\u015fanlar\u0131m\u0131z aras\u0131ndan belirleyece\u011fimiz j\u00fcrinin de\u011ferlendirmesi sonras\u0131 finale kalarak hediyelerin sahibi olabilir.<\/h6><\/header>[\/vc_column_inner][\/vc_row_inner][\/vc_column][\/vc_row][vc_row kd_background_image_position=&#8221;vc_row-bg-position-top&#8221;][vc_column][vc_empty_space][\/vc_column][\/vc_row]<\/p>\n","protected":false},"excerpt":{"rendered":"<p>[vc_row full_width=&#8221;stretch_row&#8221; kd_background_image_position=&#8221;vc_row-bg-position-top&#8221; kd_bottom_separator_style=&#8221;waves&#8221; kd_bottom_separator_height=&#8221;separator-height-large&#8221; kd_bottom_separator=&#8221;true&#8221; css=&#8221;.vc_custom_1645179474449{padding-top: 220px !important;padding-bottom: 220px !important;background-image: url(http:\/\/paycore.com\/wp-content\/uploads\/2022\/02\/insankultur-02-1.jpg?id=12145) !important;background-position: center !important;background-repeat: no-repeat !important;background-size: cover !important;}&#8221; el_class=&#8221;intro-section&#8221; [&hellip;]<\/p>\n","protected":false},"author":1,"featured_media":0,"parent":0,"menu_order":0,"comment_status":"closed","ping_status":"closed","template":"","meta":[],"yoast_head":"<!-- This site is optimized with the Yoast SEO plugin v19.8 - https:\/\/yoast.com\/wordpress\/plugins\/seo\/ -->\n<title>\u0130novasyon - PayCore<\/title>\n<meta name=\"robots\" content=\"index, follow, max-snippet:-1, max-image-preview:large, max-video-preview:-1\" \/>\n<link rel=\"canonical\" href=\"https:\/\/paycore.com\/tr\/inovasyon\/\" \/>\n<meta property=\"og:locale\" content=\"tr_TR\" \/>\n<meta property=\"og:type\" content=\"article\" \/>\n<meta property=\"og:title\" content=\"\u0130novasyon - PayCore\" \/>\n<meta property=\"og:description\" content=\"[vc_row full_width=&#8221;stretch_row&#8221; kd_background_image_position=&#8221;vc_row-bg-position-top&#8221; kd_bottom_separator_style=&#8221;waves&#8221; kd_bottom_separator_height=&#8221;separator-height-large&#8221; kd_bottom_separator=&#8221;true&#8221; css=&#8221;.vc_custom_1645179474449{padding-top: 220px !important;padding-bottom: 220px !important;background-image: url(http:\/\/paycore.com\/wp-content\/uploads\/2022\/02\/insankultur-02-1.jpg?id=12145) !important;background-position: center !important;background-repeat: no-repeat !important;background-size: cover !important;}&#8221; el_class=&#8221;intro-section&#8221; [&hellip;]\" \/>\n<meta property=\"og:url\" content=\"https:\/\/paycore.com\/tr\/inovasyon\/\" \/>\n<meta property=\"og:site_name\" content=\"PayCore\" \/>\n<meta property=\"article:modified_time\" content=\"2023-01-09T11:06:01+00:00\" \/>\n<meta name=\"twitter:card\" content=\"summary_large_image\" \/>\n<meta name=\"twitter:label1\" content=\"Tahmini okuma s\u00fcresi\" \/>\n\t<meta name=\"twitter:data1\" content=\"1 dakika\" \/>\n<script type=\"application\/ld+json\" class=\"yoast-schema-graph\">{\"@context\":\"https:\/\/schema.org\",\"@graph\":[{\"@type\":\"WebPage\",\"@id\":\"https:\/\/paycore.com\/tr\/inovasyon\/\",\"url\":\"https:\/\/paycore.com\/tr\/inovasyon\/\",\"name\":\"\u0130novasyon - PayCore\",\"isPartOf\":{\"@id\":\"https:\/\/paycore.com\/tr\/#website\"},\"datePublished\":\"2021-12-02T11:20:20+00:00\",\"dateModified\":\"2023-01-09T11:06:01+00:00\",\"breadcrumb\":{\"@id\":\"https:\/\/paycore.com\/tr\/inovasyon\/#breadcrumb\"},\"inLanguage\":\"tr\",\"potentialAction\":[{\"@type\":\"ReadAction\",\"target\":[\"https:\/\/paycore.com\/tr\/inovasyon\/\"]}]},{\"@type\":\"BreadcrumbList\",\"@id\":\"https:\/\/paycore.com\/tr\/inovasyon\/#breadcrumb\",\"itemListElement\":[{\"@type\":\"ListItem\",\"position\":1,\"name\":\"Home\",\"item\":\"https:\/\/paycore.com\/tr\/\"},{\"@type\":\"ListItem\",\"position\":2,\"name\":\"\u0130novasyon\"}]},{\"@type\":\"WebSite\",\"@id\":\"https:\/\/paycore.com\/tr\/#website\",\"url\":\"https:\/\/paycore.com\/tr\/\",\"name\":\"PayCore\",\"description\":\"\",\"potentialAction\":[{\"@type\":\"SearchAction\",\"target\":{\"@type\":\"EntryPoint\",\"urlTemplate\":\"https:\/\/paycore.com\/tr\/?s={search_term_string}\"},\"query-input\":\"required name=search_term_string\"}],\"inLanguage\":\"tr\"}]}<\/script>\n<!-- \/ Yoast SEO plugin. -->","yoast_head_json":{"title":"\u0130novasyon - PayCore","robots":{"index":"index","follow":"follow","max-snippet":"max-snippet:-1","max-image-preview":"max-image-preview:large","max-video-preview":"max-video-preview:-1"},"canonical":"https:\/\/paycore.com\/tr\/inovasyon\/","og_locale":"tr_TR","og_type":"article","og_title":"\u0130novasyon - PayCore","og_description":"[vc_row full_width=&#8221;stretch_row&#8221; kd_background_image_position=&#8221;vc_row-bg-position-top&#8221; kd_bottom_separator_style=&#8221;waves&#8221; kd_bottom_separator_height=&#8221;separator-height-large&#8221; kd_bottom_separator=&#8221;true&#8221; css=&#8221;.vc_custom_1645179474449{padding-top: 220px !important;padding-bottom: 220px !important;background-image: url(http:\/\/paycore.com\/wp-content\/uploads\/2022\/02\/insankultur-02-1.jpg?id=12145) !important;background-position: center !important;background-repeat: no-repeat !important;background-size: cover !important;}&#8221; el_class=&#8221;intro-section&#8221; [&hellip;]","og_url":"https:\/\/paycore.com\/tr\/inovasyon\/","og_site_name":"PayCore","article_modified_time":"2023-01-09T11:06:01+00:00","twitter_card":"summary_large_image","twitter_misc":{"Tahmini okuma s\u00fcresi":"1 dakika"},"schema":{"@context":"https:\/\/schema.org","@graph":[{"@type":"WebPage","@id":"https:\/\/paycore.com\/tr\/inovasyon\/","url":"https:\/\/paycore.com\/tr\/inovasyon\/","name":"\u0130novasyon - PayCore","isPartOf":{"@id":"https:\/\/paycore.com\/tr\/#website"},"datePublished":"2021-12-02T11:20:20+00:00","dateModified":"2023-01-09T11:06:01+00:00","breadcrumb":{"@id":"https:\/\/paycore.com\/tr\/inovasyon\/#breadcrumb"},"inLanguage":"tr","potentialAction":[{"@type":"ReadAction","target":["https:\/\/paycore.com\/tr\/inovasyon\/"]}]},{"@type":"BreadcrumbList","@id":"https:\/\/paycore.com\/tr\/inovasyon\/#breadcrumb","itemListElement":[{"@type":"ListItem","position":1,"name":"Home","item":"https:\/\/paycore.com\/tr\/"},{"@type":"ListItem","position":2,"name":"\u0130novasyon"}]},{"@type":"WebSite","@id":"https:\/\/paycore.com\/tr\/#website","url":"https:\/\/paycore.com\/tr\/","name":"PayCore","description":"","potentialAction":[{"@type":"SearchAction","target":{"@type":"EntryPoint","urlTemplate":"https:\/\/paycore.com\/tr\/?s={search_term_string}"},"query-input":"required name=search_term_string"}],"inLanguage":"tr"}]}},"_links":{"self":[{"href":"https:\/\/paycore.com\/tr\/wp-json\/wp\/v2\/pages\/10374"}],"collection":[{"href":"https:\/\/paycore.com\/tr\/wp-json\/wp\/v2\/pages"}],"about":[{"href":"https:\/\/paycore.com\/tr\/wp-json\/wp\/v2\/types\/page"}],"author":[{"embeddable":true,"href":"https:\/\/paycore.com\/tr\/wp-json\/wp\/v2\/users\/1"}],"replies":[{"embeddable":true,"href":"https:\/\/paycore.com\/tr\/wp-json\/wp\/v2\/comments?post=10374"}],"version-history":[{"count":1,"href":"https:\/\/paycore.com\/tr\/wp-json\/wp\/v2\/pages\/10374\/revisions"}],"predecessor-version":[{"id":15396,"href":"https:\/\/paycore.com\/tr\/wp-json\/wp\/v2\/pages\/10374\/revisions\/15396"}],"wp:attachment":[{"href":"https:\/\/paycore.com\/tr\/wp-json\/wp\/v2\/media?parent=10374"}],"curies":[{"name":"wp","href":"https:\/\/api.w.org\/{rel}","templated":true}]}}