{"id":10360,"date":"2021-12-02T12:18:25","date_gmt":"2021-12-02T09:18:25","guid":{"rendered":"http:\/\/paycore.com\/?page_id=10360"},"modified":"2023-04-11T12:34:37","modified_gmt":"2023-04-11T09:34:37","slug":"kultur","status":"publish","type":"page","link":"https:\/\/paycore.com\/tr\/kultur\/","title":{"rendered":"K\u00fclt\u00fcr"},"content":{"rendered":"<p>[vc_row full_width=&#8221;stretch_row&#8221; kd_background_image_position=&#8221;vc_row-bg-position-top&#8221; kd_bottom_separator_style=&#8221;waves&#8221; kd_bottom_separator_height=&#8221;separator-height-large&#8221; kd_bottom_separator=&#8221;true&#8221; css=&#8221;.vc_custom_1644845806598{padding-top: 220px !important;padding-bottom: 220px !important;background-image: url(http:\/\/paycore.com\/wp-content\/uploads\/2022\/02\/deneme-20.jpg?id=11830) !important;background-position: center !important;background-repeat: no-repeat !important;background-size: cover !important;}&#8221; el_class=&#8221;intro-section&#8221; css_mobile=&#8221;.vc_custom_1644845806600{padding-top: 100px !important;padding-bottom: 150px !important;}&#8221; css_tablet_portrait=&#8221;.vc_custom_1644845806599{padding-top: 200px !important;padding-bottom: 250px !important;}&#8221;][vc_column][vc_row_inner kd_background_image_position=&#8221;vc_row-bg-position-top&#8221;][vc_column_inner]<header class=\"kd-section-title col-lg-12 text-center  subtitle-below-title kd-animated fadeIn   vc_custom_1641566927094\" data-animation-delay=200><h1 class=\"separator_off\" style=\"color: #ffffff;font-size: 52px;line-height: 68px;margin-bottom:30px;\">K\u00fclt\u00fcr<\/h1><h6 class=\"subtitle\" style=\"color: rgba(255,255,255,0.8);\">G\u00fc\u00e7l\u00fc bir \u015firket k\u00fclt\u00fcr\u00fc, \u015firketin de\u011ferlerini anlayan, benimseyen ve uygulayan \u00e7al\u0131\u015fanlardan olu\u015fur.<\/h6><\/header><div class=\"scroll-down-wrapper sd-align-center kd-animated fadeInUp  vc_custom_1606153287439\" data-animation-delay=200><a href=\"#first-section\" class=\"scroll-down-arrow btn-smooth-scroll\" style=\"background-color: #ffffff;\"><\/a><\/div>[\/vc_column_inner][\/vc_row_inner][\/vc_column][\/vc_row][vc_row full_width=&#8221;stretch_row&#8221; content_placement=&#8221;middle&#8221; kd_background_image_position=&#8221;vc_row-bg-position-top&#8221;][vc_column][vc_row_inner kd_background_image_position=&#8221;vc_row-bg-position-top&#8221; css=&#8221;.vc_custom_1599559161385{margin-bottom: 20px !important;padding-top: 80px !important;}&#8221;][vc_column_inner width=&#8221;7\/12&#8243; css=&#8221;.vc_custom_1600781737295{padding-right: 0px !important;padding-left: 0px !important;}&#8221; offset=&#8221;vc_col-lg-offset-0 vc_col-lg-7 vc_col-md-offset-0 vc_col-md-6 vc_col-sm-offset-0&#8243; css_mobile=&#8221;.vc_custom_1600781737296{margin-left: 30px !important;}&#8221; css_tablet_portrait=&#8221;.vc_custom_1600781737296{margin-left: 15px !important;padding-top: 80px !important;}&#8221;][vc_single_image image=&#8221;11214&#8243; img_size=&#8221;full&#8221; css_animation=&#8221;fadeIn&#8221; css=&#8221;.vc_custom_1641572946044{margin-left: -55px !important;padding-top: 70px !important;}&#8221;][\/vc_column_inner][vc_column_inner width=&#8221;5\/12&#8243; css=&#8221;.vc_custom_1600781563327{padding-top: 80px !important;padding-right: 0px !important;padding-left: 30px !important;}&#8221; offset=&#8221;vc_col-lg-5 vc_col-md-6&#8243; css_tablet_portrait=&#8221;.vc_custom_1600781563328{padding-top: 30px !important;padding-right: 15px !important;padding-left: 15px !important;}&#8221; css_mobile=&#8221;.vc_custom_1600781563329{padding-top: 30px !important;padding-right: 0px !important;padding-left: 0px !important;}&#8221;]<header class=\"kd-section-title col-lg-12 text-left  subtitle-below-title kd-animated fadeIn   vc_custom_1681205613146\" data-animation-delay=200><h2 class=\"separator_off\" style=\"margin-bottom:30px;\">\u0130nsan Kaynaklar\u0131 Yap\u0131m\u0131z<\/h2><\/header>[vc_column_text]G\u00fc\u00e7l\u00fc bir \u015firket k\u00fclt\u00fcr\u00fc, \u015firketin de\u011ferlerini anlayan, benimseyen ve uygulayan \u00e7al\u0131\u015fanlardan olu\u015fur. Bu temel g\u00fc\u00e7 ile t\u00fcm de\u011fi\u015fimleri dikkate alarak \u00e7al\u0131\u015fanlar\u0131m\u0131z\u0131n performans ve verimliliklerini etkileyen ve kuruma daha fazla katma de\u011fer sa\u011flamalar\u0131na destek olacak uygulama ve etkinliklerimize devam ediyoruz.<\/p>\n<p>\u0130nsan Kaynaklar\u0131 olarak, \u201c\u0130\u015f Ortakl\u0131\u011f\u0131\u201d yap\u0131lanmam\u0131z ile beraber \u00e7al\u0131\u015fan odakl\u0131 faaliyetlerimizi s\u00fcrd\u00fcrmekteyiz. Al\u0131nan kararlar\u0131n; uzun vadede olumlu sonu\u00e7lar getirmesini sa\u011flamak ve bunlara uygun \u0130K \u00e7\u00f6z\u00fcmleri, uygulamalar\u0131 ve politikalar\u0131 sunmak ad\u0131na \u00e7al\u0131\u015fanlar\u0131m\u0131z ile birlikte ortak kararlar almaktay\u0131z.<\/p>\n<p><strong>\u00c7al\u0131\u015fanlar\u0131m\u0131z;<\/strong><\/p>\n<ul>\n<li>\u0130\u015fe ba\u015flad\u0131klar\u0131 ilk g\u00fcn PayCore\u2019da kendilerini bekleyen kariyer yollar\u0131 hakk\u0131nda bilgi sahibi olurlar.<\/li>\n<li>Kariyer f\u0131rsatlar\u0131ndan faydalanabilmek i\u00e7in kendilerini hangi alanlarda geli\u015ftirmeleri gerekti\u011fini bilirler.<\/li>\n<li>Kariyer y\u00f6netim s\u00fcre\u00e7lerini, y\u00f6neticileri ve \u0130nsan Kaynaklar\u0131 ile birlikte planlayarak geli\u015fim f\u0131rsatlar\u0131ndan faydalanabilirler.<\/li>\n<\/ul>\n<p>[\/vc_column_text][\/vc_column_inner][\/vc_row_inner][\/vc_column][\/vc_row][vc_row kd_background_image_position=&#8221;vc_row-bg-position-top&#8221;][vc_column]<header class=\"kd-section-title col-lg-12 text-center  subtitle-below-title kd-animated fadeIn   vc_custom_1638440214867\" data-animation-delay=200><h2 class=\"separator_off\" style=\"margin-bottom:30px;\">PayCore'da Hayat<\/h2><\/header>[\/vc_column][\/vc_row][vc_row kd_background_image_position=&#8221;vc_row-bg-position-top&#8221;][vc_column][vc_row_inner kd_background_image_position=&#8221;vc_row-bg-position-top&#8221;][vc_column_inner][\/vc_column_inner][\/vc_row_inner][vc_tta_tabs alignment=&#8221;center&#8221; active_section=&#8221;1&#8243;][vc_tta_section title=&#8221;Sosyal Sorumluluk&#8221; tab_id=&#8221;1640687216157-396964b8-0152&#8243;][vc_empty_space][vc_row_inner kd_background_image_position=&#8221;vc_row-bg-position-top&#8221;][vc_column_inner][vc_column_text]Zamanla b\u00fcy\u00fcmeyi, d\u00fcnyam\u0131z\u0131 ufak ad\u0131mlarla geli\u015ftirmeyi, etki b\u0131rakmay\u0131 de\u011ferli buluyoruz. \u00d6zel g\u00fcnlerde \u00e7al\u0131\u015fanlar\u0131m\u0131z ad\u0131na fidan dikiyoruz.[\/vc_column_text][\/vc_column_inner][\/vc_row_inner][vc_empty_space]<div class=\"photo-gallery-wrapper enable-transparent-items carousel-layout kd-photo-gallery-69e49bf56e164 nav-arrows\">\r\n              <div class=\"gallery-items\"><div class=\"pg-child-image\" ><img width=\"899\" height=\"505\" src=\"https:\/\/paycore.com\/wp-content\/uploads\/2021\/12\/Image.jpg\" class=\"attachment-full\" alt=\"\" loading=\"lazy\" srcset=\"https:\/\/paycore.com\/wp-content\/uploads\/2021\/12\/Image.jpg 899w, https:\/\/paycore.com\/wp-content\/uploads\/2021\/12\/Image-300x169.jpg 300w, https:\/\/paycore.com\/wp-content\/uploads\/2021\/12\/Image-768x431.jpg 768w\" sizes=\"(max-width: 899px) 100vw, 899px\" \/><\/div><\/div>\r\n            <\/div><script>\r\n              jQuery(document).ready(function($){\r\n                if ($(\".kd-photo-gallery-69e49bf56e164 .gallery-items\").length) {\r\n                  $(\".kd-photo-gallery-69e49bf56e164 .gallery-items\").owlCarousel({\r\n                    stageClass: \"owl-wrapper\",\r\n                    stageOuterClass: \"owl-wrapper-outer\",\r\n                    loadedClass: \"owl-carousel\",\r\n                    items: 1,\r\n                    rewind: true,\r\n                    responsive:{\r\n                        0:{\r\n                            dots: false,\r\n                            nav: true,\r\n                            navSpeed: 500,\r\n                        },\r\n                        1366:{\nnav: true,\r\n                                navSpeed: 500,\r\n                                dots: false,}\r\n                    },\nautoplay: false,\nautoplayHoverPause: false,\r\n                    addClassActive: true,\r\n                  });\r\n                }\r\n              });\r\n            <\/script>[\/vc_tta_section][vc_tta_section title=&#8221;Etkinlik&#8221; tab_id=&#8221;1640687216272-4996921f-dee8&#8243;][vc_empty_space][vc_row_inner kd_background_image_position=&#8221;vc_row-bg-position-top&#8221;][vc_column_inner][vc_column_text]<span data-contrast=\"auto\">PayCore&#8217;lular farkl\u0131 aktivitelerde bir araya geliyor!\u00a0<\/span>[\/vc_column_text][\/vc_column_inner][\/vc_row_inner][vc_empty_space]<div class=\"photo-gallery-wrapper  slider-layout kd-photo-gallery-69e49bf56eb91 nav-arrows\">\r\n              <div class=\"gallery-items\"><div class=\"pg-child-image\" ><img width=\"900\" height=\"500\" src=\"https:\/\/paycore.com\/wp-content\/uploads\/2022\/01\/900.jpg\" class=\"attachment-full\" alt=\"\" loading=\"lazy\" srcset=\"https:\/\/paycore.com\/wp-content\/uploads\/2022\/01\/900.jpg 900w, https:\/\/paycore.com\/wp-content\/uploads\/2022\/01\/900-300x167.jpg 300w, https:\/\/paycore.com\/wp-content\/uploads\/2022\/01\/900-768x427.jpg 768w\" sizes=\"(max-width: 900px) 100vw, 900px\" \/><\/div><div class=\"pg-child-image\" ><img width=\"667\" height=\"500\" src=\"https:\/\/paycore.com\/wp-content\/uploads\/2022\/08\/games.jpg\" class=\"attachment-full\" alt=\"\" loading=\"lazy\" srcset=\"https:\/\/paycore.com\/wp-content\/uploads\/2022\/08\/games.jpg 667w, https:\/\/paycore.com\/wp-content\/uploads\/2022\/08\/games-300x225.jpg 300w\" sizes=\"(max-width: 667px) 100vw, 667px\" \/><\/div><\/div>\r\n            <\/div><script>\r\n              jQuery(document).ready(function($){\r\n                if ($(\".kd-photo-gallery-69e49bf56eb91 .gallery-items\").length) {\r\n                  $(\".kd-photo-gallery-69e49bf56eb91 .gallery-items\").owlCarousel({\r\n                    stageClass: \"owl-wrapper\",\r\n                    stageOuterClass: \"owl-wrapper-outer\",\r\n                    loadedClass: \"owl-carousel\",\r\n                    items: 1,\r\n                    rewind: true,\r\n                    responsive:{\r\n                        0:{\r\n                            dots: false,\r\n                            nav: true,\r\n                            navSpeed: 500,\r\n                        },\r\n                        1366:{\nnav: true,\r\n                                navSpeed: 500,\r\n                                dots: false,}\r\n                    },\nautoplay: false,\nautoplayHoverPause: false,\r\n                    addClassActive: true,\r\n                  });\r\n                }\r\n              });\r\n            <\/script>[\/vc_tta_section][vc_tta_section title=&#8221;PayCore \u0130yilik Sa\u011fl\u0131k&#8221; tab_id=&#8221;1640687216441-985abd1e-4976&#8243;][vc_empty_space][vc_row_inner kd_background_image_position=&#8221;vc_row-bg-position-top&#8221;][vc_column_inner][vc_column_text]<span data-contrast=\"auto\">PayCore \u0130yilik Sa\u011fl\u0131k Program\u0131 kapsam\u0131nda Ki\u015fisel Geli\u015fim\u2019den, Sa\u011fl\u0131kl\u0131 Beslenme\u2019ye, Foto\u011fraf\u00e7\u0131l\u0131k\u2019tan Kahve Yap\u0131m\u0131\u2019na kadar \u00e7al\u0131\u015fanlar\u0131m\u0131z\u0131n ilgili alanlar\u0131nda mini-seminerler d\u00fczenliyoruz.<\/span><span data-ccp-props=\"{&quot;201341983&quot;:0,&quot;335559740&quot;:259}\">\u00a0<\/span>[\/vc_column_text][\/vc_column_inner][\/vc_row_inner][vc_empty_space]<div class=\"photo-gallery-wrapper  slider-layout kd-photo-gallery-69e49bf56fd96 nav-arrows\">\r\n              <div class=\"gallery-items\"><div class=\"pg-child-image\" ><img width=\"900\" height=\"900\" src=\"https:\/\/paycore.com\/wp-content\/uploads\/2022\/08\/health.jpg\" class=\"attachment-full\" alt=\"\" loading=\"lazy\" srcset=\"https:\/\/paycore.com\/wp-content\/uploads\/2022\/08\/health.jpg 900w, https:\/\/paycore.com\/wp-content\/uploads\/2022\/08\/health-300x300.jpg 300w, https:\/\/paycore.com\/wp-content\/uploads\/2022\/08\/health-150x150.jpg 150w, https:\/\/paycore.com\/wp-content\/uploads\/2022\/08\/health-768x768.jpg 768w, https:\/\/paycore.com\/wp-content\/uploads\/2022\/08\/health-320x320.jpg 320w\" sizes=\"(max-width: 900px) 100vw, 900px\" \/><\/div><div class=\"pg-child-image\" ><img width=\"900\" height=\"500\" src=\"https:\/\/paycore.com\/wp-content\/uploads\/2022\/01\/901-1.jpg\" class=\"attachment-full\" alt=\"\" loading=\"lazy\" srcset=\"https:\/\/paycore.com\/wp-content\/uploads\/2022\/01\/901-1.jpg 900w, https:\/\/paycore.com\/wp-content\/uploads\/2022\/01\/901-1-300x167.jpg 300w, https:\/\/paycore.com\/wp-content\/uploads\/2022\/01\/901-1-768x427.jpg 768w\" sizes=\"(max-width: 900px) 100vw, 900px\" \/><\/div><div class=\"pg-child-image\" ><img width=\"900\" height=\"500\" src=\"https:\/\/paycore.com\/wp-content\/uploads\/2022\/01\/902.jpg\" class=\"attachment-full\" alt=\"\" loading=\"lazy\" srcset=\"https:\/\/paycore.com\/wp-content\/uploads\/2022\/01\/902.jpg 900w, https:\/\/paycore.com\/wp-content\/uploads\/2022\/01\/902-300x167.jpg 300w, https:\/\/paycore.com\/wp-content\/uploads\/2022\/01\/902-768x427.jpg 768w\" sizes=\"(max-width: 900px) 100vw, 900px\" \/><\/div><div class=\"pg-child-image\" ><img width=\"900\" height=\"500\" src=\"https:\/\/paycore.com\/wp-content\/uploads\/2022\/01\/900-1.jpg\" class=\"attachment-full\" alt=\"\" loading=\"lazy\" srcset=\"https:\/\/paycore.com\/wp-content\/uploads\/2022\/01\/900-1.jpg 900w, https:\/\/paycore.com\/wp-content\/uploads\/2022\/01\/900-1-300x167.jpg 300w, https:\/\/paycore.com\/wp-content\/uploads\/2022\/01\/900-1-768x427.jpg 768w\" sizes=\"(max-width: 900px) 100vw, 900px\" \/><\/div><\/div>\r\n            <\/div><script>\r\n              jQuery(document).ready(function($){\r\n                if ($(\".kd-photo-gallery-69e49bf56fd96 .gallery-items\").length) {\r\n                  $(\".kd-photo-gallery-69e49bf56fd96 .gallery-items\").owlCarousel({\r\n                    stageClass: \"owl-wrapper\",\r\n                    stageOuterClass: \"owl-wrapper-outer\",\r\n                    loadedClass: \"owl-carousel\",\r\n                    items: 1,\r\n                    rewind: true,\r\n                    responsive:{\r\n                        0:{\r\n                            dots: false,\r\n                            nav: true,\r\n                            navSpeed: 500,\r\n                        },\r\n                        1366:{\nnav: true,\r\n                                navSpeed: 500,\r\n                                dots: false,}\r\n                    },\nautoplay: false,\nautoplayHoverPause: false,\r\n                    addClassActive: true,\r\n                  });\r\n                }\r\n              });\r\n            <\/script>[\/vc_tta_section][vc_tta_section title=&#8221;Kutlamalar&#8221; tab_id=&#8221;1640687216852-93906ddb-01ed&#8221;][vc_empty_space][vc_row_inner kd_background_image_position=&#8221;vc_row-bg-position-top&#8221;][vc_column_inner][vc_column_text]Yeni y\u0131l ve \u00f6zel g\u00fcnlerde \u00e7al\u0131\u015fanlar\u0131m\u0131za ufak s\u00fcprizler yapmay\u0131 seviyoruz.[\/vc_column_text][\/vc_column_inner][\/vc_row_inner][vc_empty_space]<div class=\"photo-gallery-wrapper  slider-layout kd-photo-gallery-69e49bf571953 nav-arrows\">\r\n              <div class=\"gallery-items\"><div class=\"pg-child-image\" ><img width=\"900\" height=\"500\" src=\"https:\/\/paycore.com\/wp-content\/uploads\/2022\/08\/iftar.jpg\" class=\"attachment-full\" alt=\"\" loading=\"lazy\" srcset=\"https:\/\/paycore.com\/wp-content\/uploads\/2022\/08\/iftar.jpg 900w, https:\/\/paycore.com\/wp-content\/uploads\/2022\/08\/iftar-300x167.jpg 300w, https:\/\/paycore.com\/wp-content\/uploads\/2022\/08\/iftar-768x427.jpg 768w\" sizes=\"(max-width: 900px) 100vw, 900px\" \/><\/div><div class=\"pg-child-image\" ><img width=\"900\" height=\"500\" src=\"https:\/\/paycore.com\/wp-content\/uploads\/2022\/01\/903.jpg\" class=\"attachment-full\" alt=\"\" loading=\"lazy\" srcset=\"https:\/\/paycore.com\/wp-content\/uploads\/2022\/01\/903.jpg 900w, https:\/\/paycore.com\/wp-content\/uploads\/2022\/01\/903-300x167.jpg 300w, https:\/\/paycore.com\/wp-content\/uploads\/2022\/01\/903-768x427.jpg 768w\" sizes=\"(max-width: 900px) 100vw, 900px\" \/><\/div><div class=\"pg-child-image\" ><img width=\"900\" height=\"500\" src=\"https:\/\/paycore.com\/wp-content\/uploads\/2022\/01\/904.jpg\" class=\"attachment-full\" alt=\"\" loading=\"lazy\" srcset=\"https:\/\/paycore.com\/wp-content\/uploads\/2022\/01\/904.jpg 900w, https:\/\/paycore.com\/wp-content\/uploads\/2022\/01\/904-300x167.jpg 300w, https:\/\/paycore.com\/wp-content\/uploads\/2022\/01\/904-768x427.jpg 768w\" sizes=\"(max-width: 900px) 100vw, 900px\" \/><\/div><\/div>\r\n            <\/div><script>\r\n              jQuery(document).ready(function($){\r\n                if ($(\".kd-photo-gallery-69e49bf571953 .gallery-items\").length) {\r\n                  $(\".kd-photo-gallery-69e49bf571953 .gallery-items\").owlCarousel({\r\n                    stageClass: \"owl-wrapper\",\r\n                    stageOuterClass: \"owl-wrapper-outer\",\r\n                    loadedClass: \"owl-carousel\",\r\n                    items: 1,\r\n                    rewind: true,\r\n                    responsive:{\r\n                        0:{\r\n                            dots: false,\r\n                            nav: true,\r\n                            navSpeed: 500,\r\n                        },\r\n                        1366:{\nnav: true,\r\n                                navSpeed: 500,\r\n                                dots: false,}\r\n                    },\nautoplay: false,\nautoplayHoverPause: false,\r\n                    addClassActive: true,\r\n                  });\r\n                }\r\n              });\r\n            <\/script>[\/vc_tta_section][vc_tta_section title=&#8221;Konferanslar\/Fuarlar&#8221; tab_id=&#8221;1674461190445-2a7d4d86-bcdb&#8221;][vc_empty_space][vc_row_inner kd_background_image_position=&#8221;vc_row-bg-position-top&#8221;][vc_column_inner][vc_column_text][\/vc_column_text][\/vc_column_inner][\/vc_row_inner][vc_empty_space]<div class=\"photo-gallery-wrapper  slider-layout kd-photo-gallery-69e49bf572dec nav-arrows\">\r\n              <div class=\"gallery-items\"><div class=\"pg-child-image\" ><img width=\"800\" height=\"536\" src=\"https:\/\/paycore.com\/wp-content\/uploads\/2023\/01\/Money2020.jpeg\" class=\"attachment-full\" alt=\"\" loading=\"lazy\" srcset=\"https:\/\/paycore.com\/wp-content\/uploads\/2023\/01\/Money2020.jpeg 800w, https:\/\/paycore.com\/wp-content\/uploads\/2023\/01\/Money2020-300x201.jpeg 300w, https:\/\/paycore.com\/wp-content\/uploads\/2023\/01\/Money2020-768x515.jpeg 768w\" sizes=\"(max-width: 800px) 100vw, 800px\" \/><\/div><div class=\"pg-child-image\" ><img width=\"700\" height=\"534\" src=\"https:\/\/paycore.com\/wp-content\/uploads\/2023\/01\/PayCore_Do.png\" class=\"attachment-full\" alt=\"\" loading=\"lazy\" srcset=\"https:\/\/paycore.com\/wp-content\/uploads\/2023\/01\/PayCore_Do.png 700w, https:\/\/paycore.com\/wp-content\/uploads\/2023\/01\/PayCore_Do-300x229.png 300w\" sizes=\"(max-width: 700px) 100vw, 700px\" \/><\/div><\/div>\r\n            <\/div><script>\r\n              jQuery(document).ready(function($){\r\n                if ($(\".kd-photo-gallery-69e49bf572dec .gallery-items\").length) {\r\n                  $(\".kd-photo-gallery-69e49bf572dec .gallery-items\").owlCarousel({\r\n                    stageClass: \"owl-wrapper\",\r\n                    stageOuterClass: \"owl-wrapper-outer\",\r\n                    loadedClass: \"owl-carousel\",\r\n                    items: 1,\r\n                    rewind: true,\r\n                    responsive:{\r\n                        0:{\r\n                            dots: false,\r\n                            nav: true,\r\n                            navSpeed: 500,\r\n                        },\r\n                        1366:{\nnav: true,\r\n                                navSpeed: 500,\r\n                                dots: false,}\r\n                    },\nautoplay: false,\nautoplayHoverPause: false,\r\n                    addClassActive: true,\r\n                  });\r\n                }\r\n              });\r\n            <\/script>[\/vc_tta_section][\/vc_tta_tabs][\/vc_column][\/vc_row][vc_row kd_background_image_position=&#8221;vc_row-bg-position-top&#8221;][vc_column][vc_empty_space][\/vc_column][\/vc_row]<\/p>\n","protected":false},"excerpt":{"rendered":"<p>[vc_row full_width=&#8221;stretch_row&#8221; kd_background_image_position=&#8221;vc_row-bg-position-top&#8221; kd_bottom_separator_style=&#8221;waves&#8221; kd_bottom_separator_height=&#8221;separator-height-large&#8221; kd_bottom_separator=&#8221;true&#8221; css=&#8221;.vc_custom_1644845806598{padding-top: 220px !important;padding-bottom: 220px !important;background-image: url(http:\/\/paycore.com\/wp-content\/uploads\/2022\/02\/deneme-20.jpg?id=11830) !important;background-position: center !important;background-repeat: no-repeat !important;background-size: cover !important;}&#8221; el_class=&#8221;intro-section&#8221; [&hellip;]<\/p>\n","protected":false},"author":1,"featured_media":0,"parent":0,"menu_order":0,"comment_status":"closed","ping_status":"closed","template":"","meta":[],"yoast_head":"<!-- This site is optimized with the Yoast SEO plugin v19.8 - https:\/\/yoast.com\/wordpress\/plugins\/seo\/ -->\n<title>K\u00fclt\u00fcr - PayCore<\/title>\n<meta name=\"robots\" content=\"index, follow, max-snippet:-1, max-image-preview:large, max-video-preview:-1\" \/>\n<link rel=\"canonical\" href=\"https:\/\/paycore.com\/tr\/kultur\/\" \/>\n<meta property=\"og:locale\" content=\"tr_TR\" \/>\n<meta property=\"og:type\" content=\"article\" \/>\n<meta property=\"og:title\" content=\"K\u00fclt\u00fcr - PayCore\" \/>\n<meta property=\"og:description\" content=\"[vc_row full_width=&#8221;stretch_row&#8221; kd_background_image_position=&#8221;vc_row-bg-position-top&#8221; kd_bottom_separator_style=&#8221;waves&#8221; kd_bottom_separator_height=&#8221;separator-height-large&#8221; kd_bottom_separator=&#8221;true&#8221; css=&#8221;.vc_custom_1644845806598{padding-top: 220px !important;padding-bottom: 220px !important;background-image: url(http:\/\/paycore.com\/wp-content\/uploads\/2022\/02\/deneme-20.jpg?id=11830) !important;background-position: center !important;background-repeat: no-repeat !important;background-size: cover !important;}&#8221; el_class=&#8221;intro-section&#8221; [&hellip;]\" \/>\n<meta property=\"og:url\" content=\"https:\/\/paycore.com\/tr\/kultur\/\" \/>\n<meta property=\"og:site_name\" content=\"PayCore\" \/>\n<meta property=\"article:modified_time\" content=\"2023-04-11T09:34:37+00:00\" \/>\n<meta name=\"twitter:card\" content=\"summary_large_image\" \/>\n<meta name=\"twitter:label1\" content=\"Tahmini okuma s\u00fcresi\" \/>\n\t<meta name=\"twitter:data1\" content=\"2 dakika\" \/>\n<script type=\"application\/ld+json\" class=\"yoast-schema-graph\">{\"@context\":\"https:\/\/schema.org\",\"@graph\":[{\"@type\":\"WebPage\",\"@id\":\"https:\/\/paycore.com\/tr\/kultur\/\",\"url\":\"https:\/\/paycore.com\/tr\/kultur\/\",\"name\":\"K\u00fclt\u00fcr - PayCore\",\"isPartOf\":{\"@id\":\"https:\/\/paycore.com\/tr\/#website\"},\"datePublished\":\"2021-12-02T09:18:25+00:00\",\"dateModified\":\"2023-04-11T09:34:37+00:00\",\"breadcrumb\":{\"@id\":\"https:\/\/paycore.com\/tr\/kultur\/#breadcrumb\"},\"inLanguage\":\"tr\",\"potentialAction\":[{\"@type\":\"ReadAction\",\"target\":[\"https:\/\/paycore.com\/tr\/kultur\/\"]}]},{\"@type\":\"BreadcrumbList\",\"@id\":\"https:\/\/paycore.com\/tr\/kultur\/#breadcrumb\",\"itemListElement\":[{\"@type\":\"ListItem\",\"position\":1,\"name\":\"Home\",\"item\":\"https:\/\/paycore.com\/tr\/\"},{\"@type\":\"ListItem\",\"position\":2,\"name\":\"K\u00fclt\u00fcr\"}]},{\"@type\":\"WebSite\",\"@id\":\"https:\/\/paycore.com\/tr\/#website\",\"url\":\"https:\/\/paycore.com\/tr\/\",\"name\":\"PayCore\",\"description\":\"\",\"potentialAction\":[{\"@type\":\"SearchAction\",\"target\":{\"@type\":\"EntryPoint\",\"urlTemplate\":\"https:\/\/paycore.com\/tr\/?s={search_term_string}\"},\"query-input\":\"required name=search_term_string\"}],\"inLanguage\":\"tr\"}]}<\/script>\n<!-- \/ Yoast SEO plugin. -->","yoast_head_json":{"title":"K\u00fclt\u00fcr - PayCore","robots":{"index":"index","follow":"follow","max-snippet":"max-snippet:-1","max-image-preview":"max-image-preview:large","max-video-preview":"max-video-preview:-1"},"canonical":"https:\/\/paycore.com\/tr\/kultur\/","og_locale":"tr_TR","og_type":"article","og_title":"K\u00fclt\u00fcr - PayCore","og_description":"[vc_row full_width=&#8221;stretch_row&#8221; kd_background_image_position=&#8221;vc_row-bg-position-top&#8221; kd_bottom_separator_style=&#8221;waves&#8221; kd_bottom_separator_height=&#8221;separator-height-large&#8221; kd_bottom_separator=&#8221;true&#8221; css=&#8221;.vc_custom_1644845806598{padding-top: 220px !important;padding-bottom: 220px !important;background-image: url(http:\/\/paycore.com\/wp-content\/uploads\/2022\/02\/deneme-20.jpg?id=11830) !important;background-position: center !important;background-repeat: no-repeat !important;background-size: cover !important;}&#8221; el_class=&#8221;intro-section&#8221; [&hellip;]","og_url":"https:\/\/paycore.com\/tr\/kultur\/","og_site_name":"PayCore","article_modified_time":"2023-04-11T09:34:37+00:00","twitter_card":"summary_large_image","twitter_misc":{"Tahmini okuma s\u00fcresi":"2 dakika"},"schema":{"@context":"https:\/\/schema.org","@graph":[{"@type":"WebPage","@id":"https:\/\/paycore.com\/tr\/kultur\/","url":"https:\/\/paycore.com\/tr\/kultur\/","name":"K\u00fclt\u00fcr - PayCore","isPartOf":{"@id":"https:\/\/paycore.com\/tr\/#website"},"datePublished":"2021-12-02T09:18:25+00:00","dateModified":"2023-04-11T09:34:37+00:00","breadcrumb":{"@id":"https:\/\/paycore.com\/tr\/kultur\/#breadcrumb"},"inLanguage":"tr","potentialAction":[{"@type":"ReadAction","target":["https:\/\/paycore.com\/tr\/kultur\/"]}]},{"@type":"BreadcrumbList","@id":"https:\/\/paycore.com\/tr\/kultur\/#breadcrumb","itemListElement":[{"@type":"ListItem","position":1,"name":"Home","item":"https:\/\/paycore.com\/tr\/"},{"@type":"ListItem","position":2,"name":"K\u00fclt\u00fcr"}]},{"@type":"WebSite","@id":"https:\/\/paycore.com\/tr\/#website","url":"https:\/\/paycore.com\/tr\/","name":"PayCore","description":"","potentialAction":[{"@type":"SearchAction","target":{"@type":"EntryPoint","urlTemplate":"https:\/\/paycore.com\/tr\/?s={search_term_string}"},"query-input":"required name=search_term_string"}],"inLanguage":"tr"}]}},"_links":{"self":[{"href":"https:\/\/paycore.com\/tr\/wp-json\/wp\/v2\/pages\/10360"}],"collection":[{"href":"https:\/\/paycore.com\/tr\/wp-json\/wp\/v2\/pages"}],"about":[{"href":"https:\/\/paycore.com\/tr\/wp-json\/wp\/v2\/types\/page"}],"author":[{"embeddable":true,"href":"https:\/\/paycore.com\/tr\/wp-json\/wp\/v2\/users\/1"}],"replies":[{"embeddable":true,"href":"https:\/\/paycore.com\/tr\/wp-json\/wp\/v2\/comments?post=10360"}],"version-history":[{"count":10,"href":"https:\/\/paycore.com\/tr\/wp-json\/wp\/v2\/pages\/10360\/revisions"}],"predecessor-version":[{"id":15795,"href":"https:\/\/paycore.com\/tr\/wp-json\/wp\/v2\/pages\/10360\/revisions\/15795"}],"wp:attachment":[{"href":"https:\/\/paycore.com\/tr\/wp-json\/wp\/v2\/media?parent=10360"}],"curies":[{"name":"wp","href":"https:\/\/api.w.org\/{rel}","templated":true}]}}