{"id":10346,"date":"2021-11-26T13:17:51","date_gmt":"2021-11-26T10:17:51","guid":{"rendered":"http:\/\/paycore.com\/?page_id=10346"},"modified":"2023-01-09T10:50:25","modified_gmt":"2023-01-09T07:50:25","slug":"kart-kisisellestirme","status":"publish","type":"page","link":"https:\/\/paycore.com\/tr\/kart-kisisellestirme\/","title":{"rendered":"Kart Ki\u015fiselle\u015ftirme"},"content":{"rendered":"<p>[vc_row full_width=&#8221;stretch_row&#8221; kd_background_image_position=&#8221;vc_row-bg-position-top&#8221; kd_bottom_separator_style=&#8221;waves&#8221; kd_bottom_separator_height=&#8221;separator-height-large&#8221; kd_bottom_separator=&#8221;true&#8221; css=&#8221;.vc_custom_1667163221998{padding-top: 220px !important;padding-bottom: 220px !important;background-image: url(https:\/\/paycore.com\/wp-content\/uploads\/2022\/02\/cozumler-10.jpg?id=12241) !important;background-position: center !important;background-repeat: no-repeat !important;background-size: cover !important;}&#8221; el_class=&#8221;intro-section&#8221; css_mobile=&#8221;.vc_custom_1667163221999{padding-top: 50px !important;padding-bottom: -20px !important;}&#8221; css_tablet_portrait=&#8221;.vc_custom_1667163221999{margin-top: -60px !important;padding-top: 200px !important;padding-bottom: 250px !important;}&#8221;][vc_column][vc_row_inner kd_background_image_position=&#8221;vc_row-bg-position-top&#8221;][vc_column_inner]<header class=\"kd-section-title col-lg-12 text-center  subtitle-below-title kd-animated fadeIn  \" data-animation-delay=200><h1 class=\"separator_off\" style=\"color: #ffffff;font-size: 52px;line-height: 68px;margin-bottom:30px;\">Kart Ki\u015fiselle\u015ftirme<\/h1><h6 class=\"subtitle\" style=\"color: rgba(255,255,255,0.8);\">Kart Ki\u015fiselle\u015ftirme, finansal kart bas\u0131m\u0131, personel kart bas\u0131m\u0131 ve sadakat kart bas\u0131m i\u015flemleri i\u00e7in eksiksiz bir kart yaz\u0131c\u0131 \u00e7\u00f6z\u00fcmd\u00fcr. \u00c7\u00f6z\u00fcm, kart bas\u0131m\u0131 i\u015flemlerinin kolay ve h\u0131zl\u0131 ger\u00e7ekle\u015fmesini sa\u011flar.<\/h6><\/header><div class=\"scroll-down-wrapper sd-align-center kd-animated fadeInUp  vc_custom_1606153287439\" data-animation-delay=200><a href=\"#first-section\" class=\"scroll-down-arrow btn-smooth-scroll\" style=\"background-color: #ffffff;\"><\/a><\/div>[\/vc_column_inner][\/vc_row_inner][\/vc_column][\/vc_row][vc_row full_width=&#8221;stretch_row&#8221; kd_background_image_position=&#8221;vc_row-bg-position-top&#8221; css_tablet_portrait=&#8221;.vc_custom_1636016783410{padding-top: 100px !important;}&#8221; css_mobile=&#8221;.vc_custom_1636016783411{padding-top: 100px !important;}&#8221; el_id=&#8221;first-section&#8221; css=&#8221;.vc_custom_1636016783409{padding-top: 70px !important;}&#8221;][vc_column][vc_row_inner content_placement=&#8221;middle&#8221; kd_background_image_position=&#8221;vc_row-bg-position-top&#8221;][vc_column_inner css=&#8221;.vc_custom_1636016923403{padding-right: 80px !important;padding-left: 0px !important;}&#8221; offset=&#8221;vc_col-lg-offset-0 vc_col-lg-6 vc_col-md-offset-1 vc_col-sm-offset-1&#8243; css_tablet_landscape=&#8221;.vc_custom_1636016923403{margin-bottom: 80px !important;padding-right: 60px !important;padding-left: 0px !important;}&#8221; css_tablet_portrait=&#8221;.vc_custom_1636016923404{margin-bottom: 80px !important;padding-right: 30px !important;padding-left: 30px !important;}&#8221; css_mobile=&#8221;.vc_custom_1636016923405{margin-bottom: 80px !important;padding-right: 15px !important;padding-left: 15px !important;}&#8221;]<header class=\"kd-section-title col-lg-12 text-left  subtitle-below-title kd-animated fadeIn   vc_custom_1673250623139\" data-animation-delay=200><h2 class=\"separator_off\" style=\"margin-bottom:30px;\">Kart Ki\u015fiselle\u015ftirme<\/h2><h6 class=\"subtitle\" ><b>Merkezi Kart Bas\u0131m<\/b> \u00fcr\u00fcnleriyle ihtiya\u00e7lar\u0131n\u0131za y\u00f6nelik kart bas\u0131m \u00fcr\u00fcn \u00e7\u00f6z\u00fcmleri sunmaktad\u0131r.<\/p>\n<p><b>An\u0131nda Kart Bas\u0131m<\/b> \u00e7\u00f6z\u00fcmleriyle perakende noktalar\u0131nda ya da \u015fubelerinizde m\u00fc\u015fteri ihtiya\u00e7lar\u0131na y\u00f6nelik kart bas\u0131m ve kart ki\u015fiselle\u015ftirme \u00fcr\u00fcn \u00e7\u00f6z\u00fcmleri sunmaktad\u0131r. Finansal kurumlara, EMV\u2019li kartlar\u0131n 3 dakika gibi k\u0131sa bir s\u00fcrede \u015fube noktalar\u0131nda bas\u0131larak ve m\u00fc\u015fterilere o noktada teslimini sa\u011flayarak verimlilik ve tasarruf getirir.<\/h6><\/header>[\/vc_column_inner][vc_column_inner offset=&#8221;vc_col-lg-6&#8243;][vc_raw_html]JTNDc2NyaXB0JTIwc3JjJTNEJTIyaHR0cHMlM0ElMkYlMkZ1bnBrZy5jb20lMkYlNDBsb3R0aWVmaWxlcyUyRmxvdHRpZS1wbGF5ZXIlNDBsYXRlc3QlMkZkaXN0JTJGbG90dGllLXBsYXllci5qcyUyMiUzRSUzQyUyRnNjcmlwdCUzRSUwQSUzQ2xvdHRpZS1wbGF5ZXIlMjBzcmMlM0QlMjJodHRwcyUzQSUyRiUyRmFzc2V0czcubG90dGllZmlsZXMuY29tJTJGZGF0YWZpbGVzJTJGdnk0NHZyVVRhQU8ySEMzJTJGZGF0YS5qc29uJTIyJTIwJTIwYmFja2dyb3VuZCUzRCUyMnRyYW5zcGFyZW50JTIyJTIwJTIwc3BlZWQlM0QlMjIxJTIyJTIwJTIwc3R5bGUlM0QlMjJ3aWR0aCUzQSUyMDQ1MHB4JTNCJTIwaGVpZ2h0JTNBJTIwNDUwcHglM0IlMjIlMjAlMjBsb29wJTIwJTIwYXV0b3BsYXklM0UlM0MlMkZsb3R0aWUtcGxheWVyJTNF[\/vc_raw_html][\/vc_column_inner][\/vc_row_inner][\/vc_column][\/vc_row][vc_row full_width=&#8221;stretch_row&#8221; disable_element=&#8221;yes&#8221; kd_background_image_position=&#8221;vc_row-bg-position-top&#8221;][vc_column][vc_row_inner kd_background_image_position=&#8221;vc_row-bg-position-top&#8221;][vc_column_inner]<header class=\"kd-section-title col-lg-12 text-center  subtitle-above-title kd-animated fadeIn   vc_custom_1636025323019\" data-animation-delay=200><h2 class=\"separator_off\" >\u00c7\u00f6z\u00fcmlerimiz<\/h2><\/header>[\/vc_column_inner][\/vc_row_inner][vc_tta_tabs active_section=&#8221;1&#8243;][vc_tta_section title=&#8221;Merkezi Kart Bas\u0131m&#8221; tab_id=&#8221;1466436253637-662f8fd5-98e7b227-c89d19aa-701bdcdf-a04d8dfa-2451&#8243;][vc_row_inner kd_background_image_position=&#8221;vc_row-bg-position-top&#8221; css=&#8221;.vc_custom_1600786780435{padding-top: 70px !important;padding-right: 100px !important;padding-bottom: 50px !important;padding-left: 100px !important;}&#8221; css_mobile=&#8221;.vc_custom_1600786780436{padding-right: 15px !important;padding-left: 15px !important;}&#8221;][vc_column_inner]<header class=\"kd-section-title col-lg-12 text-left  subtitle-below-title kd-animated fadeIn  \" data-animation-delay=200><h4 class=\"separator_off\" style=\"margin-bottom:30px;\">Merkezi Kart Bas\u0131m<\/h4><h6 class=\"subtitle\" style=\"color: #696969;\">PayCore , Merkezi Kart Bas\u0131m \u00fcr\u00fcnleriyle ihtiya\u00e7lar\u0131n\u0131za y\u00f6nelik kart bas\u0131m \u00fcr\u00fcn \u00e7\u00f6z\u00fcmleri sunmaktad\u0131r.<\/h6><\/header>[\/vc_column_inner][\/vc_row_inner][\/vc_tta_section][vc_tta_section title=&#8221;An\u0131nda Kart Bas\u0131m&#8221; tab_id=&#8221;1600437069601-eb87d5e8-3ab9dcdf-a04d8dfa-2451&#8243;][vc_row_inner kd_background_image_position=&#8221;vc_row-bg-position-top&#8221; css=&#8221;.vc_custom_1600786785436{padding-top: 70px !important;padding-right: 100px !important;padding-bottom: 50px !important;padding-left: 100px !important;}&#8221; css_mobile=&#8221;.vc_custom_1600786785437{padding-right: 15px !important;padding-left: 15px !important;}&#8221;][vc_column_inner]<header class=\"kd-section-title col-lg-12 text-left  subtitle-below-title kd-animated fadeIn  \" data-animation-delay=200><h4 class=\"separator_off\" style=\"margin-bottom:30px;\">An\u0131nda Kart Bas\u0131m<\/h4><h6 class=\"subtitle\" style=\"color: #696969;\">PayCore , An\u0131nda Kart Bas\u0131m \u00e7\u00f6z\u00fcmleriyle Merkezi yada \u015eubelerinizde M\u00fc\u015fteri ihtiya\u00e7lar\u0131na y\u00f6nelik Kart bas\u0131m ve kart ki\u015fiselle\u015ftirme \u00fcr\u00fcn \u00e7\u00f6z\u00fcmleri sunmaktad\u0131r.<\/h6><\/header>[\/vc_column_inner][\/vc_row_inner][\/vc_tta_section][\/vc_tta_tabs][vc_separator color=&#8221;custom&#8221; accent_color=&#8221;#e7e7e7&#8243;][vc_empty_space height=&#8221;62px&#8221;][\/vc_column][\/vc_row][vc_row full_width=&#8221;stretch_row&#8221; kd_background_image_position=&#8221;vc_row-bg-position-top&#8221; css=&#8221;.vc_custom_1623939018418{padding-top: 50px !important;padding-bottom: 150px !important;}&#8221; css_tablet_landscape=&#8221;.vc_custom_1623939018418{padding-bottom: 250px !important;}&#8221; css_tablet_portrait=&#8221;.vc_custom_1623939018418{padding-top: 100px !important;padding-bottom: 140px !important;}&#8221; css_mobile=&#8221;.vc_custom_1623939018418{padding-top: 100px !important;padding-bottom: 100px !important;}&#8221;][vc_column offset=&#8221;vc_hidden-md vc_hidden-sm vc_hidden-xs&#8221;][vc_row_inner kd_background_image_position=&#8221;vc_row-bg-position-top&#8221;][vc_column_inner]<div data-speed=\"3000\" class=\"kd-text-rotator kd-rotatorid-69f1913d08bae text-center \"><h2 class=\"kd-text-rotator-container slide\" style=\" font-size: 42px;\">\u0130leti\u015fime Ge\u00e7in! <span class=\"kd-rotator-wrapper\"><\/span><\/h2><\/div><header class=\"kd-section-title col-lg-12 text-center  subtitle-below-title kd-animated fadeIn   vc_custom_1646115021582\" data-animation-delay=200><h6 class=\"subtitle\" >Deneyimli ekibimiz ile t\u00fcm sorular\u0131n\u0131z i\u00e7in haz\u0131r\u0131z. Bizimle ileti\u015fim ge\u00e7in!<\/h6><\/header><a  href=\"https:\/\/paycore.com\/tr\/bize-ulasin\/\"  target=\"_self\"  title=\"\" class=\"tt_button tt_primary_button btn_primary_color  button-center button-action-link\" ><span class=\"prim_text\">\u0130leti\u015fime Ge\u00e7<\/span><\/a>[\/vc_column_inner][\/vc_row_inner][\/vc_column][\/vc_row][vc_row full_width=&#8221;stretch_row&#8221; kd_background_image_position=&#8221;vc_row-bg-position-top&#8221; css=&#8221;.vc_custom_1623939018418{padding-top: 50px !important;padding-bottom: 150px !important;}&#8221; css_tablet_landscape=&#8221;.vc_custom_1623939018418{padding-bottom: 250px !important;}&#8221; css_tablet_portrait=&#8221;.vc_custom_1623939018418{padding-top: 100px !important;padding-bottom: 140px !important;}&#8221; css_mobile=&#8221;.vc_custom_1623939018418{padding-top: 100px !important;padding-bottom: 100px !important;}&#8221;][vc_column offset=&#8221;vc_hidden-lg&#8221;][vc_row_inner kd_background_image_position=&#8221;vc_row-bg-position-top&#8221;][vc_column_inner]<div data-speed=\"3000\" class=\"kd-text-rotator kd-rotatorid-69f1913d08c3a text-center \"><h2 class=\"kd-text-rotator-container slide\" style=\" font-size: 42px;\">\u0130leti\u015fime Ge\u00e7in! <span class=\"kd-rotator-wrapper\"><\/span><\/h2><\/div><header class=\"kd-section-title col-lg-12 text-center  subtitle-below-title kd-animated fadeIn   vc_custom_1646115021582\" data-animation-delay=200><h6 class=\"subtitle\" >Deneyimli ekibimiz ile t\u00fcm sorular\u0131n\u0131z i\u00e7in haz\u0131r\u0131z. Bizimle ileti\u015fim ge\u00e7in!<\/h6><\/header><a  href=\"#\"  target=\"_self\"  title=\"\" class=\"tt_button tt_primary_button btn_primary_color  btn-align-left button-action-link   kd-animated zoomIn modal-menu-item tt_button tt_primary_button btn_primary_color hover_solid_secondary panel-trigger-btn\" data-animation-delay=200><span class=\"prim_text\">\u0130leti\u015fime Ge\u00e7<\/span><\/a>[\/vc_column_inner][\/vc_row_inner][\/vc_column][\/vc_row]<\/p>\n","protected":false},"excerpt":{"rendered":"<p>[vc_row full_width=&#8221;stretch_row&#8221; kd_background_image_position=&#8221;vc_row-bg-position-top&#8221; kd_bottom_separator_style=&#8221;waves&#8221; kd_bottom_separator_height=&#8221;separator-height-large&#8221; kd_bottom_separator=&#8221;true&#8221; css=&#8221;.vc_custom_1667163221998{padding-top: 220px !important;padding-bottom: 220px !important;background-image: url(https:\/\/paycore.com\/wp-content\/uploads\/2022\/02\/cozumler-10.jpg?id=12241) !important;background-position: center !important;background-repeat: no-repeat !important;background-size: cover !important;}&#8221; el_class=&#8221;intro-section&#8221; [&hellip;]<\/p>\n","protected":false},"author":1,"featured_media":0,"parent":0,"menu_order":0,"comment_status":"closed","ping_status":"closed","template":"","meta":[],"yoast_head":"<!-- This site is optimized with the Yoast SEO plugin v19.8 - https:\/\/yoast.com\/wordpress\/plugins\/seo\/ -->\n<title>Kart Ki\u015fiselle\u015ftirme - PayCore<\/title>\n<meta name=\"robots\" content=\"index, follow, max-snippet:-1, max-image-preview:large, max-video-preview:-1\" \/>\n<link rel=\"canonical\" href=\"https:\/\/paycore.com\/tr\/kart-kisisellestirme\/\" \/>\n<meta property=\"og:locale\" content=\"tr_TR\" \/>\n<meta property=\"og:type\" content=\"article\" \/>\n<meta property=\"og:title\" content=\"Kart Ki\u015fiselle\u015ftirme - PayCore\" \/>\n<meta property=\"og:description\" content=\"[vc_row full_width=&#8221;stretch_row&#8221; kd_background_image_position=&#8221;vc_row-bg-position-top&#8221; kd_bottom_separator_style=&#8221;waves&#8221; kd_bottom_separator_height=&#8221;separator-height-large&#8221; kd_bottom_separator=&#8221;true&#8221; css=&#8221;.vc_custom_1667163221998{padding-top: 220px !important;padding-bottom: 220px !important;background-image: url(https:\/\/paycore.com\/wp-content\/uploads\/2022\/02\/cozumler-10.jpg?id=12241) !important;background-position: center !important;background-repeat: no-repeat !important;background-size: cover !important;}&#8221; el_class=&#8221;intro-section&#8221; [&hellip;]\" \/>\n<meta property=\"og:url\" content=\"https:\/\/paycore.com\/tr\/kart-kisisellestirme\/\" \/>\n<meta property=\"og:site_name\" content=\"PayCore\" \/>\n<meta property=\"article:modified_time\" content=\"2023-01-09T07:50:25+00:00\" \/>\n<meta name=\"twitter:card\" content=\"summary_large_image\" \/>\n<meta name=\"twitter:label1\" content=\"Tahmini okuma s\u00fcresi\" \/>\n\t<meta name=\"twitter:data1\" content=\"3 dakika\" \/>\n<script type=\"application\/ld+json\" class=\"yoast-schema-graph\">{\"@context\":\"https:\/\/schema.org\",\"@graph\":[{\"@type\":\"WebPage\",\"@id\":\"https:\/\/paycore.com\/tr\/kart-kisisellestirme\/\",\"url\":\"https:\/\/paycore.com\/tr\/kart-kisisellestirme\/\",\"name\":\"Kart Ki\u015fiselle\u015ftirme - PayCore\",\"isPartOf\":{\"@id\":\"https:\/\/paycore.com\/tr\/#website\"},\"datePublished\":\"2021-11-26T10:17:51+00:00\",\"dateModified\":\"2023-01-09T07:50:25+00:00\",\"breadcrumb\":{\"@id\":\"https:\/\/paycore.com\/tr\/kart-kisisellestirme\/#breadcrumb\"},\"inLanguage\":\"tr\",\"potentialAction\":[{\"@type\":\"ReadAction\",\"target\":[\"https:\/\/paycore.com\/tr\/kart-kisisellestirme\/\"]}]},{\"@type\":\"BreadcrumbList\",\"@id\":\"https:\/\/paycore.com\/tr\/kart-kisisellestirme\/#breadcrumb\",\"itemListElement\":[{\"@type\":\"ListItem\",\"position\":1,\"name\":\"Home\",\"item\":\"https:\/\/paycore.com\/tr\/\"},{\"@type\":\"ListItem\",\"position\":2,\"name\":\"Kart Ki\u015fiselle\u015ftirme\"}]},{\"@type\":\"WebSite\",\"@id\":\"https:\/\/paycore.com\/tr\/#website\",\"url\":\"https:\/\/paycore.com\/tr\/\",\"name\":\"PayCore\",\"description\":\"\",\"potentialAction\":[{\"@type\":\"SearchAction\",\"target\":{\"@type\":\"EntryPoint\",\"urlTemplate\":\"https:\/\/paycore.com\/tr\/?s={search_term_string}\"},\"query-input\":\"required name=search_term_string\"}],\"inLanguage\":\"tr\"}]}<\/script>\n<!-- \/ Yoast SEO plugin. -->","yoast_head_json":{"title":"Kart Ki\u015fiselle\u015ftirme - PayCore","robots":{"index":"index","follow":"follow","max-snippet":"max-snippet:-1","max-image-preview":"max-image-preview:large","max-video-preview":"max-video-preview:-1"},"canonical":"https:\/\/paycore.com\/tr\/kart-kisisellestirme\/","og_locale":"tr_TR","og_type":"article","og_title":"Kart Ki\u015fiselle\u015ftirme - PayCore","og_description":"[vc_row full_width=&#8221;stretch_row&#8221; kd_background_image_position=&#8221;vc_row-bg-position-top&#8221; kd_bottom_separator_style=&#8221;waves&#8221; kd_bottom_separator_height=&#8221;separator-height-large&#8221; kd_bottom_separator=&#8221;true&#8221; css=&#8221;.vc_custom_1667163221998{padding-top: 220px !important;padding-bottom: 220px !important;background-image: url(https:\/\/paycore.com\/wp-content\/uploads\/2022\/02\/cozumler-10.jpg?id=12241) !important;background-position: center !important;background-repeat: no-repeat !important;background-size: cover !important;}&#8221; el_class=&#8221;intro-section&#8221; [&hellip;]","og_url":"https:\/\/paycore.com\/tr\/kart-kisisellestirme\/","og_site_name":"PayCore","article_modified_time":"2023-01-09T07:50:25+00:00","twitter_card":"summary_large_image","twitter_misc":{"Tahmini okuma s\u00fcresi":"3 dakika"},"schema":{"@context":"https:\/\/schema.org","@graph":[{"@type":"WebPage","@id":"https:\/\/paycore.com\/tr\/kart-kisisellestirme\/","url":"https:\/\/paycore.com\/tr\/kart-kisisellestirme\/","name":"Kart Ki\u015fiselle\u015ftirme - PayCore","isPartOf":{"@id":"https:\/\/paycore.com\/tr\/#website"},"datePublished":"2021-11-26T10:17:51+00:00","dateModified":"2023-01-09T07:50:25+00:00","breadcrumb":{"@id":"https:\/\/paycore.com\/tr\/kart-kisisellestirme\/#breadcrumb"},"inLanguage":"tr","potentialAction":[{"@type":"ReadAction","target":["https:\/\/paycore.com\/tr\/kart-kisisellestirme\/"]}]},{"@type":"BreadcrumbList","@id":"https:\/\/paycore.com\/tr\/kart-kisisellestirme\/#breadcrumb","itemListElement":[{"@type":"ListItem","position":1,"name":"Home","item":"https:\/\/paycore.com\/tr\/"},{"@type":"ListItem","position":2,"name":"Kart Ki\u015fiselle\u015ftirme"}]},{"@type":"WebSite","@id":"https:\/\/paycore.com\/tr\/#website","url":"https:\/\/paycore.com\/tr\/","name":"PayCore","description":"","potentialAction":[{"@type":"SearchAction","target":{"@type":"EntryPoint","urlTemplate":"https:\/\/paycore.com\/tr\/?s={search_term_string}"},"query-input":"required name=search_term_string"}],"inLanguage":"tr"}]}},"_links":{"self":[{"href":"https:\/\/paycore.com\/tr\/wp-json\/wp\/v2\/pages\/10346"}],"collection":[{"href":"https:\/\/paycore.com\/tr\/wp-json\/wp\/v2\/pages"}],"about":[{"href":"https:\/\/paycore.com\/tr\/wp-json\/wp\/v2\/types\/page"}],"author":[{"embeddable":true,"href":"https:\/\/paycore.com\/tr\/wp-json\/wp\/v2\/users\/1"}],"replies":[{"embeddable":true,"href":"https:\/\/paycore.com\/tr\/wp-json\/wp\/v2\/comments?post=10346"}],"version-history":[{"count":6,"href":"https:\/\/paycore.com\/tr\/wp-json\/wp\/v2\/pages\/10346\/revisions"}],"predecessor-version":[{"id":15387,"href":"https:\/\/paycore.com\/tr\/wp-json\/wp\/v2\/pages\/10346\/revisions\/15387"}],"wp:attachment":[{"href":"https:\/\/paycore.com\/tr\/wp-json\/wp\/v2\/media?parent=10346"}],"curies":[{"name":"wp","href":"https:\/\/api.w.org\/{rel}","templated":true}]}}