{"id":10338,"date":"2021-11-26T13:11:14","date_gmt":"2021-11-26T10:11:14","guid":{"rendered":"http:\/\/paycore.com\/?page_id=10338"},"modified":"2022-12-19T11:16:45","modified_gmt":"2022-12-19T08:16:45","slug":"guvenli-mobil-odeme-platformu","status":"publish","type":"page","link":"https:\/\/paycore.com\/tr\/guvenli-mobil-odeme-platformu\/","title":{"rendered":"G\u00fcvenli Mobil \u00d6deme Platformu"},"content":{"rendered":"<p>[vc_row full_width=&#8221;stretch_row&#8221; kd_background_image_position=&#8221;vc_row-bg-position-top&#8221; kd_bottom_separator_style=&#8221;waves&#8221; kd_bottom_separator_height=&#8221;separator-height-large&#8221; kd_bottom_separator=&#8221;true&#8221; css=&#8221;.vc_custom_1666746137013{padding-top: 220px !important;padding-bottom: 220px !important;background-image: url(https:\/\/paycore.com\/wp-content\/uploads\/2022\/02\/cozumler-devam-04-1.jpg?id=12286) !important;background-position: center !important;background-repeat: no-repeat !important;background-size: cover !important;}&#8221; el_class=&#8221;intro-section&#8221; css_mobile=&#8221;.vc_custom_1666746137014{padding-top: 50px !important;padding-bottom: -20px !important;}&#8221; css_tablet_portrait=&#8221;.vc_custom_1666746137014{margin-top: -60px !important;padding-top: 200px !important;padding-bottom: 250px !important;}&#8221;][vc_column][vc_row_inner kd_background_image_position=&#8221;vc_row-bg-position-top&#8221;][vc_column_inner]<header class=\"kd-section-title col-lg-12 text-center  subtitle-below-title kd-animated fadeIn  \" data-animation-delay=200><h1 class=\"separator_off\" style=\"color: #ffffff;font-size: 52px;line-height: 68px;margin-bottom:30px;\">G\u00fcvenli Mobil \u00d6deme Platformu<\/h1><h6 class=\"subtitle\" style=\"color: rgba(255,255,255,0.8);\">Yaz\u0131l\u0131m ve donan\u0131m yeteneklerimizi birle\u015ftirerek hayata ge\u00e7irdi\u011fimiz yeni nesil \u00f6deme platformu PayCore Dijital Ortak (PayCore DO) ile sat\u0131\u015f, sadakat, kampanya ve elektronik belge y\u00f6netimi gibi t\u00fcm uygulamalar\u0131 tek bir \u00e7at\u0131 alt\u0131nda toplayarak u\u00e7tan uca, Chip &amp; Pin\u2019li ve g\u00fcvenli bir mobil \u00f6deme deneyimi sunuyoruz.<\/h6><\/header><div class=\"scroll-down-wrapper sd-align-center kd-animated fadeInUp  vc_custom_1606153287439\" data-animation-delay=200><a href=\"#first-section\" class=\"scroll-down-arrow btn-smooth-scroll\" style=\"background-color: #ffffff;\"><\/a><\/div>[\/vc_column_inner][\/vc_row_inner][\/vc_column][\/vc_row][vc_row full_width=&#8221;stretch_row&#8221; kd_background_image_position=&#8221;vc_row-bg-position-top&#8221; css_tablet_portrait=&#8221;.vc_custom_1636016783410{padding-top: 100px !important;}&#8221; css_mobile=&#8221;.vc_custom_1636016783411{padding-top: 100px !important;}&#8221; el_id=&#8221;first-section&#8221; css=&#8221;.vc_custom_1636016783409{padding-top: 70px !important;}&#8221;][vc_column][vc_row_inner content_placement=&#8221;middle&#8221; kd_background_image_position=&#8221;vc_row-bg-position-top&#8221;][vc_column_inner css=&#8221;.vc_custom_1636016923403{padding-right: 80px !important;padding-left: 0px !important;}&#8221; offset=&#8221;vc_col-lg-offset-0 vc_col-lg-6 vc_col-md-offset-1 vc_col-sm-offset-1&#8243; css_tablet_landscape=&#8221;.vc_custom_1636016923403{margin-bottom: 80px !important;padding-right: 60px !important;padding-left: 0px !important;}&#8221; css_tablet_portrait=&#8221;.vc_custom_1636016923404{margin-bottom: 80px !important;padding-right: 30px !important;padding-left: 30px !important;}&#8221; css_mobile=&#8221;.vc_custom_1636016923405{margin-bottom: 80px !important;padding-right: 15px !important;padding-left: 15px !important;}&#8221;]<header class=\"kd-section-title col-lg-12 text-left  subtitle-below-title kd-animated fadeIn   vc_custom_1662364009776\" data-animation-delay=200><h2 class=\"separator_off\" style=\"margin-bottom:30px;\">Neden PayCore G\u00fcvenli Mobil \u00d6deme Platformu<\/h2><h6 class=\"subtitle\" >Yeni nesil \u00f6deme se\u00e7eneklerini reyonda\/istasyonda\/masada sunan g\u00fcvenli mobil \u00f6deme platformu \u201cPayCore Dijital Ortak\u201d\u0131 (PayCore DO), sat\u0131\u015f, sadakat ve kampanya gibi t\u00fcm uygulamalar\u0131 tek bir \u00e7at\u0131 alt\u0131nda toplayarak u\u00e7tan uca ve g\u00fcvenli bir \u00f6deme deneyimi sa\u011fl\u0131yor. Platform sayesinde, al\u0131\u015fveri\u015f an\u0131nda sat\u0131\u015f, \u00f6deme ve elektronik mali belge olu\u015fturma ad\u0131mlar\u0131 birbiri ile entegre olarak tek bir mobil cihaz \u00fczerinden g\u00fcvenli \u015fekilde ger\u00e7ekle\u015fiyor. M\u00fc\u015fterilerimizin tercihlerine ve i\u015f modellerine g\u00f6re Soft POS veya Android POS \u00fczerinden \u00e7al\u0131\u015fabilen bu teknoloji sayesinde mobil \u00f6deme i\u015flemi chip&amp;pin\u2019li olarak ger\u00e7ekle\u015fiyor.<\/p>\n<p>\u201cPayCore DO\u201d ile finans kurulu\u015flar\u0131, perakende, akaryak\u0131t, HoReCa sekt\u00f6rlerine \u00f6zel u\u00e7tan uca \u00e7\u00f6z\u00fcm ve \u00fcr\u00fcnlerimiz ile i\u015f birliklerimizi daha da h\u0131zland\u0131rd\u0131k.<\/p>\n<p>Perakende sekt\u00f6r\u00fcnde uzun kasa kuyruklar\u0131na son vererek \u00f6demeyi kasa noktalar\u0131ndan reyonlara ta\u015f\u0131yabilirken,<br \/>\nAkaryak\u0131t istasyonlar\u0131na plaka ve tutar bilgisini ekran\u0131na otomatik olarak aktaran sistemler ile hatal\u0131 giri\u015fler engelleniyor ve i\u015flemler h\u0131zlan\u0131yor; plaka, tarih, sat\u0131\u015f, miktar, \u00f6deme t\u00fcr\u00fc bazl\u0131 raporlar al\u0131nabiliyor. Horeca sekt\u00f6r\u00fcnde ise yazar kasa cihaz\u0131 alma, bak\u0131m ve yenileme masraf\u0131ndan kurtuluyorsunuz.<\/p>\n<p>PayCore DO platformu kapsam\u0131nda sundu\u011fumuz SoftPOS ve Android POS\u2019un hafif kullan\u0131m\u0131 ile kap\u0131dan kap\u0131ya, paket servisi hizmetinde de rahat\u00e7a kullan\u0131labilecek, m\u00fc\u015fterilerinizin yeni nesil \u00f6deme ihtiya\u00e7lar\u0131na cevap verebileceksiniz.<br \/>\nSahada s\u0131cak ya da so\u011fuk sat\u0131\u015f yapan distrib\u00fct\u00f6r veya bayi a\u011f\u0131 arac\u0131l\u0131\u011f\u0131 ile \u00fcr\u00fcnlerini sahaya ula\u015ft\u0131ran \u015firketlere, B2B s\u00fcre\u00e7lerine uygun, ERP programlar\u0131yla haberle\u015febilen ve t\u00fcm i\u015f istasyonlar\u0131n\u0131 ihtiya\u00e7lar\u0131n\u0131za g\u00f6re Android POS veya SoftPOS ile tek cihaz \u00fczerinden \u00e7ok kanall\u0131 bir \u015fekilde y\u00f6netebilecekleri bir platform sunuyoruz.<\/h6><\/header>[vc_wp_text]<span style=\"color: #445781;\"><strong>Detayl\u0131 bilgi veya size en uygun <a style=\"color: #445781;\" href=\"https:\/\/paycore.com\/tr\/odeme-donanim-urunleri\/odeme-terminalleri\/#1466436253637-662f8fd5-98e7b227-c89d19aa-701bdcdf-a04d8dfa-2451\"><span style=\"color: #2154c2;\">Android POS*<\/span><\/a> veya <a style=\"color: #445781;\" href=\"https:\/\/paycore.com\/tr\/temel-odeme-cozumleri\/dijital-odeme-kabul\/#1466436253637-662f8fd5-98e7b227-c89d19aa-701bdcdf-a04d8dfa-2451\"><span style=\"color: #2154c2;\">SoftPOS<\/span> <\/a>odakl\u0131 platfom \u00e7\u00f6z\u00fcm\u00fc i\u00e7in bize hemen ula\u015f\u0131n!<\/strong><\/span>[\/vc_wp_text][\/vc_column_inner][vc_column_inner offset=&#8221;vc_col-lg-6&#8243;][vc_single_image image=&#8221;11881&#8243; img_size=&#8221;full&#8221;][vc_empty_space][\/vc_column_inner][vc_column_inner offset=&#8221;vc_col-lg-1&#8243;][\/vc_column_inner][vc_column_inner width=&#8221;1\/12&#8243;][\/vc_column_inner][\/vc_row_inner][vc_row_inner kd_background_image_position=&#8221;vc_row-bg-position-top&#8221;][vc_column_inner width=&#8221;1\/12&#8243; offset=&#8221;vc_col-xs-4&#8243;][vc_empty_space height=&#8221;10px&#8221;][vc_raw_html]JTNDYSUyMGhyZWYlM0QlMjJodHRwcyUzQSUyRiUyRnBheWNvcmUuY29tJTJGd3AtY29udGVudCUyRnVwbG9hZHMlMkYyMDIyJTJGMDYlMkZQYXlDb3JlLVByb2Nlc3NpbmctU2VydmljZXNfR2VuZWwtSXNzdWluZy12ZS1BY3F1aXJpbmdfMTcwMTIyX3Y0LmRvY3gtaWNpbmRlLVN1bnUucGRmJTIyJTIwdGFyZ2V0JTNEJTIyX2JsYW5rJTIyJTNFJTBBJTBBJTNDc2NyaXB0JTIwc3JjJTNEJTIyaHR0cHMlM0ElMkYlMkZ1bnBrZy5jb20lMkYlNDBsb3R0aWVmaWxlcyUyRmxvdHRpZS1wbGF5ZXIlNDBsYXRlc3QlMkZkaXN0JTJGbG90dGllLXBsYXllci5qcyUyMiUzRSUzQyUyRnNjcmlwdCUzRSUwQSUzQ2xvdHRpZS1wbGF5ZXIlMjBzcmMlM0QlMjJodHRwcyUzQSUyRiUyRmFzc2V0czQubG90dGllZmlsZXMuY29tJTJGcGFja2FnZXMlMkZsZjIwX24waGgzNWE4Lmpzb24lMjIlMjAlMjBiYWNrZ3JvdW5kJTNEJTIydHJhbnNwYXJlbnQlMjIlMjAlMjBzcGVlZCUzRCUyMjElMjIlMjAlMjBzdHlsZSUzRCUyMndpZHRoJTNBJTIwNzBweCUzQiUyMGhlaWdodCUzQSUyMDcwcHglM0IlMjBtYXJnaW4tdG9wJTNBMTBweCUzQiUyMiUyMCUyMGxvb3AlMjAlMjBhdXRvcGxheSUzRSUzQyUyRmxvdHRpZS1wbGF5ZXIlM0U=[\/vc_raw_html][vc_column_text]<\/p>\n<p style=\"text-align: left; font-size: 11px; margin-top: 10px;\"><span style=\"color: #000080;\"><strong>DOWNLOAD<\/strong><\/span><\/p>\n<p>[\/vc_column_text][\/vc_column_inner][vc_column_inner width=&#8221;1\/12&#8243; offset=&#8221;vc_col-xs-4&#8243;][vc_raw_html]JTNDYSUyMGhyZWYlM0QlMjJodHRwcyUzQSUyRiUyRnlvdXR1LmJlJTJGMWs0OUpHamowT1ElMjIlMjB0YXJnZXQlM0QlMjJfYmxhbmslMjIlM0UlMEElMEElM0NzY3JpcHQlMjBzcmMlM0QlMjJodHRwcyUzQSUyRiUyRnVucGtnLmNvbSUyRiU0MGxvdHRpZWZpbGVzJTJGbG90dGllLXBsYXllciU0MGxhdGVzdCUyRmRpc3QlMkZsb3R0aWUtcGxheWVyLmpzJTIyJTNFJTNDJTJGc2NyaXB0JTNFJTBBJTNDbG90dGllLXBsYXllciUyMHNyYyUzRCUyMmh0dHBzJTNBJTJGJTJGYXNzZXRzMi5sb3R0aWVmaWxlcy5jb20lMkZwYWNrYWdlcyUyRmxmMjBfdTBrdmMxbWkuanNvbiUyMiUyMCUyMGJhY2tncm91bmQlM0QlMjJ0cmFuc3BhcmVudCUyMiUyMCUyMHNwZWVkJTNEJTIyMSUyMiUyMCUyMHN0eWxlJTNEJTIyd2lkdGglM0ElMjAxMDBweCUzQiUyMGhlaWdodCUzQSUyMDEwMHB4JTNCJTIyJTIwJTIwbG9vcCUyMCUyMGF1dG9wbGF5JTNFJTNDJTJGbG90dGllLXBsYXllciUzRQ==[\/vc_raw_html][vc_column_text css=&#8221;.vc_custom_1643699265177{padding-left: 31px !important;}&#8221;]<\/p>\n<p style=\"text-align: left; font-size: 11px;\"><span style=\"color: #000080;\"><strong>PLAY<\/strong><\/span><\/p>\n<p>[\/vc_column_text][\/vc_column_inner][vc_column_inner width=&#8221;1\/6&#8243; offset=&#8221;vc_col-xs-4&#8243;][vc_raw_html]JTNDYSUyMGhyZWYlM0QlMjJodHRwcyUzQSUyRiUyRnlvdXR1LmJlJTJGRUU3LUZCMF9DQ3clMjIlMjB0YXJnZXQlM0QlMjJfYmxhbmslMjIlM0UlMEElMEElM0NzY3JpcHQlMjBzcmMlM0QlMjJodHRwcyUzQSUyRiUyRnVucGtnLmNvbSUyRiU0MGxvdHRpZWZpbGVzJTJGbG90dGllLXBsYXllciU0MGxhdGVzdCUyRmRpc3QlMkZsb3R0aWUtcGxheWVyLmpzJTIyJTNFJTNDJTJGc2NyaXB0JTNFJTBBJTNDbG90dGllLXBsYXllciUyMHNyYyUzRCUyMmh0dHBzJTNBJTJGJTJGYXNzZXRzMi5sb3R0aWVmaWxlcy5jb20lMkZwYWNrYWdlcyUyRmxmMjBfdTBrdmMxbWkuanNvbiUyMiUyMCUyMGJhY2tncm91bmQlM0QlMjJ0cmFuc3BhcmVudCUyMiUyMCUyMHNwZWVkJTNEJTIyMSUyMiUyMCUyMHN0eWxlJTNEJTIyd2lkdGglM0ElMjAxMDBweCUzQiUyMGhlaWdodCUzQSUyMDEwMHB4JTNCJTIyJTIwJTIwbG9vcCUyMCUyMGF1dG9wbGF5JTNFJTNDJTJGbG90dGllLXBsYXllciUzRQ==[\/vc_raw_html][vc_column_text css=&#8221;.vc_custom_1658233654305{padding-left: 35px !important;}&#8221;]<\/p>\n<p style=\"text-align: left; font-size: 11px;\"><span style=\"color: #000080;\"><strong>PLAY<\/strong><\/span><\/p>\n<p>[\/vc_column_text][\/vc_column_inner][vc_column_inner width=&#8221;1\/6&#8243; offset=&#8221;vc_hidden-xs&#8221;][\/vc_column_inner][vc_column_inner width=&#8221;1\/6&#8243; offset=&#8221;vc_hidden-xs&#8221;][\/vc_column_inner][\/vc_row_inner][\/vc_column][\/vc_row][vc_row full_width=&#8221;stretch_row&#8221; kd_background_image_position=&#8221;vc_row-bg-position-top&#8221; css=&#8221;.vc_custom_1623939018418{padding-top: 50px !important;padding-bottom: 150px !important;}&#8221; css_tablet_landscape=&#8221;.vc_custom_1623939018418{padding-bottom: 250px !important;}&#8221; css_tablet_portrait=&#8221;.vc_custom_1623939018418{padding-top: 100px !important;padding-bottom: 140px !important;}&#8221; css_mobile=&#8221;.vc_custom_1623939018418{padding-top: 100px !important;padding-bottom: 100px !important;}&#8221;][vc_column offset=&#8221;vc_hidden-md vc_hidden-sm vc_hidden-xs&#8221;][vc_row_inner kd_background_image_position=&#8221;vc_row-bg-position-top&#8221;][vc_column_inner css=&#8221;.vc_custom_1653055157100{margin-bottom: -150px !important;}&#8221;]<div data-speed=\"3000\" class=\"kd-text-rotator kd-rotatorid-69f1900413343 text-center \"><h2 class=\"kd-text-rotator-container slide\" style=\" font-size: 42px;\">\u0130leti\u015fime Ge\u00e7in! <span class=\"kd-rotator-wrapper\"><\/span><\/h2><\/div><header class=\"kd-section-title col-lg-12 text-center  subtitle-below-title kd-animated fadeIn   vc_custom_1646114834083\" data-animation-delay=200><h6 class=\"subtitle\" >Deneyimli ekibimiz ile t\u00fcm sorular\u0131n\u0131z i\u00e7in haz\u0131r\u0131z. Bizimle ileti\u015fim ge\u00e7in!<\/h6><\/header><a  href=\"https:\/\/paycore.com\/tr\/bize-ulasin\/\"  target=\"_self\"  title=\"\" class=\"tt_button tt_primary_button btn_primary_color  button-center button-action-link\" ><span class=\"prim_text\">\u0130leti\u015fime Ge\u00e7<\/span><\/a>[\/vc_column_inner][\/vc_row_inner][\/vc_column][\/vc_row][vc_row full_width=&#8221;stretch_row&#8221; kd_background_image_position=&#8221;vc_row-bg-position-top&#8221; css=&#8221;.vc_custom_1623939018418{padding-top: 50px !important;padding-bottom: 150px !important;}&#8221; css_tablet_landscape=&#8221;.vc_custom_1623939018418{padding-bottom: 250px !important;}&#8221; css_tablet_portrait=&#8221;.vc_custom_1623939018418{padding-top: 100px !important;padding-bottom: 140px !important;}&#8221; css_mobile=&#8221;.vc_custom_1623939018418{padding-top: 100px !important;padding-bottom: 100px !important;}&#8221;][vc_column offset=&#8221;vc_hidden-lg&#8221;][vc_row_inner kd_background_image_position=&#8221;vc_row-bg-position-top&#8221;][vc_column_inner]<div data-speed=\"3000\" class=\"kd-text-rotator kd-rotatorid-69f1900413400 text-center \"><h2 class=\"kd-text-rotator-container slide\" style=\" font-size: 42px;\">\u0130leti\u015fime Ge\u00e7in! <span class=\"kd-rotator-wrapper\"><\/span><\/h2><\/div><header class=\"kd-section-title col-lg-12 text-center  subtitle-below-title kd-animated fadeIn   vc_custom_1646114834083\" data-animation-delay=200><h6 class=\"subtitle\" >Deneyimli ekibimiz ile t\u00fcm sorular\u0131n\u0131z i\u00e7in haz\u0131r\u0131z. Bizimle ileti\u015fim ge\u00e7in!<\/h6><\/header><a  href=\"#\"  target=\"_self\"  title=\"\" class=\"tt_button tt_primary_button btn_primary_color  btn-align-left button-action-link   kd-animated zoomIn modal-menu-item tt_button tt_primary_button btn_primary_color hover_solid_secondary panel-trigger-btn\" data-animation-delay=200><span class=\"prim_text\">\u0130leti\u015fime Ge\u00e7<\/span><\/a>[\/vc_column_inner][\/vc_row_inner][\/vc_column][\/vc_row]<\/p>\n","protected":false},"excerpt":{"rendered":"<p>[vc_row full_width=&#8221;stretch_row&#8221; kd_background_image_position=&#8221;vc_row-bg-position-top&#8221; kd_bottom_separator_style=&#8221;waves&#8221; kd_bottom_separator_height=&#8221;separator-height-large&#8221; kd_bottom_separator=&#8221;true&#8221; css=&#8221;.vc_custom_1666746137013{padding-top: 220px !important;padding-bottom: 220px !important;background-image: url(https:\/\/paycore.com\/wp-content\/uploads\/2022\/02\/cozumler-devam-04-1.jpg?id=12286) !important;background-position: center !important;background-repeat: no-repeat !important;background-size: cover !important;}&#8221; el_class=&#8221;intro-section&#8221; [&hellip;]<\/p>\n","protected":false},"author":1,"featured_media":0,"parent":0,"menu_order":0,"comment_status":"closed","ping_status":"closed","template":"","meta":[],"yoast_head":"<!-- This site is optimized with the Yoast SEO plugin v19.8 - https:\/\/yoast.com\/wordpress\/plugins\/seo\/ -->\n<title>G\u00fcvenli Mobil \u00d6deme Platformu - PayCore<\/title>\n<meta name=\"robots\" content=\"index, follow, max-snippet:-1, max-image-preview:large, max-video-preview:-1\" \/>\n<link rel=\"canonical\" href=\"https:\/\/paycore.com\/tr\/guvenli-mobil-odeme-platformu\/\" \/>\n<meta property=\"og:locale\" content=\"tr_TR\" \/>\n<meta property=\"og:type\" content=\"article\" \/>\n<meta property=\"og:title\" content=\"G\u00fcvenli Mobil \u00d6deme Platformu - PayCore\" \/>\n<meta property=\"og:description\" content=\"[vc_row full_width=&#8221;stretch_row&#8221; kd_background_image_position=&#8221;vc_row-bg-position-top&#8221; kd_bottom_separator_style=&#8221;waves&#8221; kd_bottom_separator_height=&#8221;separator-height-large&#8221; kd_bottom_separator=&#8221;true&#8221; css=&#8221;.vc_custom_1666746137013{padding-top: 220px !important;padding-bottom: 220px !important;background-image: url(https:\/\/paycore.com\/wp-content\/uploads\/2022\/02\/cozumler-devam-04-1.jpg?id=12286) !important;background-position: center !important;background-repeat: no-repeat !important;background-size: cover !important;}&#8221; el_class=&#8221;intro-section&#8221; [&hellip;]\" \/>\n<meta property=\"og:url\" content=\"https:\/\/paycore.com\/tr\/guvenli-mobil-odeme-platformu\/\" \/>\n<meta property=\"og:site_name\" content=\"PayCore\" \/>\n<meta property=\"article:modified_time\" content=\"2022-12-19T08:16:45+00:00\" \/>\n<meta name=\"twitter:card\" content=\"summary_large_image\" \/>\n<meta name=\"twitter:label1\" content=\"Tahmini okuma s\u00fcresi\" \/>\n\t<meta name=\"twitter:data1\" content=\"3 dakika\" \/>\n<script type=\"application\/ld+json\" class=\"yoast-schema-graph\">{\"@context\":\"https:\/\/schema.org\",\"@graph\":[{\"@type\":\"WebPage\",\"@id\":\"https:\/\/paycore.com\/tr\/guvenli-mobil-odeme-platformu\/\",\"url\":\"https:\/\/paycore.com\/tr\/guvenli-mobil-odeme-platformu\/\",\"name\":\"G\u00fcvenli Mobil \u00d6deme Platformu - PayCore\",\"isPartOf\":{\"@id\":\"https:\/\/paycore.com\/tr\/#website\"},\"datePublished\":\"2021-11-26T10:11:14+00:00\",\"dateModified\":\"2022-12-19T08:16:45+00:00\",\"breadcrumb\":{\"@id\":\"https:\/\/paycore.com\/tr\/guvenli-mobil-odeme-platformu\/#breadcrumb\"},\"inLanguage\":\"tr\",\"potentialAction\":[{\"@type\":\"ReadAction\",\"target\":[\"https:\/\/paycore.com\/tr\/guvenli-mobil-odeme-platformu\/\"]}]},{\"@type\":\"BreadcrumbList\",\"@id\":\"https:\/\/paycore.com\/tr\/guvenli-mobil-odeme-platformu\/#breadcrumb\",\"itemListElement\":[{\"@type\":\"ListItem\",\"position\":1,\"name\":\"Home\",\"item\":\"https:\/\/paycore.com\/tr\/\"},{\"@type\":\"ListItem\",\"position\":2,\"name\":\"G\u00fcvenli Mobil \u00d6deme Platformu\"}]},{\"@type\":\"WebSite\",\"@id\":\"https:\/\/paycore.com\/tr\/#website\",\"url\":\"https:\/\/paycore.com\/tr\/\",\"name\":\"PayCore\",\"description\":\"\",\"potentialAction\":[{\"@type\":\"SearchAction\",\"target\":{\"@type\":\"EntryPoint\",\"urlTemplate\":\"https:\/\/paycore.com\/tr\/?s={search_term_string}\"},\"query-input\":\"required name=search_term_string\"}],\"inLanguage\":\"tr\"}]}<\/script>\n<!-- \/ Yoast SEO plugin. -->","yoast_head_json":{"title":"G\u00fcvenli Mobil \u00d6deme Platformu - PayCore","robots":{"index":"index","follow":"follow","max-snippet":"max-snippet:-1","max-image-preview":"max-image-preview:large","max-video-preview":"max-video-preview:-1"},"canonical":"https:\/\/paycore.com\/tr\/guvenli-mobil-odeme-platformu\/","og_locale":"tr_TR","og_type":"article","og_title":"G\u00fcvenli Mobil \u00d6deme Platformu - PayCore","og_description":"[vc_row full_width=&#8221;stretch_row&#8221; kd_background_image_position=&#8221;vc_row-bg-position-top&#8221; kd_bottom_separator_style=&#8221;waves&#8221; kd_bottom_separator_height=&#8221;separator-height-large&#8221; kd_bottom_separator=&#8221;true&#8221; css=&#8221;.vc_custom_1666746137013{padding-top: 220px !important;padding-bottom: 220px !important;background-image: url(https:\/\/paycore.com\/wp-content\/uploads\/2022\/02\/cozumler-devam-04-1.jpg?id=12286) !important;background-position: center !important;background-repeat: no-repeat !important;background-size: cover !important;}&#8221; el_class=&#8221;intro-section&#8221; [&hellip;]","og_url":"https:\/\/paycore.com\/tr\/guvenli-mobil-odeme-platformu\/","og_site_name":"PayCore","article_modified_time":"2022-12-19T08:16:45+00:00","twitter_card":"summary_large_image","twitter_misc":{"Tahmini okuma s\u00fcresi":"3 dakika"},"schema":{"@context":"https:\/\/schema.org","@graph":[{"@type":"WebPage","@id":"https:\/\/paycore.com\/tr\/guvenli-mobil-odeme-platformu\/","url":"https:\/\/paycore.com\/tr\/guvenli-mobil-odeme-platformu\/","name":"G\u00fcvenli Mobil \u00d6deme Platformu - PayCore","isPartOf":{"@id":"https:\/\/paycore.com\/tr\/#website"},"datePublished":"2021-11-26T10:11:14+00:00","dateModified":"2022-12-19T08:16:45+00:00","breadcrumb":{"@id":"https:\/\/paycore.com\/tr\/guvenli-mobil-odeme-platformu\/#breadcrumb"},"inLanguage":"tr","potentialAction":[{"@type":"ReadAction","target":["https:\/\/paycore.com\/tr\/guvenli-mobil-odeme-platformu\/"]}]},{"@type":"BreadcrumbList","@id":"https:\/\/paycore.com\/tr\/guvenli-mobil-odeme-platformu\/#breadcrumb","itemListElement":[{"@type":"ListItem","position":1,"name":"Home","item":"https:\/\/paycore.com\/tr\/"},{"@type":"ListItem","position":2,"name":"G\u00fcvenli Mobil \u00d6deme Platformu"}]},{"@type":"WebSite","@id":"https:\/\/paycore.com\/tr\/#website","url":"https:\/\/paycore.com\/tr\/","name":"PayCore","description":"","potentialAction":[{"@type":"SearchAction","target":{"@type":"EntryPoint","urlTemplate":"https:\/\/paycore.com\/tr\/?s={search_term_string}"},"query-input":"required name=search_term_string"}],"inLanguage":"tr"}]}},"_links":{"self":[{"href":"https:\/\/paycore.com\/tr\/wp-json\/wp\/v2\/pages\/10338"}],"collection":[{"href":"https:\/\/paycore.com\/tr\/wp-json\/wp\/v2\/pages"}],"about":[{"href":"https:\/\/paycore.com\/tr\/wp-json\/wp\/v2\/types\/page"}],"author":[{"embeddable":true,"href":"https:\/\/paycore.com\/tr\/wp-json\/wp\/v2\/users\/1"}],"replies":[{"embeddable":true,"href":"https:\/\/paycore.com\/tr\/wp-json\/wp\/v2\/comments?post=10338"}],"version-history":[{"count":8,"href":"https:\/\/paycore.com\/tr\/wp-json\/wp\/v2\/pages\/10338\/revisions"}],"predecessor-version":[{"id":15164,"href":"https:\/\/paycore.com\/tr\/wp-json\/wp\/v2\/pages\/10338\/revisions\/15164"}],"wp:attachment":[{"href":"https:\/\/paycore.com\/tr\/wp-json\/wp\/v2\/media?parent=10338"}],"curies":[{"name":"wp","href":"https:\/\/api.w.org\/{rel}","templated":true}]}}