{"id":10323,"date":"2021-11-26T12:54:28","date_gmt":"2021-11-26T09:54:28","guid":{"rendered":"http:\/\/paycore.com\/?page_id=10323"},"modified":"2023-07-02T22:27:40","modified_gmt":"2023-07-02T19:27:40","slug":"acquiring-hizmetleri","status":"publish","type":"page","link":"https:\/\/paycore.com\/tr\/acquiring-hizmetleri\/","title":{"rendered":"Acquiring"},"content":{"rendered":"<p>[vc_row full_width=&#8221;stretch_row&#8221; kd_background_image_position=&#8221;vc_row-bg-position-top&#8221; kd_bottom_separator_style=&#8221;waves&#8221; kd_bottom_separator_height=&#8221;separator-height-large&#8221; kd_bottom_separator=&#8221;true&#8221; css=&#8221;.vc_custom_1665737747968{padding-top: 220px !important;padding-bottom: 220px !important;background-image: url(https:\/\/paycore.com\/wp-content\/uploads\/2022\/05\/cozumler-02-1.jpg?id=13736) !important;background-position: center !important;background-repeat: no-repeat !important;background-size: cover !important;}&#8221; el_class=&#8221;intro-section&#8221; css_mobile=&#8221;.vc_custom_1665737747969{padding-top: 50px !important;padding-bottom: -20px !important;}&#8221; css_tablet_portrait=&#8221;.vc_custom_1665737747969{margin-top: -60px !important;padding-top: 200px !important;padding-bottom: 250px !important;}&#8221;][vc_column][vc_row_inner kd_background_image_position=&#8221;vc_row-bg-position-top&#8221;][vc_column_inner]<header class=\"kd-section-title col-lg-12 text-center  subtitle-below-title kd-animated fadeIn  \" data-animation-delay=200><h1 class=\"separator_off\" style=\"color: #ffffff;font-size: 52px;line-height: 68px;margin-bottom:30px;\">Acquiring<\/h1><h6 class=\"subtitle\" style=\"color: rgba(255,255,255,0.8);\">PayCore, 20 y\u0131l\u0131 a\u015fk\u0131n tecr\u00fcbesi ile \u00f6deme sistemleri kart kabul\u00fc alan\u0131nda (acquiring) d\u0131\u015f hizmet kullan\u0131m ihtiyac\u0131 duyan kurumlar\u0131n capex ve opex giderlerinden tasarruf etmesini sa\u011flayan, g\u00fcvenilir ve uzun s\u00fcreli \u00e7\u00f6z\u00fcm orta\u011f\u0131d\u0131r. Siz, ana faaliyetlerinize odaklan\u0131rken, kart kabul alan\u0131ndaki teknik ve operasyonel t\u00fcm s\u00fcre\u00e7leriniz PayCore uzmanl\u0131\u011f\u0131nca y\u00f6netilir.<\/h6><\/header><div class=\"scroll-down-wrapper sd-align-center kd-animated fadeInUp  vc_custom_1606153287439\" data-animation-delay=200><a href=\"#first-section\" class=\"scroll-down-arrow btn-smooth-scroll\" style=\"background-color: #ffffff;\"><\/a><\/div>[\/vc_column_inner][\/vc_row_inner][\/vc_column][\/vc_row][vc_row full_width=&#8221;stretch_row&#8221; kd_background_image_position=&#8221;vc_row-bg-position-top&#8221; css_tablet_portrait=&#8221;.vc_custom_1636016783410{padding-top: 100px !important;}&#8221; css_mobile=&#8221;.vc_custom_1636016783411{padding-top: 100px !important;}&#8221; el_id=&#8221;first-section&#8221; css=&#8221;.vc_custom_1636016783409{padding-top: 70px !important;}&#8221;][vc_column][vc_row_inner content_placement=&#8221;middle&#8221; kd_background_image_position=&#8221;vc_row-bg-position-top&#8221;][vc_column_inner css=&#8221;.vc_custom_1636016923403{padding-right: 80px !important;padding-left: 0px !important;}&#8221; offset=&#8221;vc_col-lg-offset-0 vc_col-lg-6 vc_col-md-offset-1 vc_col-sm-offset-1&#8243; css_tablet_landscape=&#8221;.vc_custom_1636016923403{margin-bottom: 80px !important;padding-right: 60px !important;padding-left: 0px !important;}&#8221; css_tablet_portrait=&#8221;.vc_custom_1636016923404{margin-bottom: 80px !important;padding-right: 30px !important;padding-left: 30px !important;}&#8221; css_mobile=&#8221;.vc_custom_1636016923405{margin-bottom: 80px !important;padding-right: 15px !important;padding-left: 15px !important;}&#8221;]<header class=\"kd-section-title col-lg-12 text-left  subtitle-below-title kd-animated fadeIn   vc_custom_1673731393695\" data-animation-delay=200><h2 class=\"separator_off\" style=\"margin-bottom:30px;\">Neden PayCore Acquiring Processing Hizmetleri?<\/h2><\/header>[vc_column_text]<\/p>\n<ul>\n<li>Avrupa, Orta Do\u011fu ve Afrika b\u00f6lgelerinde her \u00f6l\u00e7ekten bankan\u0131n, \u00f6deme sa\u011flay\u0131c\u0131n\u0131n, e-para kurulu\u015funun, kamu ve perakende sekt\u00f6rlerinin tercih etti\u011fi processing hizmetleri \u015firketi,<\/li>\n<li>\u00d6deme otoriteleri ve uluslararas\u0131 \u015femalar taraf\u0131ndan onaylanm\u0131\u015f platform ve s\u00fcre\u00e7ler (PCI DSS, GDPR, Visa, Mastercard, Yerel \u015eemalar),<\/li>\n<li>\u0130\u00e7 kaynak ile (in-house) geli\u015ftirilmi\u015f yenilik\u00e7i ve son teknoloji \u00f6deme sistemleri y\u00f6netim \u00e7\u00f6z\u00fcm\u00fc,<\/li>\n<li>2001 y\u0131l\u0131ndan bu yana geli\u015fen \u00f6deme teknolojileri bilgi birikimi ve konular\u0131nda uzman g\u00fc\u00e7l\u00fc operasyon ve proje y\u00f6netimi ekipleri,<\/li>\n<li>Uluslararas\u0131 kart \u015femalar\u0131n\u0131 ve her t\u00fcrl\u00fc \u00f6deme formunu destekleyen kapsaml\u0131 processing hizmeti yelpazesi,<\/li>\n<li>En \u00fcst d\u00fczey g\u00fcvenlik \u00f6nlemleri,<\/li>\n<li>Kapsaml\u0131 API ba\u011flant\u0131lar\u0131 ile kolay uyarlama ve entegrasyon,<\/li>\n<li>De\u011fi\u015fen pazar dinamikleri ve reg\u00fclasyonlar ile uyum,<\/li>\n<li>Operasyonel m\u00fckemmellik ve y\u00fcksek m\u00fc\u015fteri deneyimi i\u00e7in s\u00fcrekli iyile\u015ftirmeler.<\/li>\n<\/ul>\n<p>[\/vc_column_text][\/vc_column_inner][vc_column_inner offset=&#8221;vc_col-lg-6&#8243; css=&#8221;.vc_custom_1635848051509{padding-bottom: 120px !important;}&#8221;][vc_single_image image=&#8221;11869&#8243; img_size=&#8221;full&#8221;][\/vc_column_inner][\/vc_row_inner][\/vc_column][\/vc_row][vc_row disable_element=&#8221;yes&#8221; kd_background_image_position=&#8221;vc_row-bg-position-top&#8221;][vc_column][vc_column_text][fc id=&#8217;18&#8217;][\/fc][\/vc_column_text][\/vc_column][\/vc_row][vc_row full_width=&#8221;stretch_row&#8221; kd_background_image_position=&#8221;vc_row-bg-position-top&#8221;][vc_column][vc_row_inner kd_background_image_position=&#8221;vc_row-bg-position-top&#8221;][vc_column_inner]<header class=\"kd-section-title col-lg-12 text-center  subtitle-above-title kd-animated fadeIn   vc_custom_1641474217265\" data-animation-delay=200><h2 class=\"separator_off\" >Hizmetlerimiz<\/h2><\/header>[\/vc_column_inner][\/vc_row_inner][vc_tta_tabs active_section=&#8221;1&#8243;][vc_tta_section title=&#8221;7\/24 \u0130\u015fletim&amp;Monitoring&#8221; tab_id=&#8221;1466436253637-662f8fd5-98e7b227-c89d19aa-701bdcdf-a04d8dfa-2451&#8243;][vc_row_inner kd_background_image_position=&#8221;vc_row-bg-position-top&#8221; css=&#8221;.vc_custom_1600786780435{padding-top: 70px !important;padding-right: 100px !important;padding-bottom: 50px !important;padding-left: 100px !important;}&#8221; css_mobile=&#8221;.vc_custom_1600786780436{padding-right: 15px !important;padding-left: 15px !important;}&#8221;][vc_column_inner]<header class=\"kd-section-title col-lg-12 text-left  subtitle-below-title kd-animated fadeIn  \" data-animation-delay=200><h4 class=\"separator_off\" style=\"margin-bottom:30px;\">7\/24 \u0130\u015fletim&amp;Monitoring<\/h4><h6 class=\"subtitle\" style=\"color: #696969;\">Sekt\u00f6rde kabul g\u00f6rm\u00fc\u015f ara\u00e7lar ile t\u00fcm sistemlerimiz 7\/24, m\u00fc\u015fteri ve hizmet k\u0131r\u0131l\u0131m\u0131nda izlenmektedir. Bu sayede kendi alan\u0131nda uzman ve deneyimli operasyon ekiplerimiz sayesinde, t\u00fcm acil durumlarda h\u0131zl\u0131 ve \u00e7\u00f6z\u00fcm odakl\u0131 aksiyonlar alabilmenizi sa\u011fl\u0131yoruz.<\/h6><\/header>[\/vc_column_inner][\/vc_row_inner][\/vc_tta_section][vc_tta_section title=&#8221;Parametre Y\u00f6netimi ve Finansal Bak\u0131m \u0130\u015flemleri&#8221; tab_id=&#8221;1600437069601-eb87d5e8-3ab9dcdf-a04d8dfa-2451&#8243;][vc_row_inner kd_background_image_position=&#8221;vc_row-bg-position-top&#8221; css=&#8221;.vc_custom_1600786785436{padding-top: 70px !important;padding-right: 100px !important;padding-bottom: 50px !important;padding-left: 100px !important;}&#8221; css_mobile=&#8221;.vc_custom_1600786785437{padding-right: 15px !important;padding-left: 15px !important;}&#8221;][vc_column_inner]<header class=\"kd-section-title col-lg-12 text-left  subtitle-below-title kd-animated fadeIn  \" data-animation-delay=200><h4 class=\"separator_off\" style=\"margin-bottom:30px;\">Parametre Y\u00f6netimi ve Finansal Bak\u0131m \u0130\u015flemleri<\/h4><h6 class=\"subtitle\" style=\"color: #696969;\">Kendi alan\u0131nda uzman ve deneyimli ekiplerimiz, g\u00fc\u00e7l\u00fc altyap\u0131m\u0131z ile kurumlar\u0131n talepleri do\u011frultusunda kurum \u00fcye i\u015fyerlerinin i\u015flem limitleri, i\u015flem k\u0131s\u0131tlar\u0131, val\u00f6r, komisyon gibi parametrelerinin tan\u0131mlanmas\u0131, \u00fcye i\u015f yeri hesaplar\u0131na bor\u00e7 alacak kay\u0131tlar\u0131n\u0131n yap\u0131lmas\u0131 hizmetlerini sa\u011fl\u0131yoruz.<\/h6><\/header>[\/vc_column_inner][\/vc_row_inner][\/vc_tta_section][vc_tta_section title=&#8221;\u00dcye \u0130\u015fyeri Yard\u0131m Masas\u0131, POS Saha Hizmetleri&#8221; tab_id=&#8221;1600437069176-8ef1926b-fbffdcdf-a04d8dfa-2451&#8243;][vc_row_inner kd_background_image_position=&#8221;vc_row-bg-position-top&#8221; css=&#8221;.vc_custom_1600786789884{padding-top: 70px !important;padding-right: 100px !important;padding-bottom: 50px !important;padding-left: 100px !important;}&#8221; css_mobile=&#8221;.vc_custom_1600786789886{padding-right: 15px !important;padding-left: 15px !important;}&#8221;][vc_column_inner]<header class=\"kd-section-title col-lg-12 text-left  subtitle-below-title kd-animated fadeIn  \" data-animation-delay=200><h4 class=\"separator_off\" style=\"margin-bottom:30px;\">\u00dcye \u0130\u015fyeri Yard\u0131m Masas\u0131, POS Saha Hizmetleri<\/h4><h6 class=\"subtitle\" style=\"color: #696969;\">Kendi alan\u0131nda uzman ve deneyimli ekiplerimiz, g\u00fc\u00e7l\u00fc altyap\u0131m\u0131z ile \u00fcye i\u015fyerlerine 7\/24 teknik destek sa\u011flanmas\u0131, POS saha hizmetleri s\u00fcre\u00e7lerinin y\u00f6netilmesi hizmetlerini sa\u011fl\u0131yoruz.<\/h6><\/header>[\/vc_column_inner][\/vc_row_inner][\/vc_tta_section][vc_tta_section title=&#8221;Fraud Senaryo Y\u00f6netimi&#8221; tab_id=&#8221;1600437068437-26f38aef-296adcdf-a04d8dfa-2451&#8243;][vc_row_inner kd_background_image_position=&#8221;vc_row-bg-position-top&#8221; css=&#8221;.vc_custom_1600786794421{padding-top: 70px !important;padding-right: 100px !important;padding-bottom: 50px !important;padding-left: 100px !important;}&#8221; css_mobile=&#8221;.vc_custom_1600786794422{padding-right: 15px !important;padding-left: 15px !important;}&#8221;][vc_column_inner]<header class=\"kd-section-title col-lg-12 text-left  subtitle-below-title kd-animated fadeIn  \" data-animation-delay=200><h4 class=\"separator_off\" style=\"margin-bottom:30px;\">Fraud Senaryo Y\u00f6netimi<\/h4><h6 class=\"subtitle\" style=\"color: #696969;\">Kendi alan\u0131nda uzman ve deneyimli ekiplerimiz, g\u00fc\u00e7l\u00fc altyap\u0131m\u0131z ile yerel ve uluslararas\u0131 kart \u015femalar\u0131n\u0131n kurallar\u0131n\u0131 dikkate alarak kurum ile birlikte haz\u0131rlanan kural bazl\u0131 fraud senaryolar\u0131 ve aksiyon planlar\u0131n\u0131n 7\/24 i\u015fletilmesi hizmetlerini sa\u011fl\u0131yoruz.<\/h6><\/header>[\/vc_column_inner][\/vc_row_inner][\/vc_tta_section][vc_tta_section title=&#8221;Chargeback Y\u00f6netimi&#8221; tab_id=&#8221;1635430149722-135f1586-8bc4&#8243;][vc_row_inner kd_background_image_position=&#8221;vc_row-bg-position-top&#8221; css=&#8221;.vc_custom_1600786794421{padding-top: 70px !important;padding-right: 100px !important;padding-bottom: 50px !important;padding-left: 100px !important;}&#8221; css_mobile=&#8221;.vc_custom_1600786794422{padding-right: 15px !important;padding-left: 15px !important;}&#8221;][vc_column_inner]<header class=\"kd-section-title col-lg-12 text-left  subtitle-below-title kd-animated fadeIn  \" data-animation-delay=200><h4 class=\"separator_off\" style=\"margin-bottom:30px;\">Chargeback Y\u00f6netimi<\/h4><h6 class=\"subtitle\" style=\"color: #696969;\">Kendi alan\u0131nda uzman ve deneyimli ekiplerimiz, g\u00fc\u00e7l\u00fc altyap\u0131m\u0131z ile kurumlar\u0131n \u00fcye i\u015fyerlerinde yap\u0131lan harcamalara istinaden issuer bankalardan gelen harcama itirazlar\u0131na ili\u015fkin \u201cchargeback\u201d s\u00fcre\u00e7lerini s\u00fcresi i\u00e7erisinde, yerel ve uluslararas\u0131 kart \u015femalar\u0131n\u0131n kurallar\u0131na uygun olarak y\u00f6netilmesi hizmetini sa\u011fl\u0131yoruz.<\/h6><\/header>[\/vc_column_inner][\/vc_row_inner][\/vc_tta_section][vc_tta_section title=&#8221;Takas ve Mutabakat Y\u00f6netimi&#8221; tab_id=&#8221;1635430149530-d0501d04-a93b&#8221;][vc_row_inner kd_background_image_position=&#8221;vc_row-bg-position-top&#8221; css=&#8221;.vc_custom_1600786794421{padding-top: 70px !important;padding-right: 100px !important;padding-bottom: 50px !important;padding-left: 100px !important;}&#8221; css_mobile=&#8221;.vc_custom_1600786794422{padding-right: 15px !important;padding-left: 15px !important;}&#8221;][vc_column_inner]<header class=\"kd-section-title col-lg-12 text-left  subtitle-below-title kd-animated fadeIn  \" data-animation-delay=200><h4 class=\"separator_off\" style=\"margin-bottom:30px;\">Takas ve Mutabakat Y\u00f6netimi<\/h4><h6 class=\"subtitle\" style=\"color: #696969;\">Kendi alan\u0131nda uzman ve deneyimli ekiplerimiz, g\u00fc\u00e7l\u00fc altyap\u0131m\u0131z ile kurum ve \u00fcye i\u015fyerleri aras\u0131ndaki mutabakat verilerinin haz\u0131rlanmas\u0131 ve kuruma iletilmesi, uluslararas\u0131 ve yerel kart \u015femalar\u0131 ile hizmet verilen kurumlar aras\u0131ndaki takas dosyas\u0131 transferler s\u00fcre\u00e7lerinin i\u015fletilerek kontrol ve mutabakat hizmetleri verilmesi hizmetlerini sa\u011fl\u0131yoruz.<\/h6><\/header>[\/vc_column_inner][\/vc_row_inner][\/vc_tta_section][vc_tta_section title=&#8221;POS ve ATM Saha Hizmetleri Destek&#8221; tab_id=&#8221;1635430149311-28188386-e547&#8243;][vc_row_inner kd_background_image_position=&#8221;vc_row-bg-position-top&#8221; css=&#8221;.vc_custom_1600786794421{padding-top: 70px !important;padding-right: 100px !important;padding-bottom: 50px !important;padding-left: 100px !important;}&#8221; css_mobile=&#8221;.vc_custom_1600786794422{padding-right: 15px !important;padding-left: 15px !important;}&#8221;][vc_column_inner]<header class=\"kd-section-title col-lg-12 text-left  subtitle-below-title kd-animated fadeIn  \" data-animation-delay=200><h4 class=\"separator_off\" style=\"margin-bottom:30px;\">POS ve ATM Saha Hizmetleri Destek Hizmetleri<\/h4><h6 class=\"subtitle\" style=\"color: #696969;\">Kendi alan\u0131nda uzman ve deneyimli ekiplerimiz, g\u00fc\u00e7l\u00fc altyap\u0131m\u0131z ile kurumlara ATM destek ekipleri ile ATM kurulum, ATM a\u00e7\u0131l\u0131\u015f, kapan\u0131\u015f, de\u011fi\u015fiklik talebi, ATM izleme, ATM kasa mutabakat, ar\u0131za takibi, raporlama ve teknik destek saha firmalar\u0131n\u0131n y\u00f6netim hizmetlerinin 7\/24 verilmesini sa\u011fl\u0131yoruz.<\/h6><\/header>[\/vc_column_inner][\/vc_row_inner][\/vc_tta_section][\/vc_tta_tabs][vc_separator color=&#8221;custom&#8221; accent_color=&#8221;#e7e7e7&#8243;][vc_empty_space height=&#8221;62px&#8221;][\/vc_column][\/vc_row][vc_row full_width=&#8221;stretch_row&#8221; kd_background_image_position=&#8221;vc_row-bg-position-top&#8221; css=&#8221;.vc_custom_1623939018418{padding-top: 50px !important;padding-bottom: 150px !important;}&#8221; css_tablet_landscape=&#8221;.vc_custom_1623939018418{padding-bottom: 250px !important;}&#8221; css_tablet_portrait=&#8221;.vc_custom_1623939018418{padding-top: 100px !important;padding-bottom: 140px !important;}&#8221; css_mobile=&#8221;.vc_custom_1623939018418{padding-top: 100px !important;padding-bottom: 100px !important;}&#8221;][vc_column][vc_row_inner kd_background_image_position=&#8221;vc_row-bg-position-top&#8221;][vc_column_inner css=&#8221;.vc_custom_1653054294776{margin-bottom: -150px !important;}&#8221; offset=&#8221;vc_hidden-md vc_hidden-sm vc_hidden-xs&#8221;]<div data-speed=\"3000\" class=\"kd-text-rotator kd-rotatorid-69f1fbc32af5b text-center \"><h2 class=\"kd-text-rotator-container slide\" style=\" font-size: 42px;\">\u0130leti\u015fime Ge\u00e7in! <span class=\"kd-rotator-wrapper\"><span class=\"rotator-single is-visible\"><\/span><\/span><\/h2><\/div><header class=\"kd-section-title col-lg-12 text-center  subtitle-below-title kd-animated fadeIn   vc_custom_1646114495754\" data-animation-delay=200><h6 class=\"subtitle\" >Deneyimli ekibimiz ile t\u00fcm sorular\u0131n\u0131z i\u00e7in haz\u0131r\u0131z. Bizimle ileti\u015fim ge\u00e7in!<\/h6><\/header><a  href=\"https:\/\/paycore.com\/tr\/bize-ulasin\/\"  target=\"_self\"  title=\"\" class=\"tt_button tt_primary_button btn_primary_color  button-center button-action-link\" ><span class=\"prim_text\">\u0130leti\u015fime Ge\u00e7<\/span><\/a>[\/vc_column_inner][\/vc_row_inner][\/vc_column][\/vc_row][vc_row full_width=&#8221;stretch_row&#8221; kd_background_image_position=&#8221;vc_row-bg-position-top&#8221; css=&#8221;.vc_custom_1623939018418{padding-top: 50px !important;padding-bottom: 150px !important;}&#8221; css_tablet_landscape=&#8221;.vc_custom_1623939018418{padding-bottom: 250px !important;}&#8221; css_tablet_portrait=&#8221;.vc_custom_1623939018418{padding-top: 100px !important;padding-bottom: 140px !important;}&#8221; css_mobile=&#8221;.vc_custom_1623939018418{padding-top: 100px !important;padding-bottom: 100px !important;}&#8221;][vc_column offset=&#8221;vc_hidden-lg&#8221;][vc_row_inner kd_background_image_position=&#8221;vc_row-bg-position-top&#8221;][vc_column_inner]<div data-speed=\"3000\" class=\"kd-text-rotator kd-rotatorid-69f1fbc32afeb text-center \"><h2 class=\"kd-text-rotator-container slide\" style=\" font-size: 42px;\">\u0130leti\u015fime Ge\u00e7in! <span class=\"kd-rotator-wrapper\"><span class=\"rotator-single is-visible\"><\/span><\/span><\/h2><\/div><header class=\"kd-section-title col-lg-12 text-center  subtitle-below-title kd-animated fadeIn   vc_custom_1646114495754\" data-animation-delay=200><h6 class=\"subtitle\" >Deneyimli ekibimiz ile t\u00fcm sorular\u0131n\u0131z i\u00e7in haz\u0131r\u0131z. Bizimle ileti\u015fim ge\u00e7in!<\/h6><\/header><a  href=\"#\"  target=\"_self\"  title=\"\" class=\"tt_button tt_primary_button btn_primary_color  btn-align-left button-action-link   kd-animated zoomIn modal-menu-item tt_button tt_primary_button btn_primary_color hover_solid_secondary panel-trigger-btn\" data-animation-delay=200><span class=\"prim_text\">\u0130leti\u015fime Ge\u00e7<\/span><\/a>[\/vc_column_inner][\/vc_row_inner][\/vc_column][\/vc_row]<\/p>\n","protected":false},"excerpt":{"rendered":"<p>[vc_row full_width=&#8221;stretch_row&#8221; kd_background_image_position=&#8221;vc_row-bg-position-top&#8221; kd_bottom_separator_style=&#8221;waves&#8221; kd_bottom_separator_height=&#8221;separator-height-large&#8221; kd_bottom_separator=&#8221;true&#8221; css=&#8221;.vc_custom_1665737747968{padding-top: 220px !important;padding-bottom: 220px !important;background-image: url(https:\/\/paycore.com\/wp-content\/uploads\/2022\/05\/cozumler-02-1.jpg?id=13736) !important;background-position: center !important;background-repeat: no-repeat !important;background-size: cover !important;}&#8221; el_class=&#8221;intro-section&#8221; [&hellip;]<\/p>\n","protected":false},"author":1,"featured_media":0,"parent":0,"menu_order":0,"comment_status":"closed","ping_status":"closed","template":"","meta":[],"yoast_head":"<!-- This site is optimized with the Yoast SEO plugin v19.8 - https:\/\/yoast.com\/wordpress\/plugins\/seo\/ -->\n<title>Acquiring Hizmetleri - PayCore<\/title>\n<meta name=\"robots\" content=\"index, follow, max-snippet:-1, max-image-preview:large, max-video-preview:-1\" \/>\n<link rel=\"canonical\" href=\"https:\/\/paycore.com\/tr\/acquiring-hizmetleri\/\" \/>\n<meta property=\"og:locale\" content=\"tr_TR\" \/>\n<meta property=\"og:type\" content=\"article\" \/>\n<meta property=\"og:title\" content=\"Acquiring Hizmetleri - PayCore\" \/>\n<meta property=\"og:description\" content=\"[vc_row full_width=&#8221;stretch_row&#8221; kd_background_image_position=&#8221;vc_row-bg-position-top&#8221; kd_bottom_separator_style=&#8221;waves&#8221; kd_bottom_separator_height=&#8221;separator-height-large&#8221; kd_bottom_separator=&#8221;true&#8221; css=&#8221;.vc_custom_1665737747968{padding-top: 220px !important;padding-bottom: 220px !important;background-image: url(https:\/\/paycore.com\/wp-content\/uploads\/2022\/05\/cozumler-02-1.jpg?id=13736) !important;background-position: center !important;background-repeat: no-repeat !important;background-size: cover !important;}&#8221; el_class=&#8221;intro-section&#8221; [&hellip;]\" \/>\n<meta property=\"og:url\" content=\"https:\/\/paycore.com\/tr\/acquiring-hizmetleri\/\" \/>\n<meta property=\"og:site_name\" content=\"PayCore\" \/>\n<meta property=\"article:modified_time\" content=\"2023-07-02T19:27:40+00:00\" \/>\n<meta name=\"twitter:card\" content=\"summary_large_image\" \/>\n<meta name=\"twitter:label1\" content=\"Tahmini okuma s\u00fcresi\" \/>\n\t<meta name=\"twitter:data1\" content=\"5 dakika\" \/>\n<script type=\"application\/ld+json\" class=\"yoast-schema-graph\">{\"@context\":\"https:\/\/schema.org\",\"@graph\":[{\"@type\":\"WebPage\",\"@id\":\"https:\/\/paycore.com\/tr\/acquiring-hizmetleri\/\",\"url\":\"https:\/\/paycore.com\/tr\/acquiring-hizmetleri\/\",\"name\":\"Acquiring Hizmetleri - PayCore\",\"isPartOf\":{\"@id\":\"https:\/\/paycore.com\/tr\/#website\"},\"datePublished\":\"2021-11-26T09:54:28+00:00\",\"dateModified\":\"2023-07-02T19:27:40+00:00\",\"breadcrumb\":{\"@id\":\"https:\/\/paycore.com\/tr\/acquiring-hizmetleri\/#breadcrumb\"},\"inLanguage\":\"tr\",\"potentialAction\":[{\"@type\":\"ReadAction\",\"target\":[\"https:\/\/paycore.com\/tr\/acquiring-hizmetleri\/\"]}]},{\"@type\":\"BreadcrumbList\",\"@id\":\"https:\/\/paycore.com\/tr\/acquiring-hizmetleri\/#breadcrumb\",\"itemListElement\":[{\"@type\":\"ListItem\",\"position\":1,\"name\":\"Home\",\"item\":\"https:\/\/paycore.com\/tr\/\"},{\"@type\":\"ListItem\",\"position\":2,\"name\":\"Acquiring\"}]},{\"@type\":\"WebSite\",\"@id\":\"https:\/\/paycore.com\/tr\/#website\",\"url\":\"https:\/\/paycore.com\/tr\/\",\"name\":\"PayCore\",\"description\":\"\",\"potentialAction\":[{\"@type\":\"SearchAction\",\"target\":{\"@type\":\"EntryPoint\",\"urlTemplate\":\"https:\/\/paycore.com\/tr\/?s={search_term_string}\"},\"query-input\":\"required name=search_term_string\"}],\"inLanguage\":\"tr\"}]}<\/script>\n<!-- \/ Yoast SEO plugin. -->","yoast_head_json":{"title":"Acquiring Hizmetleri - PayCore","robots":{"index":"index","follow":"follow","max-snippet":"max-snippet:-1","max-image-preview":"max-image-preview:large","max-video-preview":"max-video-preview:-1"},"canonical":"https:\/\/paycore.com\/tr\/acquiring-hizmetleri\/","og_locale":"tr_TR","og_type":"article","og_title":"Acquiring Hizmetleri - PayCore","og_description":"[vc_row full_width=&#8221;stretch_row&#8221; kd_background_image_position=&#8221;vc_row-bg-position-top&#8221; kd_bottom_separator_style=&#8221;waves&#8221; kd_bottom_separator_height=&#8221;separator-height-large&#8221; kd_bottom_separator=&#8221;true&#8221; css=&#8221;.vc_custom_1665737747968{padding-top: 220px !important;padding-bottom: 220px !important;background-image: url(https:\/\/paycore.com\/wp-content\/uploads\/2022\/05\/cozumler-02-1.jpg?id=13736) !important;background-position: center !important;background-repeat: no-repeat !important;background-size: cover !important;}&#8221; el_class=&#8221;intro-section&#8221; [&hellip;]","og_url":"https:\/\/paycore.com\/tr\/acquiring-hizmetleri\/","og_site_name":"PayCore","article_modified_time":"2023-07-02T19:27:40+00:00","twitter_card":"summary_large_image","twitter_misc":{"Tahmini okuma s\u00fcresi":"5 dakika"},"schema":{"@context":"https:\/\/schema.org","@graph":[{"@type":"WebPage","@id":"https:\/\/paycore.com\/tr\/acquiring-hizmetleri\/","url":"https:\/\/paycore.com\/tr\/acquiring-hizmetleri\/","name":"Acquiring Hizmetleri - PayCore","isPartOf":{"@id":"https:\/\/paycore.com\/tr\/#website"},"datePublished":"2021-11-26T09:54:28+00:00","dateModified":"2023-07-02T19:27:40+00:00","breadcrumb":{"@id":"https:\/\/paycore.com\/tr\/acquiring-hizmetleri\/#breadcrumb"},"inLanguage":"tr","potentialAction":[{"@type":"ReadAction","target":["https:\/\/paycore.com\/tr\/acquiring-hizmetleri\/"]}]},{"@type":"BreadcrumbList","@id":"https:\/\/paycore.com\/tr\/acquiring-hizmetleri\/#breadcrumb","itemListElement":[{"@type":"ListItem","position":1,"name":"Home","item":"https:\/\/paycore.com\/tr\/"},{"@type":"ListItem","position":2,"name":"Acquiring"}]},{"@type":"WebSite","@id":"https:\/\/paycore.com\/tr\/#website","url":"https:\/\/paycore.com\/tr\/","name":"PayCore","description":"","potentialAction":[{"@type":"SearchAction","target":{"@type":"EntryPoint","urlTemplate":"https:\/\/paycore.com\/tr\/?s={search_term_string}"},"query-input":"required name=search_term_string"}],"inLanguage":"tr"}]}},"_links":{"self":[{"href":"https:\/\/paycore.com\/tr\/wp-json\/wp\/v2\/pages\/10323"}],"collection":[{"href":"https:\/\/paycore.com\/tr\/wp-json\/wp\/v2\/pages"}],"about":[{"href":"https:\/\/paycore.com\/tr\/wp-json\/wp\/v2\/types\/page"}],"author":[{"embeddable":true,"href":"https:\/\/paycore.com\/tr\/wp-json\/wp\/v2\/users\/1"}],"replies":[{"embeddable":true,"href":"https:\/\/paycore.com\/tr\/wp-json\/wp\/v2\/comments?post=10323"}],"version-history":[{"count":4,"href":"https:\/\/paycore.com\/tr\/wp-json\/wp\/v2\/pages\/10323\/revisions"}],"predecessor-version":[{"id":15462,"href":"https:\/\/paycore.com\/tr\/wp-json\/wp\/v2\/pages\/10323\/revisions\/15462"}],"wp:attachment":[{"href":"https:\/\/paycore.com\/tr\/wp-json\/wp\/v2\/media?parent=10323"}],"curies":[{"name":"wp","href":"https:\/\/api.w.org\/{rel}","templated":true}]}}